{"id":674,"date":"2025-07-23T11:56:35","date_gmt":"2025-07-23T11:56:35","guid":{"rendered":"https:\/\/hope-day.org\/?page_id=674"},"modified":"2026-01-12T13:03:34","modified_gmt":"2026-01-12T13:03:34","slug":"termes-and-condition","status":"publish","type":"page","link":"https:\/\/hope-day.org\/en\/termes-and-condition\/","title":{"rendered":"Conditions d&rsquo;utilisation"},"content":{"rendered":"<h2 class=\"wp-block-heading has-regular-font-size\"><strong>Derni\u00e8re mise \u00e0 jour<\/strong> : 12 janvier 2026<\/h2>\n\n\n\n<p>Cette Politique de Confidentialit\u00e9 d\u00e9crit nos politiques et proc\u00e9dures relatives \u00e0 la collecte, \u00e0 l\u2019utilisation et \u00e0 la divulgation de vos informations lorsque vous utilisez notre Service et vous informe de vos droits en mati\u00e8re de protection de la vie priv\u00e9e ainsi que de la mani\u00e8re dont la loi vous prot\u00e8ge.<\/p>\n\n\n\n<p>Nous utilisons vos donn\u00e9es personnelles pour fournir et am\u00e9liorer le Service. En utilisant le Service, vous acceptez la collecte et l\u2019utilisation des informations conform\u00e9ment \u00e0 la pr\u00e9sente Politique de Confidentialit\u00e9.<\/p>\n\n\n\n<h2 class=\"wp-block-heading\"><strong>Interpr\u00e9tation et D\u00e9finitions<\/strong><\/h2>\n\n\n\n<h3 class=\"wp-block-heading\">Interpr\u00e9tation<\/h3>\n\n\n\n<p>Les mots dont la premi\u00e8re lettre est en majuscule ont une signification d\u00e9finie dans les conditions suivantes. Les d\u00e9finitions suivantes ont la m\u00eame signification qu\u2019elles apparaissent au singulier ou au pluriel.<\/p>\n\n\n\n<h3 class=\"wp-block-heading\">D\u00e9finitions<\/h3>\n\n\n\n<p>Aux fins de la pr\u00e9sente Politique de Confidentialit\u00e9 :<\/p>\n\n\n\n<p><strong>Compte<\/strong> d\u00e9signe un compte unique cr\u00e9\u00e9 pour vous permettre d\u2019acc\u00e9der \u00e0 notre Service ou \u00e0 certaines parties de celui-ci.<\/p>\n\n\n\n<p><strong>Soci\u00e9t\u00e9<\/strong> (d\u00e9sign\u00e9e par \u00ab la Soci\u00e9t\u00e9 \u00bb, \u00ab Nous \u00bb, \u00ab Notre \u00bb ou \u00ab Nos \u00bb) fait r\u00e9f\u00e9rence \u00e0 <strong>Hope Day Organization<\/strong>.<\/p>\n\n\n\n<p><strong>Cookies<\/strong> d\u00e9signent de petits fichiers plac\u00e9s sur votre ordinateur, appareil mobile ou tout autre appareil par un site web.<\/p>\n\n\n\n<p><strong>Pays<\/strong> fait r\u00e9f\u00e9rence \u00e0 : <strong>Cameroon<\/strong>.<\/p>\n\n\n\n<p><strong>Appareil<\/strong> d\u00e9signe tout appareil permettant d\u2019acc\u00e9der au Service, tel qu\u2019un ordinateur, un t\u00e9l\u00e9phone portable ou une tablette num\u00e9rique.<\/p>\n\n\n\n<p><strong>Donn\u00e9es personnelles<\/strong> d\u00e9signent toute information se rapportant \u00e0 une personne identifi\u00e9e ou identifiable.<\/p>\n\n\n\n<p><strong>Service<\/strong> fait r\u00e9f\u00e9rence au site web.<\/p>\n\n\n\n<p><strong>Prestataire de services<\/strong> d\u00e9signe toute personne physique ou morale qui traite les donn\u00e9es pour le compte de la Soci\u00e9t\u00e9.<\/p>\n\n\n\n<p><strong>Donn\u00e9es d\u2019utilisation<\/strong> d\u00e9signent les donn\u00e9es collect\u00e9es automatiquement lors de l\u2019utilisation du Service.<\/p>\n\n\n\n<p><strong>Site web<\/strong> fait r\u00e9f\u00e9rence \u00e0 Hope Day Organization, accessible depuis <strong><a href=\"https:\/\/hope-day.org\/en\/\">www.hope-day.org<\/a><\/strong>.<\/p>\n\n\n\n<p><strong>Vous<\/strong> d\u00e9signe l\u2019utilisateur du Service.<\/p>\n\n\n\n<h2 class=\"wp-block-heading\"><strong>Acceptation<\/strong><\/h2>\n\n\n\n<p>Les pr\u00e9sentes Conditions G\u00e9n\u00e9rales r\u00e9gissent l\u2019utilisation de ce Service et constituent l\u2019accord entre Vous et la Soci\u00e9t\u00e9. Elles d\u00e9finissent les droits et obligations de tous les utilisateurs concernant l\u2019utilisation du Service.<\/p>\n\n\n\n<p>Votre acc\u00e8s et votre utilisation du Service sont conditionn\u00e9s par votre acceptation et votre respect des pr\u00e9sentes Conditions G\u00e9n\u00e9rales. Ces Conditions s\u2019appliquent \u00e0 tous les visiteurs, utilisateurs et autres personnes qui acc\u00e8dent au Service ou l\u2019utilisent.<\/p>\n\n\n\n<p>En acc\u00e9dant au Service ou en l\u2019utilisant, vous acceptez d\u2019\u00eatre li\u00e9 par ces Conditions G\u00e9n\u00e9rales. Si vous n\u2019acceptez pas une partie quelconque de ces Conditions, vous ne pouvez pas acc\u00e9der au Service.<\/p>\n\n\n\n<p>Vous d\u00e9clarez avoir plus de 18 ans. La Soci\u00e9t\u00e9 n\u2019autorise pas les personnes de moins de 18 ans \u00e0 utiliser le Service.<\/p>\n\n\n\n<p>Votre acc\u00e8s et votre utilisation du Service sont \u00e9galement conditionn\u00e9s par votre acceptation et votre respect de la Politique de Confidentialit\u00e9 de la Soci\u00e9t\u00e9. Notre Politique de Confidentialit\u00e9 d\u00e9crit nos politiques et proc\u00e9dures concernant la collecte, l\u2019utilisation et la divulgation de vos informations personnelles lorsque vous utilisez l\u2019Application ou le Site web, et vous informe de vos droits en mati\u00e8re de confidentialit\u00e9 ainsi que de la mani\u00e8re dont la loi vous prot\u00e8ge. Veuillez lire attentivement notre Politique de Confidentialit\u00e9 avant d\u2019utiliser notre Service.<\/p>\n\n\n\n<p><strong>Liens vers d\u2019autres sites web<\/strong><br>Notre Service peut contenir des liens vers des sites web ou services tiers qui ne sont pas d\u00e9tenus ou contr\u00f4l\u00e9s par la Soci\u00e9t\u00e9.<\/p>\n\n\n\n<p>La Soci\u00e9t\u00e9 n\u2019a aucun contr\u00f4le sur, et n\u2019assume aucune responsabilit\u00e9 quant au contenu, aux politiques de confidentialit\u00e9 ou aux pratiques de ces sites web ou services tiers. Vous reconnaissez et acceptez en outre que la Soci\u00e9t\u00e9 ne sera pas responsable, directement ou indirectement, de tout dommage ou perte caus\u00e9 ou pr\u00e9tendument caus\u00e9 en relation avec l\u2019utilisation ou la confiance accord\u00e9e \u00e0 tout contenu, bien ou service disponible sur ou via ces sites web ou services tiers.<\/p>\n\n\n\n<p>Nous vous recommandons vivement de lire les conditions g\u00e9n\u00e9rales et les politiques de confidentialit\u00e9 de tous les sites web ou services tiers que vous visitez.<\/p>\n\n\n\n<p><strong>R\u00e9siliation<\/strong><br>Nous pouvons r\u00e9silier ou suspendre votre acc\u00e8s imm\u00e9diatement, sans pr\u00e9avis ni responsabilit\u00e9, pour quelque raison que ce soit, y compris, sans s\u2019y limiter, si vous violez ces Conditions g\u00e9n\u00e9rales.<\/p>\n\n\n\n<p>Lors de la r\u00e9siliation, votre droit d\u2019utiliser le Service prendra fin imm\u00e9diatement.<\/p>\n\n\n\n<p><strong>Limitation de responsabilit\u00e9<\/strong><br>Nonobstant tout dommage que vous pourriez subir, la responsabilit\u00e9 totale de la Soci\u00e9t\u00e9 et de l\u2019un de ses fournisseurs en vertu de toute disposition de ces Conditions, et votre recours exclusif pour tout ce qui pr\u00e9c\u00e8de, sera limit\u00e9e au montant r\u00e9ellement pay\u00e9 par vous via le Service.<\/p>\n\n\n\n<p>Dans toute la mesure permise par la loi applicable, en aucun cas la Soci\u00e9t\u00e9 ou ses fournisseurs ne pourront \u00eatre tenus responsables de tout dommage particulier, accessoire, indirect ou cons\u00e9cutif (y compris, mais sans s\u2019y limiter, les dommages pour perte de profits, perte de donn\u00e9es ou d\u2019autres informations, interruption d\u2019activit\u00e9, blessures corporelles, atteinte \u00e0 la vie priv\u00e9e d\u00e9coulant de ou en relation avec l\u2019utilisation ou l\u2019incapacit\u00e9 d\u2019utiliser le Service, les logiciels tiers et\/ou le mat\u00e9riel tiers utilis\u00e9s avec le Service, ou autrement en lien avec toute disposition de ces Conditions), m\u00eame si la Soci\u00e9t\u00e9 ou l\u2019un de ses fournisseurs a \u00e9t\u00e9 inform\u00e9 de la possibilit\u00e9 de tels dommages et m\u00eame si le recours \u00e9choue dans son but essentiel.<\/p>\n\n\n\n<p>.<strong>Clause de non-responsabilit\u00e9 \u00ab\u202fTEL QUEL\u202f\u00bb et \u00ab\u202fSELON DISPONIBILIT\u00c9\u202f\u00bb<\/strong><br>Le Service vous est fourni \u00ab\u202fTEL QUEL\u202f\u00bb et \u00ab\u202fSELON DISPONIBILIT\u00c9\u202f\u00bb, avec tous ses d\u00e9fauts et imperfections, sans aucune garantie de quelque nature que ce soit. Dans la mesure maximale permise par la loi applicable, la Soci\u00e9t\u00e9, en son nom propre et au nom de ses Affili\u00e9s ainsi que de leurs conc\u00e9dants de licence et prestataires de services respectifs, d\u00e9cline express\u00e9ment toutes garanties, qu\u2019elles soient expresses, implicites, l\u00e9gales ou autres, concernant le Service, y compris toutes garanties implicites de qualit\u00e9 marchande, d\u2019ad\u00e9quation \u00e0 un usage particulier, de propri\u00e9t\u00e9 et de non-contrefa\u00e7on, ainsi que les garanties pouvant d\u00e9couler des usages commerciaux, de la pratique ou de la performance.<\/p>\n\n\n\n<p>Sans limiter ce qui pr\u00e9c\u00e8de, la Soci\u00e9t\u00e9 ne fournit aucune garantie ou engagement et ne fait aucune d\u00e9claration quant au fait que le Service r\u00e9pondra \u00e0 vos exigences, atteindra les r\u00e9sultats escompt\u00e9s, sera compatible ou fonctionnera avec un autre logiciel, application, syst\u00e8me ou service, fonctionnera sans interruption, respectera des standards de performance ou de fiabilit\u00e9, sera exempt d\u2019erreurs ou que toute erreur ou d\u00e9faut pourra ou sera corrig\u00e9.<\/p>\n\n\n\n<p>Sans limiter ce qui pr\u00e9c\u00e8de, ni la Soci\u00e9t\u00e9 ni aucun de ses prestataires ne fait de d\u00e9claration ou de garantie de quelque nature que ce soit, expresse ou implicite\u202f:<br>(i) quant au fonctionnement ou \u00e0 la disponibilit\u00e9 du Service, ou aux informations, contenus, mat\u00e9riels ou produits inclus\u202f;<br>(ii) que le Service sera ininterrompu ou exempt d\u2019erreurs\u202f;<br>(iii) quant \u00e0 l\u2019exactitude, la fiabilit\u00e9 ou l\u2019actualit\u00e9 des informations ou contenus fournis via le Service\u202f; ou<br>(iv) que le Service, ses serveurs, le contenu ou les e-mails envoy\u00e9s de la Soci\u00e9t\u00e9 ou en son nom sont exempts de virus, scripts, chevaux de Troie, vers, logiciels malveillants, bombes logiques ou autres composants nuisibles.<\/p>\n\n\n\n<p>Certaines juridictions n\u2019autorisent pas l\u2019exclusion de certains types de garanties ou les limitations des droits l\u00e9gaux d\u2019un consommateur, donc certaines ou toutes les exclusions et limitations ci-dessus peuvent ne pas s\u2019appliquer \u00e0 vous. Dans ce cas, les exclusions et limitations pr\u00e9vues dans cette section seront appliqu\u00e9es dans la plus large mesure autoris\u00e9e par la loi applicable.<\/p>\n\n\n\n<p><strong>Loi applicable<\/strong><br>Les lois du pays, \u00e0 l\u2019exclusion de ses r\u00e8gles de conflit de lois, r\u00e9giront ces Conditions et votre utilisation du Service. Votre utilisation de l\u2019Application peut \u00e9galement \u00eatre soumise \u00e0 d\u2019autres lois locales, \u00e9tatiques, nationales ou internationales.<\/p>\n\n\n\n<p><strong>R\u00e9solution des litiges<\/strong><br>Si vous avez une pr\u00e9occupation ou un litige concernant le Service, vous acceptez de tenter d\u2019abord de r\u00e9soudre le litige \u00e0 l\u2019amiable en contactant la Soci\u00e9t\u00e9, puis par m\u00e9diation via la CAM-CCIMA.<\/p>\n\n\n\n<p><strong>Divisibilit\u00e9 et renonciation<\/strong><\/p>\n\n\n\n<p><strong>Divisibilit\u00e9<\/strong><br>Si une disposition de ces Conditions est jug\u00e9e inex\u00e9cutable ou invalide, cette disposition sera modifi\u00e9e et interpr\u00e9t\u00e9e de mani\u00e8re \u00e0 atteindre les objectifs de cette disposition dans la plus large mesure permise par la loi applicable, et les autres dispositions continueront \u00e0 s\u2019appliquer pleinement.<\/p>\n\n\n\n<p><strong>Renonciation<\/strong><br>Sauf disposition contraire dans les pr\u00e9sentes, le fait de ne pas exercer un droit ou de ne pas exiger l\u2019ex\u00e9cution d\u2019une obligation en vertu de ces Conditions n\u2019affectera pas la capacit\u00e9 d\u2019une partie \u00e0 exercer ce droit ou \u00e0 exiger cette ex\u00e9cution ult\u00e9rieurement, et la renonciation \u00e0 une violation ne constituera pas une renonciation \u00e0 toute violation ult\u00e9rieure.<\/p>\n\n\n\n<p><strong>Traduction et interpr\u00e9tation<\/strong><br>Ces Conditions peuvent avoir \u00e9t\u00e9 traduites si nous les avons mises \u00e0 votre disposition sur notre Service.<br>Vous acceptez que le texte original en anglais pr\u00e9vaille en cas de litige.<\/p>\n\n\n\n<p><strong>Modifications de ces Conditions<\/strong><br>Nous nous r\u00e9servons le droit, \u00e0 notre seule discr\u00e9tion, de modifier ou de remplacer ces Conditions \u00e0 tout moment. Si une r\u00e9vision est substantielle, nous ferons des efforts raisonnables pour fournir un pr\u00e9avis d\u2019au moins 30 jours avant l\u2019entr\u00e9e en vigueur des nouvelles conditions. Ce qui constitue une modification substantielle sera d\u00e9termin\u00e9 \u00e0 notre seule discr\u00e9tion.<\/p>\n\n\n\n<p>En continuant d\u2019acc\u00e9der ou d\u2019utiliser notre Service apr\u00e8s l\u2019entr\u00e9e en vigueur de ces r\u00e9visions, vous acceptez d\u2019\u00eatre li\u00e9 par les conditions r\u00e9vis\u00e9es. Si vous n\u2019acceptez pas les nouvelles conditions, en tout ou en partie, veuillez cesser d\u2019utiliser le site web et le Service.<\/p>\n\n\n\n<p><strong>Contact Us<\/strong><br>Si vous avez des questions concernant ces Conditions, vous pouvez nous contacter\u202f:<\/p>\n\n\n\n<p>Par e-mail : <strong><a>contact@hope-day.org<\/a><\/strong><\/p>","protected":false},"excerpt":{"rendered":"<p>Derni\u00e8re mise \u00e0 jour : 12 janvier 2026 Cette Politique de Confidentialit\u00e9 d\u00e9crit nos politiques et proc\u00e9dures relatives \u00e0 la collecte, \u00e0 l\u2019utilisation et \u00e0 la divulgation de vos informations lorsque vous utilisez notre Service et vous informe de vos droits en mati\u00e8re de protection de la vie priv\u00e9e ainsi que de la mani\u00e8re dont la loi vous prot\u00e8ge. Nous [&hellip;]<\/p>","protected":false},"author":2,"featured_media":0,"parent":0,"menu_order":0,"comment_status":"closed","ping_status":"closed","template":"","meta":{"footnotes":""},"class_list":["post-674","page","type-page","status-publish","hentry"],"yoast_head":"<!-- This site is optimized with the Yoast SEO plugin v26.8 - https:\/\/yoast.com\/product\/yoast-seo-wordpress\/ -->\n<title>Conditions d&#039;utilisation - Hope Day Cameroon Organization<\/title>\n<meta name=\"robots\" content=\"index, follow, max-snippet:-1, max-image-preview:large, max-video-preview:-1\" \/>\n<link rel=\"canonical\" href=\"https:\/\/hope-day.org\/en\/termes-and-condition\/\" \/>\n<meta property=\"og:locale\" content=\"en_GB\" \/>\n<meta property=\"og:type\" content=\"article\" \/>\n<meta property=\"og:title\" content=\"Conditions d&#039;utilisation - Hope Day Cameroon Organization\" \/>\n<meta property=\"og:description\" content=\"Derni\u00e8re mise \u00e0 jour : 12 janvier 2026 Cette Politique de Confidentialit\u00e9 d\u00e9crit nos politiques et proc\u00e9dures relatives \u00e0 la collecte, \u00e0 l\u2019utilisation et \u00e0 la divulgation de vos informations lorsque vous utilisez notre Service et vous informe de vos droits en mati\u00e8re de protection de la vie priv\u00e9e ainsi que de la mani\u00e8re dont la loi vous prot\u00e8ge. Nous [&hellip;]\" \/>\n<meta property=\"og:url\" content=\"https:\/\/hope-day.org\/en\/termes-and-condition\/\" \/>\n<meta property=\"og:site_name\" content=\"Hope Day Cameroon Organization\" \/>\n<meta property=\"article:modified_time\" content=\"2026-01-12T13:03:34+00:00\" \/>\n<meta name=\"twitter:card\" content=\"summary_large_image\" \/>\n<meta name=\"twitter:label1\" content=\"Estimated reading time\" \/>\n\t<meta name=\"twitter:data1\" content=\"8 minutes\" \/>\n<script type=\"application\/ld+json\" class=\"yoast-schema-graph\">{\"@context\":\"https:\/\/schema.org\",\"@graph\":[{\"@type\":\"WebPage\",\"@id\":\"https:\/\/hope-day.org\/termes-and-condition\/\",\"url\":\"https:\/\/hope-day.org\/termes-and-condition\/\",\"name\":\"Conditions d'utilisation - Hope Day Cameroon Organization\",\"isPartOf\":{\"@id\":\"https:\/\/hope-day.org\/#website\"},\"datePublished\":\"2025-07-23T11:56:35+00:00\",\"dateModified\":\"2026-01-12T13:03:34+00:00\",\"breadcrumb\":{\"@id\":\"https:\/\/hope-day.org\/termes-and-condition\/#breadcrumb\"},\"inLanguage\":\"en-GB\",\"potentialAction\":[{\"@type\":\"ReadAction\",\"target\":[\"https:\/\/hope-day.org\/termes-and-condition\/\"]}]},{\"@type\":\"BreadcrumbList\",\"@id\":\"https:\/\/hope-day.org\/termes-and-condition\/#breadcrumb\",\"itemListElement\":[{\"@type\":\"ListItem\",\"position\":1,\"name\":\"Home\",\"item\":\"https:\/\/hope-day.org\/\"},{\"@type\":\"ListItem\",\"position\":2,\"name\":\"Conditions d&rsquo;utilisation\"}]},{\"@type\":\"WebSite\",\"@id\":\"https:\/\/hope-day.org\/#website\",\"url\":\"https:\/\/hope-day.org\/\",\"name\":\"Hope Day Cameroon Organization\",\"description\":\"Association pour la protection et le droit de l&#039;enfant au Caemeroun\",\"publisher\":{\"@id\":\"https:\/\/hope-day.org\/#organization\"},\"potentialAction\":[{\"@type\":\"SearchAction\",\"target\":{\"@type\":\"EntryPoint\",\"urlTemplate\":\"https:\/\/hope-day.org\/?s={search_term_string}\"},\"query-input\":{\"@type\":\"PropertyValueSpecification\",\"valueRequired\":true,\"valueName\":\"search_term_string\"}}],\"inLanguage\":\"en-GB\"},{\"@type\":\"Organization\",\"@id\":\"https:\/\/hope-day.org\/#organization\",\"name\":\"Hope Day Cameroon Organization\",\"url\":\"https:\/\/hope-day.org\/\",\"logo\":{\"@type\":\"ImageObject\",\"inLanguage\":\"en-GB\",\"@id\":\"https:\/\/hope-day.org\/#\/schema\/logo\/image\/\",\"url\":\"https:\/\/hope-day.org\/wp-content\/uploads\/2025\/04\/cropped-cropped-logo-bleu.png\",\"contentUrl\":\"https:\/\/hope-day.org\/wp-content\/uploads\/2025\/04\/cropped-cropped-logo-bleu.png\",\"width\":4007,\"height\":1401,\"caption\":\"Hope Day Cameroon Organization\"},\"image\":{\"@id\":\"https:\/\/hope-day.org\/#\/schema\/logo\/image\/\"}}]}<\/script>\n<!-- \/ Yoast SEO plugin. -->","yoast_head_json":{"title":"Conditions d'utilisation - Hope Day Cameroon Organization","robots":{"index":"index","follow":"follow","max-snippet":"max-snippet:-1","max-image-preview":"max-image-preview:large","max-video-preview":"max-video-preview:-1"},"canonical":"https:\/\/hope-day.org\/en\/termes-and-condition\/","og_locale":"en_GB","og_type":"article","og_title":"Conditions d'utilisation - Hope Day Cameroon Organization","og_description":"Derni\u00e8re mise \u00e0 jour : 12 janvier 2026 Cette Politique de Confidentialit\u00e9 d\u00e9crit nos politiques et proc\u00e9dures relatives \u00e0 la collecte, \u00e0 l\u2019utilisation et \u00e0 la divulgation de vos informations lorsque vous utilisez notre Service et vous informe de vos droits en mati\u00e8re de protection de la vie priv\u00e9e ainsi que de la mani\u00e8re dont la loi vous prot\u00e8ge. Nous [&hellip;]","og_url":"https:\/\/hope-day.org\/en\/termes-and-condition\/","og_site_name":"Hope Day Cameroon Organization","article_modified_time":"2026-01-12T13:03:34+00:00","twitter_card":"summary_large_image","twitter_misc":{"Estimated reading time":"8 minutes"},"schema":{"@context":"https:\/\/schema.org","@graph":[{"@type":"WebPage","@id":"https:\/\/hope-day.org\/termes-and-condition\/","url":"https:\/\/hope-day.org\/termes-and-condition\/","name":"Conditions d'utilisation - Hope Day Cameroon Organization","isPartOf":{"@id":"https:\/\/hope-day.org\/#website"},"datePublished":"2025-07-23T11:56:35+00:00","dateModified":"2026-01-12T13:03:34+00:00","breadcrumb":{"@id":"https:\/\/hope-day.org\/termes-and-condition\/#breadcrumb"},"inLanguage":"en-GB","potentialAction":[{"@type":"ReadAction","target":["https:\/\/hope-day.org\/termes-and-condition\/"]}]},{"@type":"BreadcrumbList","@id":"https:\/\/hope-day.org\/termes-and-condition\/#breadcrumb","itemListElement":[{"@type":"ListItem","position":1,"name":"Home","item":"https:\/\/hope-day.org\/"},{"@type":"ListItem","position":2,"name":"Conditions d&rsquo;utilisation"}]},{"@type":"WebSite","@id":"https:\/\/hope-day.org\/#website","url":"https:\/\/hope-day.org\/","name":"Hope Day Cameroon Organization","description":"Association pour la protection et le droit de l&#039;enfant au Caemeroun","publisher":{"@id":"https:\/\/hope-day.org\/#organization"},"potentialAction":[{"@type":"SearchAction","target":{"@type":"EntryPoint","urlTemplate":"https:\/\/hope-day.org\/?s={search_term_string}"},"query-input":{"@type":"PropertyValueSpecification","valueRequired":true,"valueName":"search_term_string"}}],"inLanguage":"en-GB"},{"@type":"Organization","@id":"https:\/\/hope-day.org\/#organization","name":"Hope Day Cameroon Organization","url":"https:\/\/hope-day.org\/","logo":{"@type":"ImageObject","inLanguage":"en-GB","@id":"https:\/\/hope-day.org\/#\/schema\/logo\/image\/","url":"https:\/\/hope-day.org\/wp-content\/uploads\/2025\/04\/cropped-cropped-logo-bleu.png","contentUrl":"https:\/\/hope-day.org\/wp-content\/uploads\/2025\/04\/cropped-cropped-logo-bleu.png","width":4007,"height":1401,"caption":"Hope Day Cameroon Organization"},"image":{"@id":"https:\/\/hope-day.org\/#\/schema\/logo\/image\/"}}]}},"_links":{"self":[{"href":"https:\/\/hope-day.org\/en\/wp-json\/wp\/v2\/pages\/674","targetHints":{"allow":["GET"]}}],"collection":[{"href":"https:\/\/hope-day.org\/en\/wp-json\/wp\/v2\/pages"}],"about":[{"href":"https:\/\/hope-day.org\/en\/wp-json\/wp\/v2\/types\/page"}],"author":[{"embeddable":true,"href":"https:\/\/hope-day.org\/en\/wp-json\/wp\/v2\/users\/2"}],"replies":[{"embeddable":true,"href":"https:\/\/hope-day.org\/en\/wp-json\/wp\/v2\/comments?post=674"}],"version-history":[{"count":4,"href":"https:\/\/hope-day.org\/en\/wp-json\/wp\/v2\/pages\/674\/revisions"}],"predecessor-version":[{"id":1626,"href":"https:\/\/hope-day.org\/en\/wp-json\/wp\/v2\/pages\/674\/revisions\/1626"}],"wp:attachment":[{"href":"https:\/\/hope-day.org\/en\/wp-json\/wp\/v2\/media?parent=674"}],"curies":[{"name":"wp","href":"https:\/\/api.w.org\/{rel}","templated":true}]}}