{"id":48,"date":"2025-04-03T12:16:24","date_gmt":"2025-04-03T12:16:24","guid":{"rendered":"https:\/\/hope-day.org\/?page_id=48"},"modified":"2026-01-26T15:39:23","modified_gmt":"2026-01-26T15:39:23","slug":"faire-un-don","status":"publish","type":"page","link":"https:\/\/hope-day.org\/en\/faire-un-don\/","title":{"rendered":"Donate"},"content":{"rendered":"<div data-elementor-type=\"wp-page\" data-elementor-id=\"48\" class=\"elementor elementor-48\" data-elementor-post-type=\"page\">\n\t\t\t\t<div class=\"elementor-element elementor-element-74823b5 e-con-full e-flex e-con e-parent\" data-id=\"74823b5\" data-element_type=\"container\" data-settings=\"{&quot;background_background&quot;:&quot;classic&quot;}\">\n\t\t\t\t<div class=\"elementor-element elementor-element-94288e0 elementor-widget elementor-widget-heading\" data-id=\"94288e0\" data-element_type=\"widget\" data-widget_type=\"heading.default\">\n\t\t\t\t<div class=\"elementor-widget-container\">\n\t\t\t\t\t<h1 class=\"elementor-heading-title elementor-size-default\">Donate <\/h1>\t\t\t\t<\/div>\n\t\t\t\t<\/div>\n\t\t\t\t<\/div>\n\t\t<div class=\"elementor-element elementor-element-c6c3fd1 e-flex e-con-boxed e-con e-parent\" data-id=\"c6c3fd1\" data-element_type=\"container\" data-settings=\"{&quot;background_background&quot;:&quot;classic&quot;}\">\n\t\t\t\t\t<div class=\"e-con-inner\">\n\t\t\t\t<div class=\"elementor-element elementor-element-2eba15a elementor-widget elementor-widget-spacer\" data-id=\"2eba15a\" data-element_type=\"widget\" data-widget_type=\"spacer.default\">\n\t\t\t\t<div class=\"elementor-widget-container\">\n\t\t\t\t\t\t\t<div class=\"elementor-spacer\">\n\t\t\t<div class=\"elementor-spacer-inner\"><\/div>\n\t\t<\/div>\n\t\t\t\t\t\t<\/div>\n\t\t\t\t<\/div>\n\t\t\t\t<div class=\"elementor-element elementor-element-3c31c5a elementor-widget elementor-widget-heading\" data-id=\"3c31c5a\" data-element_type=\"widget\" data-widget_type=\"heading.default\">\n\t\t\t\t<div class=\"elementor-widget-container\">\n\t\t\t\t\t<h2 class=\"elementor-heading-title elementor-size-default\">Your Generosity Changes Lives!<\/h2>\t\t\t\t<\/div>\n\t\t\t\t<\/div>\n\t\t\t\t<div class=\"elementor-element elementor-element-364ebe4 elementor-widget elementor-widget-text-editor\" data-id=\"364ebe4\" data-element_type=\"widget\" data-widget_type=\"text-editor.default\">\n\t\t\t\t<div class=\"elementor-widget-container\">\n\t\t\t\t\t\t\t\t\t<p>Every donation is an opportunity for a child to return to school, regain hope, and build a better future. By supporting Hope Day Cameroon, you directly contribute to the education, protection, and well-being of children from underprivileged backgrounds.<\/p>\t\t\t\t\t\t\t\t<\/div>\n\t\t\t\t<\/div>\n\t\t\t\t\t<\/div>\n\t\t\t\t<\/div>\n\t\t<div class=\"elementor-element elementor-element-5c33441 e-flex e-con-boxed e-con e-parent\" data-id=\"5c33441\" data-element_type=\"container\">\n\t\t\t\t\t<div class=\"e-con-inner\">\n\t\t<div class=\"elementor-element elementor-element-6bfae71 e-con-full e-flex e-con e-child\" data-id=\"6bfae71\" data-element_type=\"container\">\n\t\t\t\t<div class=\"elementor-element elementor-element-95eca54 elementor-widget-mobile__width-inherit elementor-widget elementor-widget-image\" data-id=\"95eca54\" data-element_type=\"widget\" data-widget_type=\"image.default\">\n\t\t\t\t<div class=\"elementor-widget-container\">\n\t\t\t\t\t\t\t\t\t\t\t\t\t\t\t<img fetchpriority=\"high\" decoding=\"async\" width=\"720\" height=\"912\" src=\"https:\/\/hope-day.org\/wp-content\/uploads\/2026\/01\/HOPE-DAY-CAMEROON-49-808x1024.jpg\" class=\"attachment-large size-large wp-image-1519\" alt=\"\" srcset=\"https:\/\/hope-day.org\/wp-content\/uploads\/2026\/01\/HOPE-DAY-CAMEROON-49-808x1024.jpg 808w, https:\/\/hope-day.org\/wp-content\/uploads\/2026\/01\/HOPE-DAY-CAMEROON-49-237x300.jpg 237w, https:\/\/hope-day.org\/wp-content\/uploads\/2026\/01\/HOPE-DAY-CAMEROON-49-768x973.jpg 768w, https:\/\/hope-day.org\/wp-content\/uploads\/2026\/01\/HOPE-DAY-CAMEROON-49-1212x1536.jpg 1212w, https:\/\/hope-day.org\/wp-content\/uploads\/2026\/01\/HOPE-DAY-CAMEROON-49-1616x2048.jpg 1616w, https:\/\/hope-day.org\/wp-content\/uploads\/2026\/01\/HOPE-DAY-CAMEROON-49-scaled.jpg 2020w\" sizes=\"(max-width: 720px) 100vw, 720px\" \/>\t\t\t\t\t\t\t\t\t\t\t\t\t\t\t<\/div>\n\t\t\t\t<\/div>\n\t\t\t\t<\/div>\n\t\t<div class=\"elementor-element elementor-element-ea7e362 e-con-full e-flex e-con e-child\" data-id=\"ea7e362\" data-element_type=\"container\">\n\t\t<div class=\"elementor-element elementor-element-cc6f5b6 e-con-full e-flex e-con e-child\" data-id=\"cc6f5b6\" data-element_type=\"container\" data-settings=\"{&quot;background_background&quot;:&quot;classic&quot;}\">\n\t\t\t\t<div class=\"elementor-element elementor-element-6bf4749 elementor-widget__width-initial elementor-widget-mobile__width-initial elementor-widget elementor-widget-heading\" data-id=\"6bf4749\" data-element_type=\"widget\" data-widget_type=\"heading.default\">\n\t\t\t\t<div class=\"elementor-widget-container\">\n\t\t\t\t\t<h2 class=\"elementor-heading-title elementor-size-default\">Financial Donation<\/h2>\t\t\t\t<\/div>\n\t\t\t\t<\/div>\n\t\t\t\t<div class=\"elementor-element elementor-element-1e36457 elementor-widget__width-initial elementor-widget-mobile__width-initial elementor-widget elementor-widget-heading\" data-id=\"1e36457\" data-element_type=\"widget\" data-widget_type=\"heading.default\">\n\t\t\t\t<div class=\"elementor-widget-container\">\n\t\t\t\t\t<h3 class=\"elementor-heading-title elementor-size-default\">Sponsor or Contribute to a Child\u2019s Education<\/h3>\t\t\t\t<\/div>\n\t\t\t\t<\/div>\n\t\t\t\t<div class=\"elementor-element elementor-element-bd43739 elementor-widget-divider--view-line elementor-widget elementor-widget-divider\" data-id=\"bd43739\" data-element_type=\"widget\" data-widget_type=\"divider.default\">\n\t\t\t\t<div class=\"elementor-widget-container\">\n\t\t\t\t\t\t\t<div class=\"elementor-divider\">\n\t\t\t<span class=\"elementor-divider-separator\">\n\t\t\t\t\t\t<\/span>\n\t\t<\/div>\n\t\t\t\t\t\t<\/div>\n\t\t\t\t<\/div>\n\t\t\t\t<div class=\"elementor-element elementor-element-355d152 elementor-widget-mobile__width-initial elementor-widget elementor-widget-text-editor\" data-id=\"355d152\" data-element_type=\"widget\" data-widget_type=\"text-editor.default\">\n\t\t\t\t<div class=\"elementor-widget-container\">\n\t\t\t\t\t\t\t\t\t<p>With <strong data-start=\"5\" data-end=\"20\">50 000 FCFA<\/strong>, you provide an underprivileged child with a scholarship covering tuition fees and school supplies, enabling them to return to school under better conditions. You can also make a <strong data-start=\"242\" data-end=\"255\">free donation<\/strong> of any amount to sustainably support our actions in favor of children\u2019s education and protection<\/p>\t\t\t\t\t\t\t\t<\/div>\n\t\t\t\t<\/div>\n\t\t\t\t<div class=\"elementor-element elementor-element-b646171 elementor-align-center elementor-widget elementor-widget-button\" data-id=\"b646171\" data-element_type=\"widget\" data-widget_type=\"button.default\">\n\t\t\t\t<div class=\"elementor-widget-container\">\n\t\t\t\t\t\t\t\t\t<div class=\"elementor-button-wrapper\">\n\t\t\t\t\t<a class=\"elementor-button elementor-button-link elementor-size-sm\" href=\"#elementor-action%3Aaction%3Dpopup%3Aopen%26settings%3DeyJpZCI6IjE3MTkiLCJ0b2dnbGUiOmZhbHNlfQ%3D%3D\">\n\t\t\t\t\t\t<span class=\"elementor-button-content-wrapper\">\n\t\t\t\t\t\t\t\t\t<span class=\"elementor-button-text\">Obtaining Mobile Money or Banking Information<\/span>\n\t\t\t\t\t<\/span>\n\t\t\t\t\t<\/a>\n\t\t\t\t<\/div>\n\t\t\t\t\t\t\t\t<\/div>\n\t\t\t\t<\/div>\n\t\t\t\t<\/div>\n\t\t\t\t<\/div>\n\t\t\t\t\t<\/div>\n\t\t\t\t<\/div>\n\t\t<div class=\"elementor-element elementor-element-a5c936a e-flex e-con-boxed e-con e-parent\" data-id=\"a5c936a\" data-element_type=\"container\">\n\t\t\t\t\t<div class=\"e-con-inner\">\n\t\t<div class=\"elementor-element elementor-element-2324c70 e-con-full e-flex e-con e-child\" data-id=\"2324c70\" data-element_type=\"container\">\n\t\t\t\t<div class=\"elementor-element elementor-element-1379112 elementor-widget-mobile__width-inherit elementor-widget elementor-widget-image\" data-id=\"1379112\" data-element_type=\"widget\" data-widget_type=\"image.default\">\n\t\t\t\t<div class=\"elementor-widget-container\">\n\t\t\t\t\t\t\t\t\t\t\t\t\t\t\t<img decoding=\"async\" width=\"1314\" height=\"1600\" src=\"https:\/\/hope-day.org\/wp-content\/uploads\/2026\/01\/HOPE_234.jpg\" class=\"attachment-full size-full wp-image-1435\" alt=\"\" srcset=\"https:\/\/hope-day.org\/wp-content\/uploads\/2026\/01\/HOPE_234.jpg 1314w, https:\/\/hope-day.org\/wp-content\/uploads\/2026\/01\/HOPE_234-246x300.jpg 246w, https:\/\/hope-day.org\/wp-content\/uploads\/2026\/01\/HOPE_234-841x1024.jpg 841w, https:\/\/hope-day.org\/wp-content\/uploads\/2026\/01\/HOPE_234-768x935.jpg 768w, https:\/\/hope-day.org\/wp-content\/uploads\/2026\/01\/HOPE_234-1261x1536.jpg 1261w\" sizes=\"(max-width: 1314px) 100vw, 1314px\" \/>\t\t\t\t\t\t\t\t\t\t\t\t\t\t\t<\/div>\n\t\t\t\t<\/div>\n\t\t\t\t<\/div>\n\t\t<div class=\"elementor-element elementor-element-5529e4c e-con-full e-flex e-con e-child\" data-id=\"5529e4c\" data-element_type=\"container\">\n\t\t<div class=\"elementor-element elementor-element-607b944 e-con-full e-flex e-con e-child\" data-id=\"607b944\" data-element_type=\"container\" data-settings=\"{&quot;background_background&quot;:&quot;classic&quot;}\">\n\t\t\t\t<div class=\"elementor-element elementor-element-b5e8fd0 elementor-widget__width-initial elementor-widget-mobile__width-initial elementor-widget elementor-widget-heading\" data-id=\"b5e8fd0\" data-element_type=\"widget\" data-widget_type=\"heading.default\">\n\t\t\t\t<div class=\"elementor-widget-container\">\n\t\t\t\t\t<h2 class=\"elementor-heading-title elementor-size-default\">Material Donations<\/h2>\t\t\t\t<\/div>\n\t\t\t\t<\/div>\n\t\t\t\t<div class=\"elementor-element elementor-element-394b23d elementor-widget__width-initial elementor-widget-mobile__width-initial elementor-widget elementor-widget-heading\" data-id=\"394b23d\" data-element_type=\"widget\" data-widget_type=\"heading.default\">\n\t\t\t\t<div class=\"elementor-widget-container\">\n\t\t\t\t\t<h3 class=\"elementor-heading-title elementor-size-default\">Our Daily Engagement<\/h3>\t\t\t\t<\/div>\n\t\t\t\t<\/div>\n\t\t\t\t<div class=\"elementor-element elementor-element-baadea6 elementor-widget-divider--view-line elementor-widget elementor-widget-divider\" data-id=\"baadea6\" data-element_type=\"widget\" data-widget_type=\"divider.default\">\n\t\t\t\t<div class=\"elementor-widget-container\">\n\t\t\t\t\t\t\t<div class=\"elementor-divider\">\n\t\t\t<span class=\"elementor-divider-separator\">\n\t\t\t\t\t\t<\/span>\n\t\t<\/div>\n\t\t\t\t\t\t<\/div>\n\t\t\t\t<\/div>\n\t\t\t\t<div class=\"elementor-element elementor-element-54ec7da elementor-widget-mobile__width-initial elementor-widget elementor-widget-text-editor\" data-id=\"54ec7da\" data-element_type=\"widget\" data-widget_type=\"text-editor.default\">\n\t\t\t\t<div class=\"elementor-widget-container\">\n\t\t\t\t\t\t\t\t\t<p data-start=\"954\" data-end=\"974\">You can donate <span style=\"font-size: 1rem;\">school supplies, <\/span><span style=\"font-size: 1rem;\">clothing, <\/span><span style=\"font-size: 1rem;\">food items, <\/span><span style=\"font-size: 1rem;\">essential goods, and more.<\/span><\/p><p data-start=\"1094\" data-end=\"1278\"><strong>Note<\/strong> : To make a material donation, please fill out the <strong data-start=\"1146\" data-end=\"1171\">contact form<\/strong> on the <em data-start=\"1184\" data-end=\"1200\">Contact Us<\/em>.<br data-start=\"1201\" data-end=\"1204\" \/>Our team will get in touch with you to arrange the collection of your donations.<\/p>\t\t\t\t\t\t\t\t<\/div>\n\t\t\t\t<\/div>\n\t\t\t\t<div class=\"elementor-element elementor-element-43442d1 elementor-widget elementor-widget-button\" data-id=\"43442d1\" data-element_type=\"widget\" data-widget_type=\"button.default\">\n\t\t\t\t<div class=\"elementor-widget-container\">\n\t\t\t\t\t\t\t\t\t<div class=\"elementor-button-wrapper\">\n\t\t\t\t\t<a class=\"elementor-button elementor-button-link elementor-size-sm\" href=\"https:\/\/hope-day.org\/en\/nous-contacter\/#contactez-nous\">\n\t\t\t\t\t\t<span class=\"elementor-button-content-wrapper\">\n\t\t\t\t\t\t\t\t\t<span class=\"elementor-button-text\">Make a Material Donation<\/span>\n\t\t\t\t\t<\/span>\n\t\t\t\t\t<\/a>\n\t\t\t\t<\/div>\n\t\t\t\t\t\t\t\t<\/div>\n\t\t\t\t<\/div>\n\t\t\t\t<\/div>\n\t\t\t\t<\/div>\n\t\t\t\t\t<\/div>\n\t\t\t\t<\/div>\n\t\t<div class=\"elementor-element elementor-element-b4b1a2b e-con-full e-flex e-con e-parent\" data-id=\"b4b1a2b\" data-element_type=\"container\" data-settings=\"{&quot;background_background&quot;:&quot;classic&quot;}\">\n\t\t<div class=\"elementor-element elementor-element-eb72293 e-con-full e-flex e-con e-child\" data-id=\"eb72293\" data-element_type=\"container\" data-settings=\"{&quot;background_background&quot;:&quot;classic&quot;}\">\n\t\t\t\t<div class=\"elementor-element elementor-element-6dc53a6 elementor-widget-mobile__width-initial elementor-widget elementor-widget-text-editor\" data-id=\"6dc53a6\" data-element_type=\"widget\" data-widget_type=\"text-editor.default\">\n\t\t\t\t<div class=\"elementor-widget-container\">\n\t\t\t\t\t\t\t\t\t<p data-start=\"954\" data-end=\"974\">Alongside families, communities, and our partners, Hope Day Cameroon carries out concrete and impactful actions to protect children, promote access to education, and help sustainably reduce poverty, violence, and inequality.\u00a0<\/p>\t\t\t\t\t\t\t\t<\/div>\n\t\t\t\t<\/div>\n\t\t<div class=\"elementor-element elementor-element-2e9b2f5 e-con-full e-flex e-con e-child\" data-id=\"2e9b2f5\" data-element_type=\"container\">\n\t\t\t\t<div class=\"elementor-element elementor-element-5ec5d43 elementor-widget-mobile__width-initial elementor-widget elementor-widget-button\" data-id=\"5ec5d43\" data-element_type=\"widget\" data-widget_type=\"button.default\">\n\t\t\t\t<div class=\"elementor-widget-container\">\n\t\t\t\t\t\t\t\t\t<div class=\"elementor-button-wrapper\">\n\t\t\t\t\t<a class=\"elementor-button elementor-button-link elementor-size-sm\" href=\"https:\/\/hope-day.org\/en\/nos-actions\/\">\n\t\t\t\t\t\t<span class=\"elementor-button-content-wrapper\">\n\t\t\t\t\t\t\t\t\t<span class=\"elementor-button-text\">Areas of Intervention<\/span>\n\t\t\t\t\t<\/span>\n\t\t\t\t\t<\/a>\n\t\t\t\t<\/div>\n\t\t\t\t\t\t\t\t<\/div>\n\t\t\t\t<\/div>\n\t\t\t\t<div class=\"elementor-element elementor-element-1a0bf2d elementor-widget elementor-widget-button\" data-id=\"1a0bf2d\" data-element_type=\"widget\" data-widget_type=\"button.default\">\n\t\t\t\t<div class=\"elementor-widget-container\">\n\t\t\t\t\t\t\t\t\t<div class=\"elementor-button-wrapper\">\n\t\t\t\t\t<a class=\"elementor-button elementor-button-link elementor-size-sm\" href=\"https:\/\/hope-day.org\/en\/actions-encours\/\">\n\t\t\t\t\t\t<span class=\"elementor-button-content-wrapper\">\n\t\t\t\t\t\t\t\t\t<span class=\"elementor-button-text\">Ongoing Activities<\/span>\n\t\t\t\t\t<\/span>\n\t\t\t\t\t<\/a>\n\t\t\t\t<\/div>\n\t\t\t\t\t\t\t\t<\/div>\n\t\t\t\t<\/div>\n\t\t\t\t<\/div>\n\t\t\t\t<\/div>\n\t\t\t\t<\/div>\n\t\t\t\t<\/div>","protected":false},"excerpt":{"rendered":"<p>Faire un Don Votre g\u00e9n\u00e9rosit\u00e9 change des vies ! Chaque don est une opportunit\u00e9 pour un enfant de retourner \u00e0 l\u2019\u00e9cole, de retrouver espoir et de b\u00e2tir un avenir meilleur. En soutenant Hope Day Cameroon, vous contribuez directement \u00e0 l\u2019\u00e9ducation, \u00e0 la protection et \u00e0 l\u2019\u00e9panouissement des enfants issus de milieux d\u00e9favoris\u00e9s. Don Financier Parrainez ou Contribuez \u00e0 la Scolarisation [&hellip;]<\/p>","protected":false},"author":1,"featured_media":0,"parent":0,"menu_order":0,"comment_status":"closed","ping_status":"closed","template":"elementor_header_footer","meta":{"footnotes":""},"class_list":["post-48","page","type-page","status-publish","hentry"],"yoast_head":"<!-- This site is optimized with the Yoast SEO plugin v26.8 - https:\/\/yoast.com\/product\/yoast-seo-wordpress\/ -->\n<title>Faire un Don - Hope Day Cameroon Organization<\/title>\n<meta name=\"description\" content=\"Soutenez Hope Day Cameroon\u202f: faites un don pour financer des actions durables dans la vie des enfants d\u00e9favoris\u00e9s.\" \/>\n<meta name=\"robots\" content=\"index, follow, max-snippet:-1, max-image-preview:large, max-video-preview:-1\" \/>\n<link rel=\"canonical\" href=\"https:\/\/hope-day.org\/en\/faire-un-don\/\" \/>\n<meta property=\"og:locale\" content=\"en_GB\" \/>\n<meta property=\"og:type\" content=\"article\" \/>\n<meta property=\"og:title\" content=\"Faire un Don - Hope Day Cameroon Organization\" \/>\n<meta property=\"og:description\" content=\"Soutenez Hope Day Cameroon\u202f: faites un don pour financer des actions durables dans la vie des enfants d\u00e9favoris\u00e9s.\" \/>\n<meta property=\"og:url\" content=\"https:\/\/hope-day.org\/en\/faire-un-don\/\" \/>\n<meta property=\"og:site_name\" content=\"Hope Day Cameroon Organization\" \/>\n<meta property=\"article:modified_time\" content=\"2026-01-26T15:39:23+00:00\" \/>\n<meta property=\"og:image\" content=\"http:\/\/hope-day.org\/wp-content\/uploads\/2026\/01\/HOPE-DAY-CAMEROON-49-808x1024.jpg\" \/>\n<meta name=\"twitter:card\" content=\"summary_large_image\" \/>\n<meta name=\"twitter:label1\" content=\"Estimated reading time\" \/>\n\t<meta name=\"twitter:data1\" content=\"2 minutes\" \/>\n<script type=\"application\/ld+json\" class=\"yoast-schema-graph\">{\"@context\":\"https:\/\/schema.org\",\"@graph\":[{\"@type\":\"WebPage\",\"@id\":\"https:\/\/hope-day.org\/en\/faire-un-don\/\",\"url\":\"https:\/\/hope-day.org\/en\/faire-un-don\/\",\"name\":\"Faire un Don - Hope Day Cameroon Organization\",\"isPartOf\":{\"@id\":\"https:\/\/hope-day.org\/#website\"},\"primaryImageOfPage\":{\"@id\":\"https:\/\/hope-day.org\/en\/faire-un-don\/#primaryimage\"},\"image\":{\"@id\":\"https:\/\/hope-day.org\/en\/faire-un-don\/#primaryimage\"},\"thumbnailUrl\":\"http:\/\/hope-day.org\/wp-content\/uploads\/2026\/01\/HOPE-DAY-CAMEROON-49-808x1024.jpg\",\"datePublished\":\"2025-04-03T12:16:24+00:00\",\"dateModified\":\"2026-01-26T15:39:23+00:00\",\"description\":\"Soutenez Hope Day Cameroon\u202f: faites un don pour financer des actions durables dans la vie des enfants d\u00e9favoris\u00e9s.\",\"breadcrumb\":{\"@id\":\"https:\/\/hope-day.org\/en\/faire-un-don\/#breadcrumb\"},\"inLanguage\":\"en-GB\",\"potentialAction\":[{\"@type\":\"ReadAction\",\"target\":[\"https:\/\/hope-day.org\/en\/faire-un-don\/\"]}]},{\"@type\":\"ImageObject\",\"inLanguage\":\"en-GB\",\"@id\":\"https:\/\/hope-day.org\/en\/faire-un-don\/#primaryimage\",\"url\":\"http:\/\/hope-day.org\/wp-content\/uploads\/2026\/01\/HOPE-DAY-CAMEROON-49-808x1024.jpg\",\"contentUrl\":\"http:\/\/hope-day.org\/wp-content\/uploads\/2026\/01\/HOPE-DAY-CAMEROON-49-808x1024.jpg\"},{\"@type\":\"BreadcrumbList\",\"@id\":\"https:\/\/hope-day.org\/en\/faire-un-don\/#breadcrumb\",\"itemListElement\":[{\"@type\":\"ListItem\",\"position\":1,\"name\":\"Home\",\"item\":\"https:\/\/hope-day.org\/\"},{\"@type\":\"ListItem\",\"position\":2,\"name\":\"Faire un Don\"}]},{\"@type\":\"WebSite\",\"@id\":\"https:\/\/hope-day.org\/#website\",\"url\":\"https:\/\/hope-day.org\/\",\"name\":\"Hope Day Cameroon Organization\",\"description\":\"Association pour la protection et le droit de l&#039;enfant au Caemeroun\",\"publisher\":{\"@id\":\"https:\/\/hope-day.org\/#organization\"},\"potentialAction\":[{\"@type\":\"SearchAction\",\"target\":{\"@type\":\"EntryPoint\",\"urlTemplate\":\"https:\/\/hope-day.org\/?s={search_term_string}\"},\"query-input\":{\"@type\":\"PropertyValueSpecification\",\"valueRequired\":true,\"valueName\":\"search_term_string\"}}],\"inLanguage\":\"en-GB\"},{\"@type\":\"Organization\",\"@id\":\"https:\/\/hope-day.org\/#organization\",\"name\":\"Hope Day Cameroon Organization\",\"url\":\"https:\/\/hope-day.org\/\",\"logo\":{\"@type\":\"ImageObject\",\"inLanguage\":\"en-GB\",\"@id\":\"https:\/\/hope-day.org\/#\/schema\/logo\/image\/\",\"url\":\"https:\/\/hope-day.org\/wp-content\/uploads\/2025\/04\/cropped-cropped-logo-bleu.png\",\"contentUrl\":\"https:\/\/hope-day.org\/wp-content\/uploads\/2025\/04\/cropped-cropped-logo-bleu.png\",\"width\":4007,\"height\":1401,\"caption\":\"Hope Day Cameroon Organization\"},\"image\":{\"@id\":\"https:\/\/hope-day.org\/#\/schema\/logo\/image\/\"}}]}<\/script>\n<!-- \/ Yoast SEO plugin. -->","yoast_head_json":{"title":"Faire un Don - Hope Day Cameroon Organization","description":"Soutenez Hope Day Cameroon\u202f: faites un don pour financer des actions durables dans la vie des enfants d\u00e9favoris\u00e9s.","robots":{"index":"index","follow":"follow","max-snippet":"max-snippet:-1","max-image-preview":"max-image-preview:large","max-video-preview":"max-video-preview:-1"},"canonical":"https:\/\/hope-day.org\/en\/faire-un-don\/","og_locale":"en_GB","og_type":"article","og_title":"Faire un Don - Hope Day Cameroon Organization","og_description":"Soutenez Hope Day Cameroon\u202f: faites un don pour financer des actions durables dans la vie des enfants d\u00e9favoris\u00e9s.","og_url":"https:\/\/hope-day.org\/en\/faire-un-don\/","og_site_name":"Hope Day Cameroon Organization","article_modified_time":"2026-01-26T15:39:23+00:00","og_image":[{"url":"http:\/\/hope-day.org\/wp-content\/uploads\/2026\/01\/HOPE-DAY-CAMEROON-49-808x1024.jpg","type":"","width":"","height":""}],"twitter_card":"summary_large_image","twitter_misc":{"Estimated reading time":"2 minutes"},"schema":{"@context":"https:\/\/schema.org","@graph":[{"@type":"WebPage","@id":"https:\/\/hope-day.org\/en\/faire-un-don\/","url":"https:\/\/hope-day.org\/en\/faire-un-don\/","name":"Faire un Don - Hope Day Cameroon Organization","isPartOf":{"@id":"https:\/\/hope-day.org\/#website"},"primaryImageOfPage":{"@id":"https:\/\/hope-day.org\/en\/faire-un-don\/#primaryimage"},"image":{"@id":"https:\/\/hope-day.org\/en\/faire-un-don\/#primaryimage"},"thumbnailUrl":"http:\/\/hope-day.org\/wp-content\/uploads\/2026\/01\/HOPE-DAY-CAMEROON-49-808x1024.jpg","datePublished":"2025-04-03T12:16:24+00:00","dateModified":"2026-01-26T15:39:23+00:00","description":"Soutenez Hope Day Cameroon\u202f: faites un don pour financer des actions durables dans la vie des enfants d\u00e9favoris\u00e9s.","breadcrumb":{"@id":"https:\/\/hope-day.org\/en\/faire-un-don\/#breadcrumb"},"inLanguage":"en-GB","potentialAction":[{"@type":"ReadAction","target":["https:\/\/hope-day.org\/en\/faire-un-don\/"]}]},{"@type":"ImageObject","inLanguage":"en-GB","@id":"https:\/\/hope-day.org\/en\/faire-un-don\/#primaryimage","url":"http:\/\/hope-day.org\/wp-content\/uploads\/2026\/01\/HOPE-DAY-CAMEROON-49-808x1024.jpg","contentUrl":"http:\/\/hope-day.org\/wp-content\/uploads\/2026\/01\/HOPE-DAY-CAMEROON-49-808x1024.jpg"},{"@type":"BreadcrumbList","@id":"https:\/\/hope-day.org\/en\/faire-un-don\/#breadcrumb","itemListElement":[{"@type":"ListItem","position":1,"name":"Home","item":"https:\/\/hope-day.org\/"},{"@type":"ListItem","position":2,"name":"Faire un Don"}]},{"@type":"WebSite","@id":"https:\/\/hope-day.org\/#website","url":"https:\/\/hope-day.org\/","name":"Hope Day Cameroon Organization","description":"Association pour la protection et le droit de l&#039;enfant au Caemeroun","publisher":{"@id":"https:\/\/hope-day.org\/#organization"},"potentialAction":[{"@type":"SearchAction","target":{"@type":"EntryPoint","urlTemplate":"https:\/\/hope-day.org\/?s={search_term_string}"},"query-input":{"@type":"PropertyValueSpecification","valueRequired":true,"valueName":"search_term_string"}}],"inLanguage":"en-GB"},{"@type":"Organization","@id":"https:\/\/hope-day.org\/#organization","name":"Hope Day Cameroon Organization","url":"https:\/\/hope-day.org\/","logo":{"@type":"ImageObject","inLanguage":"en-GB","@id":"https:\/\/hope-day.org\/#\/schema\/logo\/image\/","url":"https:\/\/hope-day.org\/wp-content\/uploads\/2025\/04\/cropped-cropped-logo-bleu.png","contentUrl":"https:\/\/hope-day.org\/wp-content\/uploads\/2025\/04\/cropped-cropped-logo-bleu.png","width":4007,"height":1401,"caption":"Hope Day Cameroon Organization"},"image":{"@id":"https:\/\/hope-day.org\/#\/schema\/logo\/image\/"}}]}},"_links":{"self":[{"href":"https:\/\/hope-day.org\/en\/wp-json\/wp\/v2\/pages\/48","targetHints":{"allow":["GET"]}}],"collection":[{"href":"https:\/\/hope-day.org\/en\/wp-json\/wp\/v2\/pages"}],"about":[{"href":"https:\/\/hope-day.org\/en\/wp-json\/wp\/v2\/types\/page"}],"author":[{"embeddable":true,"href":"https:\/\/hope-day.org\/en\/wp-json\/wp\/v2\/users\/1"}],"replies":[{"embeddable":true,"href":"https:\/\/hope-day.org\/en\/wp-json\/wp\/v2\/comments?post=48"}],"version-history":[{"count":26,"href":"https:\/\/hope-day.org\/en\/wp-json\/wp\/v2\/pages\/48\/revisions"}],"predecessor-version":[{"id":1874,"href":"https:\/\/hope-day.org\/en\/wp-json\/wp\/v2\/pages\/48\/revisions\/1874"}],"wp:attachment":[{"href":"https:\/\/hope-day.org\/en\/wp-json\/wp\/v2\/media?parent=48"}],"curies":[{"name":"wp","href":"https:\/\/api.w.org\/{rel}","templated":true}]}}