{"id":42,"date":"2025-04-03T12:16:23","date_gmt":"2025-04-03T12:16:23","guid":{"rendered":"https:\/\/hope-day.org\/?page_id=42"},"modified":"2026-01-26T15:49:33","modified_gmt":"2026-01-26T15:49:33","slug":"nos-partenaires","status":"publish","type":"page","link":"https:\/\/hope-day.org\/en\/nos-partenaires\/","title":{"rendered":"Our Partners"},"content":{"rendered":"<div data-elementor-type=\"wp-page\" data-elementor-id=\"42\" class=\"elementor elementor-42\" data-elementor-post-type=\"page\">\n\t\t\t\t<div class=\"elementor-element elementor-element-7e231dc e-con-full e-flex e-con e-parent\" data-id=\"7e231dc\" data-element_type=\"container\" data-settings=\"{&quot;background_background&quot;:&quot;classic&quot;,&quot;background_motion_fx_motion_fx_scrolling&quot;:&quot;yes&quot;,&quot;background_motion_fx_translateX_effect&quot;:&quot;yes&quot;,&quot;background_motion_fx_translateX_speed&quot;:{&quot;unit&quot;:&quot;px&quot;,&quot;size&quot;:4.3,&quot;sizes&quot;:[]},&quot;background_motion_fx_devices&quot;:[&quot;mobile&quot;],&quot;background_motion_fx_translateX_affectedRange&quot;:{&quot;unit&quot;:&quot;%&quot;,&quot;size&quot;:&quot;&quot;,&quot;sizes&quot;:{&quot;start&quot;:0,&quot;end&quot;:100}}}\">\n\t\t\t\t<div class=\"elementor-element elementor-element-4fed7f0 elementor-widget-tablet__width-initial elementor-widget-mobile__width-initial elementor-widget__width-initial elementor-widget elementor-widget-heading\" data-id=\"4fed7f0\" data-element_type=\"widget\" data-widget_type=\"heading.default\">\n\t\t\t\t<div class=\"elementor-widget-container\">\n\t\t\t\t\t<h1 class=\"elementor-heading-title elementor-size-default\">Our Partners<\/h1>\t\t\t\t<\/div>\n\t\t\t\t<\/div>\n\t\t\t\t<\/div>\n\t\t<div class=\"elementor-element elementor-element-57b910d e-flex e-con-boxed e-con e-parent\" data-id=\"57b910d\" data-element_type=\"container\">\n\t\t\t\t\t<div class=\"e-con-inner\">\n\t\t<div class=\"elementor-element elementor-element-01b3386 e-con-full e-flex e-con e-child\" data-id=\"01b3386\" data-element_type=\"container\">\n\t\t\t\t<div class=\"elementor-element elementor-element-b1c5fe3 elementor-widget__width-initial elementor-widget-mobile__width-initial elementor-widget elementor-widget-heading\" data-id=\"b1c5fe3\" data-element_type=\"widget\" data-widget_type=\"heading.default\">\n\t\t\t\t<div class=\"elementor-widget-container\">\n\t\t\t\t\t<h2 class=\"elementor-heading-title elementor-size-default\"><strong>A Solidarity Chain<\/strong><\/h2>\t\t\t\t<\/div>\n\t\t\t\t<\/div>\n\t\t\t\t<div class=\"elementor-element elementor-element-a20cf02 elementor-widget__width-initial elementor-widget-mobile__width-initial elementor-widget elementor-widget-heading\" data-id=\"a20cf02\" data-element_type=\"widget\" data-widget_type=\"heading.default\">\n\t\t\t\t<div class=\"elementor-widget-container\">\n\t\t\t\t\t<h3 class=\"elementor-heading-title elementor-size-default\">Essential Allies for Transforming Lives<\/h3>\t\t\t\t<\/div>\n\t\t\t\t<\/div>\n\t\t\t\t<div class=\"elementor-element elementor-element-a7e0216 elementor-widget-divider--view-line elementor-widget elementor-widget-divider\" data-id=\"a7e0216\" data-element_type=\"widget\" data-widget_type=\"divider.default\">\n\t\t\t\t<div class=\"elementor-widget-container\">\n\t\t\t\t\t\t\t<div class=\"elementor-divider\">\n\t\t\t<span class=\"elementor-divider-separator\">\n\t\t\t\t\t\t<\/span>\n\t\t<\/div>\n\t\t\t\t\t\t<\/div>\n\t\t\t\t<\/div>\n\t\t\t\t<div class=\"elementor-element elementor-element-d18e3ba elementor-widget elementor-widget-text-editor\" data-id=\"d18e3ba\" data-element_type=\"widget\" data-widget_type=\"text-editor.default\">\n\t\t\t\t<div class=\"elementor-widget-container\">\n\t\t\t\t\t\t\t\t\t<p>At <strong data-start=\"187\" data-end=\"208\">Hope Day Cameroon<\/strong>we strongly believe that every step forward for children is the result of a chain of solidarity. Our partners form the heart of this chain. Thanks to their trust, support, and commitment, we can act further, faster, and with greater impact for the children and families we serve.<\/p>\t\t\t\t\t\t\t\t<\/div>\n\t\t\t\t<\/div>\n\t\t\t\t<\/div>\n\t\t\t\t\t<\/div>\n\t\t\t\t<\/div>\n\t\t<div class=\"elementor-element elementor-element-9e79e18 e-flex e-con-boxed e-con e-parent\" data-id=\"9e79e18\" data-element_type=\"container\">\n\t\t\t\t\t<div class=\"e-con-inner\">\n\t\t\t\t<div class=\"elementor-element elementor-element-1b40eae elementor-widget elementor-widget-spacer\" data-id=\"1b40eae\" data-element_type=\"widget\" data-widget_type=\"spacer.default\">\n\t\t\t\t<div class=\"elementor-widget-container\">\n\t\t\t\t\t\t\t<div class=\"elementor-spacer\">\n\t\t\t<div class=\"elementor-spacer-inner\"><\/div>\n\t\t<\/div>\n\t\t\t\t\t\t<\/div>\n\t\t\t\t<\/div>\n\t\t\t\t\t<\/div>\n\t\t\t\t<\/div>\n\t\t<div class=\"elementor-element elementor-element-85a4586 e-flex e-con-boxed e-con e-parent\" data-id=\"85a4586\" data-element_type=\"container\">\n\t\t\t\t\t<div class=\"e-con-inner\">\n\t\t<div class=\"elementor-element elementor-element-887ed08 e-con-full e-flex e-con e-child\" data-id=\"887ed08\" data-element_type=\"container\">\n\t\t<div class=\"elementor-element elementor-element-39cd4d7 e-grid e-con-full e-con e-child\" data-id=\"39cd4d7\" data-element_type=\"container\">\n\t\t\t\t<div class=\"elementor-element elementor-element-f6af094 elementor-widget elementor-widget-image\" data-id=\"f6af094\" data-element_type=\"widget\" data-widget_type=\"image.default\">\n\t\t\t\t<div class=\"elementor-widget-container\">\n\t\t\t\t\t\t\t\t\t\t\t\t\t\t\t<img fetchpriority=\"high\" decoding=\"async\" width=\"500\" height=\"120\" src=\"https:\/\/hope-day.org\/wp-content\/uploads\/2025\/07\/Violet_Moyen_Carre_Immobilier_Logo-removebg-preview.png\" class=\"attachment-large size-large wp-image-638\" alt=\"Association beisammen\" srcset=\"https:\/\/hope-day.org\/wp-content\/uploads\/2025\/07\/Violet_Moyen_Carre_Immobilier_Logo-removebg-preview.png 500w, https:\/\/hope-day.org\/wp-content\/uploads\/2025\/07\/Violet_Moyen_Carre_Immobilier_Logo-removebg-preview-300x72.png 300w\" sizes=\"(max-width: 500px) 100vw, 500px\" \/>\t\t\t\t\t\t\t\t\t\t\t\t\t\t\t<\/div>\n\t\t\t\t<\/div>\n\t\t\t\t<div class=\"elementor-element elementor-element-40dbf9d elementor-widget elementor-widget-image\" data-id=\"40dbf9d\" data-element_type=\"widget\" data-widget_type=\"image.default\">\n\t\t\t\t<div class=\"elementor-widget-container\">\n\t\t\t\t\t\t\t\t\t\t\t\t\t\t\t<img decoding=\"async\" width=\"720\" height=\"479\" src=\"https:\/\/hope-day.org\/wp-content\/uploads\/2025\/12\/WeCare-logo-png-1024x681.png\" class=\"attachment-large size-large wp-image-1133\" alt=\"\" srcset=\"https:\/\/hope-day.org\/wp-content\/uploads\/2025\/12\/WeCare-logo-png-1024x681.png 1024w, https:\/\/hope-day.org\/wp-content\/uploads\/2025\/12\/WeCare-logo-png-300x199.png 300w, https:\/\/hope-day.org\/wp-content\/uploads\/2025\/12\/WeCare-logo-png-768x511.png 768w, https:\/\/hope-day.org\/wp-content\/uploads\/2025\/12\/WeCare-logo-png-1536x1021.png 1536w, https:\/\/hope-day.org\/wp-content\/uploads\/2025\/12\/WeCare-logo-png-2048x1361.png 2048w\" sizes=\"(max-width: 720px) 100vw, 720px\" \/>\t\t\t\t\t\t\t\t\t\t\t\t\t\t\t<\/div>\n\t\t\t\t<\/div>\n\t\t\t\t<div class=\"elementor-element elementor-element-ee1f4a8 elementor-widget elementor-widget-image\" data-id=\"ee1f4a8\" data-element_type=\"widget\" data-widget_type=\"image.default\">\n\t\t\t\t<div class=\"elementor-widget-container\">\n\t\t\t\t\t\t\t\t\t\t\t\t\t\t\t\t<a href=\"https:\/\/erfolg-zentrum.de\/\">\n\t\t\t\t\t\t\t<img decoding=\"async\" width=\"720\" height=\"162\" src=\"https:\/\/hope-day.org\/wp-content\/uploads\/2025\/07\/cropped-logo-centre-erflog-1024x231.png\" class=\"attachment-large size-large wp-image-640\" alt=\"\" srcset=\"https:\/\/hope-day.org\/wp-content\/uploads\/2025\/07\/cropped-logo-centre-erflog-1024x231.png 1024w, https:\/\/hope-day.org\/wp-content\/uploads\/2025\/07\/cropped-logo-centre-erflog-300x68.png 300w, https:\/\/hope-day.org\/wp-content\/uploads\/2025\/07\/cropped-logo-centre-erflog-768x173.png 768w, https:\/\/hope-day.org\/wp-content\/uploads\/2025\/07\/cropped-logo-centre-erflog-1370x311.png 1370w, https:\/\/hope-day.org\/wp-content\/uploads\/2025\/07\/cropped-logo-centre-erflog.png 1378w\" sizes=\"(max-width: 720px) 100vw, 720px\" \/>\t\t\t\t\t\t\t\t<\/a>\n\t\t\t\t\t\t\t\t\t\t\t\t\t\t\t<\/div>\n\t\t\t\t<\/div>\n\t\t\t\t<div class=\"elementor-element elementor-element-d21fec0 elementor-widget elementor-widget-image\" data-id=\"d21fec0\" data-element_type=\"widget\" data-widget_type=\"image.default\">\n\t\t\t\t<div class=\"elementor-widget-container\">\n\t\t\t\t\t\t\t\t\t\t\t\t\t\t\t\t<a href=\"https:\/\/okwa-project.org\/\">\n\t\t\t\t\t\t\t<img loading=\"lazy\" decoding=\"async\" width=\"444\" height=\"640\" src=\"https:\/\/hope-day.org\/wp-content\/uploads\/2025\/07\/WhatsApp-Image-2025-07-22-a-20.30.24_6761b513-e1753212708336.jpg\" class=\"attachment-large size-large wp-image-639\" alt=\"\" srcset=\"https:\/\/hope-day.org\/wp-content\/uploads\/2025\/07\/WhatsApp-Image-2025-07-22-a-20.30.24_6761b513-e1753212708336.jpg 444w, https:\/\/hope-day.org\/wp-content\/uploads\/2025\/07\/WhatsApp-Image-2025-07-22-a-20.30.24_6761b513-e1753212708336-208x300.jpg 208w\" sizes=\"(max-width: 444px) 100vw, 444px\" \/>\t\t\t\t\t\t\t\t<\/a>\n\t\t\t\t\t\t\t\t\t\t\t\t\t\t\t<\/div>\n\t\t\t\t<\/div>\n\t\t\t\t<\/div>\n\t\t\t\t<\/div>\n\t\t\t\t\t<\/div>\n\t\t\t\t<\/div>\n\t\t<div class=\"elementor-element elementor-element-642ef2d e-flex e-con-boxed e-con e-parent\" data-id=\"642ef2d\" data-element_type=\"container\">\n\t\t\t\t\t<div class=\"e-con-inner\">\n\t\t\t\t<div class=\"elementor-element elementor-element-1f34e47 elementor-widget elementor-widget-spacer\" data-id=\"1f34e47\" data-element_type=\"widget\" data-widget_type=\"spacer.default\">\n\t\t\t\t<div class=\"elementor-widget-container\">\n\t\t\t\t\t\t\t<div class=\"elementor-spacer\">\n\t\t\t<div class=\"elementor-spacer-inner\"><\/div>\n\t\t<\/div>\n\t\t\t\t\t\t<\/div>\n\t\t\t\t<\/div>\n\t\t\t\t\t<\/div>\n\t\t\t\t<\/div>\n\t\t<div class=\"elementor-element elementor-element-ee39ab6 e-con-full e-flex e-con e-parent\" data-id=\"ee39ab6\" data-element_type=\"container\" data-settings=\"{&quot;background_background&quot;:&quot;classic&quot;}\">\n\t\t\t\t<div class=\"elementor-element elementor-element-4a380af elementor-widget__width-initial elementor-widget elementor-widget-heading\" data-id=\"4a380af\" data-element_type=\"widget\" data-widget_type=\"heading.default\">\n\t\t\t\t<div class=\"elementor-widget-container\">\n\t\t\t\t\t<h2 class=\"elementor-heading-title elementor-size-default\">Together, lets grow hope.<\/h2>\t\t\t\t<\/div>\n\t\t\t\t<\/div>\n\t\t\t\t<div class=\"elementor-element elementor-element-35585ec elementor-align-center elementor-widget elementor-widget-button\" data-id=\"35585ec\" data-element_type=\"widget\" data-widget_type=\"button.default\">\n\t\t\t\t<div class=\"elementor-widget-container\">\n\t\t\t\t\t\t\t\t\t<div class=\"elementor-button-wrapper\">\n\t\t\t\t\t<a class=\"elementor-button elementor-button-link elementor-size-sm\" href=\"https:\/\/hope-day.org\/en\/devenir-partenaire\/\">\n\t\t\t\t\t\t<span class=\"elementor-button-content-wrapper\">\n\t\t\t\t\t\t\t\t\t<span class=\"elementor-button-text\">Partner with Us<\/span>\n\t\t\t\t\t<\/span>\n\t\t\t\t\t<\/a>\n\t\t\t\t<\/div>\n\t\t\t\t\t\t\t\t<\/div>\n\t\t\t\t<\/div>\n\t\t\t\t<\/div>\n\t\t<div class=\"elementor-element elementor-element-eb4c6f5 e-flex e-con-boxed e-con e-parent\" data-id=\"eb4c6f5\" data-element_type=\"container\">\n\t\t\t\t\t<div class=\"e-con-inner\">\n\t\t\t\t<div class=\"elementor-element elementor-element-a74eaa9 elementor-widget elementor-widget-spacer\" data-id=\"a74eaa9\" data-element_type=\"widget\" data-widget_type=\"spacer.default\">\n\t\t\t\t<div class=\"elementor-widget-container\">\n\t\t\t\t\t\t\t<div class=\"elementor-spacer\">\n\t\t\t<div class=\"elementor-spacer-inner\"><\/div>\n\t\t<\/div>\n\t\t\t\t\t\t<\/div>\n\t\t\t\t<\/div>\n\t\t\t\t\t<\/div>\n\t\t\t\t<\/div>\n\t\t\t\t<\/div>","protected":false},"excerpt":{"rendered":"<p>Nos Partenaires Une Chaine Solidaire Des Alli\u00e9s Assentiels pour Transformer des Vies Chez Hope Day Cameroon, nous croyons profond\u00e9ment que chaque avanc\u00e9e en faveur de l\u2019enfant est le r\u00e9sultat d\u2019une cha\u00eene de solidarit\u00e9. Nos partenaires forment le c\u0153ur de cette cha\u00eene. Gr\u00e2ce \u00e0 leur confiance, leur soutien et leur engagement, nous pouvons agir plus loin, plus vite et avec davantage [&hellip;]<\/p>","protected":false},"author":1,"featured_media":0,"parent":0,"menu_order":0,"comment_status":"closed","ping_status":"closed","template":"elementor_header_footer","meta":{"footnotes":""},"class_list":["post-42","page","type-page","status-publish","hentry"],"yoast_head":"<!-- This site is optimized with the Yoast SEO plugin v26.8 - https:\/\/yoast.com\/product\/yoast-seo-wordpress\/ -->\n<title>Nos Partenaires - Hope Day Cameroon Organization<\/title>\n<meta name=\"description\" content=\"D\u00e9couvrez les partenaires qui soutiennent Hope Day Cameroon dans ses actions \u00e9ducatives, sociales et humanitaires pour les enfants d\u00e9favoris\u00e9s au Cameroun.\" \/>\n<meta name=\"robots\" content=\"index, follow, max-snippet:-1, max-image-preview:large, max-video-preview:-1\" \/>\n<link rel=\"canonical\" href=\"https:\/\/hope-day.org\/en\/nos-partenaires\/\" \/>\n<meta property=\"og:locale\" content=\"en_GB\" \/>\n<meta property=\"og:type\" content=\"article\" \/>\n<meta property=\"og:title\" content=\"Nos Partenaires - Hope Day Cameroon Organization\" \/>\n<meta property=\"og:description\" content=\"D\u00e9couvrez les partenaires qui soutiennent Hope Day Cameroon dans ses actions \u00e9ducatives, sociales et humanitaires pour les enfants d\u00e9favoris\u00e9s au Cameroun.\" \/>\n<meta property=\"og:url\" content=\"https:\/\/hope-day.org\/en\/nos-partenaires\/\" \/>\n<meta property=\"og:site_name\" content=\"Hope Day Cameroon Organization\" \/>\n<meta property=\"article:modified_time\" content=\"2026-01-26T15:49:33+00:00\" \/>\n<meta property=\"og:image\" content=\"http:\/\/hope-day.org\/wp-content\/uploads\/2025\/07\/Violet_Moyen_Carre_Immobilier_Logo-removebg-preview.png\" \/>\n<meta name=\"twitter:card\" content=\"summary_large_image\" \/>\n<meta name=\"twitter:label1\" content=\"Estimated reading time\" \/>\n\t<meta name=\"twitter:data1\" content=\"2 minutes\" \/>\n<script type=\"application\/ld+json\" class=\"yoast-schema-graph\">{\"@context\":\"https:\/\/schema.org\",\"@graph\":[{\"@type\":\"WebPage\",\"@id\":\"https:\/\/hope-day.org\/nos-partenaires\/\",\"url\":\"https:\/\/hope-day.org\/nos-partenaires\/\",\"name\":\"Nos Partenaires - Hope Day Cameroon Organization\",\"isPartOf\":{\"@id\":\"https:\/\/hope-day.org\/#website\"},\"primaryImageOfPage\":{\"@id\":\"https:\/\/hope-day.org\/nos-partenaires\/#primaryimage\"},\"image\":{\"@id\":\"https:\/\/hope-day.org\/nos-partenaires\/#primaryimage\"},\"thumbnailUrl\":\"http:\/\/hope-day.org\/wp-content\/uploads\/2025\/07\/Violet_Moyen_Carre_Immobilier_Logo-removebg-preview.png\",\"datePublished\":\"2025-04-03T12:16:23+00:00\",\"dateModified\":\"2026-01-26T15:49:33+00:00\",\"description\":\"D\u00e9couvrez les partenaires qui soutiennent Hope Day Cameroon dans ses actions \u00e9ducatives, sociales et humanitaires pour les enfants d\u00e9favoris\u00e9s au Cameroun.\",\"breadcrumb\":{\"@id\":\"https:\/\/hope-day.org\/nos-partenaires\/#breadcrumb\"},\"inLanguage\":\"en-GB\",\"potentialAction\":[{\"@type\":\"ReadAction\",\"target\":[\"https:\/\/hope-day.org\/nos-partenaires\/\"]}]},{\"@type\":\"ImageObject\",\"inLanguage\":\"en-GB\",\"@id\":\"https:\/\/hope-day.org\/nos-partenaires\/#primaryimage\",\"url\":\"http:\/\/hope-day.org\/wp-content\/uploads\/2025\/07\/Violet_Moyen_Carre_Immobilier_Logo-removebg-preview.png\",\"contentUrl\":\"http:\/\/hope-day.org\/wp-content\/uploads\/2025\/07\/Violet_Moyen_Carre_Immobilier_Logo-removebg-preview.png\"},{\"@type\":\"BreadcrumbList\",\"@id\":\"https:\/\/hope-day.org\/nos-partenaires\/#breadcrumb\",\"itemListElement\":[{\"@type\":\"ListItem\",\"position\":1,\"name\":\"Home\",\"item\":\"https:\/\/hope-day.org\/\"},{\"@type\":\"ListItem\",\"position\":2,\"name\":\"Nos Partenaires\"}]},{\"@type\":\"WebSite\",\"@id\":\"https:\/\/hope-day.org\/#website\",\"url\":\"https:\/\/hope-day.org\/\",\"name\":\"Hope Day Cameroon Organization\",\"description\":\"Association pour la protection et le droit de l&#039;enfant au Caemeroun\",\"publisher\":{\"@id\":\"https:\/\/hope-day.org\/#organization\"},\"potentialAction\":[{\"@type\":\"SearchAction\",\"target\":{\"@type\":\"EntryPoint\",\"urlTemplate\":\"https:\/\/hope-day.org\/?s={search_term_string}\"},\"query-input\":{\"@type\":\"PropertyValueSpecification\",\"valueRequired\":true,\"valueName\":\"search_term_string\"}}],\"inLanguage\":\"en-GB\"},{\"@type\":\"Organization\",\"@id\":\"https:\/\/hope-day.org\/#organization\",\"name\":\"Hope Day Cameroon Organization\",\"url\":\"https:\/\/hope-day.org\/\",\"logo\":{\"@type\":\"ImageObject\",\"inLanguage\":\"en-GB\",\"@id\":\"https:\/\/hope-day.org\/#\/schema\/logo\/image\/\",\"url\":\"https:\/\/hope-day.org\/wp-content\/uploads\/2025\/04\/cropped-cropped-logo-bleu.png\",\"contentUrl\":\"https:\/\/hope-day.org\/wp-content\/uploads\/2025\/04\/cropped-cropped-logo-bleu.png\",\"width\":4007,\"height\":1401,\"caption\":\"Hope Day Cameroon Organization\"},\"image\":{\"@id\":\"https:\/\/hope-day.org\/#\/schema\/logo\/image\/\"}}]}<\/script>\n<!-- \/ Yoast SEO plugin. -->","yoast_head_json":{"title":"Nos Partenaires - Hope Day Cameroon Organization","description":"D\u00e9couvrez les partenaires qui soutiennent Hope Day Cameroon dans ses actions \u00e9ducatives, sociales et humanitaires pour les enfants d\u00e9favoris\u00e9s au Cameroun.","robots":{"index":"index","follow":"follow","max-snippet":"max-snippet:-1","max-image-preview":"max-image-preview:large","max-video-preview":"max-video-preview:-1"},"canonical":"https:\/\/hope-day.org\/en\/nos-partenaires\/","og_locale":"en_GB","og_type":"article","og_title":"Nos Partenaires - Hope Day Cameroon Organization","og_description":"D\u00e9couvrez les partenaires qui soutiennent Hope Day Cameroon dans ses actions \u00e9ducatives, sociales et humanitaires pour les enfants d\u00e9favoris\u00e9s au Cameroun.","og_url":"https:\/\/hope-day.org\/en\/nos-partenaires\/","og_site_name":"Hope Day Cameroon Organization","article_modified_time":"2026-01-26T15:49:33+00:00","og_image":[{"url":"http:\/\/hope-day.org\/wp-content\/uploads\/2025\/07\/Violet_Moyen_Carre_Immobilier_Logo-removebg-preview.png","type":"","width":"","height":""}],"twitter_card":"summary_large_image","twitter_misc":{"Estimated reading time":"2 minutes"},"schema":{"@context":"https:\/\/schema.org","@graph":[{"@type":"WebPage","@id":"https:\/\/hope-day.org\/nos-partenaires\/","url":"https:\/\/hope-day.org\/nos-partenaires\/","name":"Nos Partenaires - Hope Day Cameroon Organization","isPartOf":{"@id":"https:\/\/hope-day.org\/#website"},"primaryImageOfPage":{"@id":"https:\/\/hope-day.org\/nos-partenaires\/#primaryimage"},"image":{"@id":"https:\/\/hope-day.org\/nos-partenaires\/#primaryimage"},"thumbnailUrl":"http:\/\/hope-day.org\/wp-content\/uploads\/2025\/07\/Violet_Moyen_Carre_Immobilier_Logo-removebg-preview.png","datePublished":"2025-04-03T12:16:23+00:00","dateModified":"2026-01-26T15:49:33+00:00","description":"D\u00e9couvrez les partenaires qui soutiennent Hope Day Cameroon dans ses actions \u00e9ducatives, sociales et humanitaires pour les enfants d\u00e9favoris\u00e9s au Cameroun.","breadcrumb":{"@id":"https:\/\/hope-day.org\/nos-partenaires\/#breadcrumb"},"inLanguage":"en-GB","potentialAction":[{"@type":"ReadAction","target":["https:\/\/hope-day.org\/nos-partenaires\/"]}]},{"@type":"ImageObject","inLanguage":"en-GB","@id":"https:\/\/hope-day.org\/nos-partenaires\/#primaryimage","url":"http:\/\/hope-day.org\/wp-content\/uploads\/2025\/07\/Violet_Moyen_Carre_Immobilier_Logo-removebg-preview.png","contentUrl":"http:\/\/hope-day.org\/wp-content\/uploads\/2025\/07\/Violet_Moyen_Carre_Immobilier_Logo-removebg-preview.png"},{"@type":"BreadcrumbList","@id":"https:\/\/hope-day.org\/nos-partenaires\/#breadcrumb","itemListElement":[{"@type":"ListItem","position":1,"name":"Home","item":"https:\/\/hope-day.org\/"},{"@type":"ListItem","position":2,"name":"Nos Partenaires"}]},{"@type":"WebSite","@id":"https:\/\/hope-day.org\/#website","url":"https:\/\/hope-day.org\/","name":"Hope Day Cameroon Organization","description":"Association pour la protection et le droit de l&#039;enfant au Caemeroun","publisher":{"@id":"https:\/\/hope-day.org\/#organization"},"potentialAction":[{"@type":"SearchAction","target":{"@type":"EntryPoint","urlTemplate":"https:\/\/hope-day.org\/?s={search_term_string}"},"query-input":{"@type":"PropertyValueSpecification","valueRequired":true,"valueName":"search_term_string"}}],"inLanguage":"en-GB"},{"@type":"Organization","@id":"https:\/\/hope-day.org\/#organization","name":"Hope Day Cameroon Organization","url":"https:\/\/hope-day.org\/","logo":{"@type":"ImageObject","inLanguage":"en-GB","@id":"https:\/\/hope-day.org\/#\/schema\/logo\/image\/","url":"https:\/\/hope-day.org\/wp-content\/uploads\/2025\/04\/cropped-cropped-logo-bleu.png","contentUrl":"https:\/\/hope-day.org\/wp-content\/uploads\/2025\/04\/cropped-cropped-logo-bleu.png","width":4007,"height":1401,"caption":"Hope Day Cameroon Organization"},"image":{"@id":"https:\/\/hope-day.org\/#\/schema\/logo\/image\/"}}]}},"_links":{"self":[{"href":"https:\/\/hope-day.org\/en\/wp-json\/wp\/v2\/pages\/42","targetHints":{"allow":["GET"]}}],"collection":[{"href":"https:\/\/hope-day.org\/en\/wp-json\/wp\/v2\/pages"}],"about":[{"href":"https:\/\/hope-day.org\/en\/wp-json\/wp\/v2\/types\/page"}],"author":[{"embeddable":true,"href":"https:\/\/hope-day.org\/en\/wp-json\/wp\/v2\/users\/1"}],"replies":[{"embeddable":true,"href":"https:\/\/hope-day.org\/en\/wp-json\/wp\/v2\/comments?post=42"}],"version-history":[{"count":31,"href":"https:\/\/hope-day.org\/en\/wp-json\/wp\/v2\/pages\/42\/revisions"}],"predecessor-version":[{"id":1882,"href":"https:\/\/hope-day.org\/en\/wp-json\/wp\/v2\/pages\/42\/revisions\/1882"}],"wp:attachment":[{"href":"https:\/\/hope-day.org\/en\/wp-json\/wp\/v2\/media?parent=42"}],"curies":[{"name":"wp","href":"https:\/\/api.w.org\/{rel}","templated":true}]}}