{"id":38,"date":"2025-04-03T12:16:23","date_gmt":"2025-04-03T12:16:23","guid":{"rendered":"https:\/\/hope-day.org\/?page_id=38"},"modified":"2026-01-07T23:14:51","modified_gmt":"2026-01-07T23:14:51","slug":"rejoignez-nous","status":"publish","type":"page","link":"https:\/\/hope-day.org\/en\/rejoignez-nous\/","title":{"rendered":"Join Us"},"content":{"rendered":"<div data-elementor-type=\"wp-page\" data-elementor-id=\"38\" class=\"elementor elementor-38\" data-elementor-post-type=\"page\">\n\t\t\t\t<div class=\"elementor-element elementor-element-3a2041e e-con-full e-flex e-con e-parent\" data-id=\"3a2041e\" data-element_type=\"container\" data-settings=\"{&quot;background_background&quot;:&quot;classic&quot;}\">\n\t\t\t\t<div class=\"elementor-element elementor-element-88b2926 elementor-widget elementor-widget-heading\" data-id=\"88b2926\" data-element_type=\"widget\" data-widget_type=\"heading.default\">\n\t\t\t\t<div class=\"elementor-widget-container\">\n\t\t\t\t\t<h1 class=\"elementor-heading-title elementor-size-default\">Join Us<\/h1>\t\t\t\t<\/div>\n\t\t\t\t<\/div>\n\t\t\t\t<\/div>\n\t\t<div class=\"elementor-element elementor-element-5af85b5 e-flex e-con-boxed e-con e-parent\" data-id=\"5af85b5\" data-element_type=\"container\" data-settings=\"{&quot;background_background&quot;:&quot;classic&quot;}\">\n\t\t\t\t\t<div class=\"e-con-inner\">\n\t\t\t\t<div class=\"elementor-element elementor-element-6e4cba4 elementor-widget elementor-widget-spacer\" data-id=\"6e4cba4\" data-element_type=\"widget\" data-widget_type=\"spacer.default\">\n\t\t\t\t<div class=\"elementor-widget-container\">\n\t\t\t\t\t\t\t<div class=\"elementor-spacer\">\n\t\t\t<div class=\"elementor-spacer-inner\"><\/div>\n\t\t<\/div>\n\t\t\t\t\t\t<\/div>\n\t\t\t\t<\/div>\n\t\t\t\t<div class=\"elementor-element elementor-element-0e0c447 elementor-widget elementor-widget-heading\" data-id=\"0e0c447\" data-element_type=\"widget\" data-widget_type=\"heading.default\">\n\t\t\t\t<div class=\"elementor-widget-container\">\n\t\t\t\t\t<h2 class=\"elementor-heading-title elementor-size-default\">Together, Let\u2019s Grow Hope<\/h2>\t\t\t\t<\/div>\n\t\t\t\t<\/div>\n\t\t\t\t<div class=\"elementor-element elementor-element-2b439a9 elementor-widget elementor-widget-text-editor\" data-id=\"2b439a9\" data-element_type=\"widget\" data-widget_type=\"text-editor.default\">\n\t\t\t\t<div class=\"elementor-widget-container\">\n\t\t\t\t\t\t\t\t\t<p>Joining Hope Day Cameroon means <strong>choosing to take concrete action<\/strong> for <strong>education<\/strong>, <strong>protection,<\/strong> and <strong>and well-being<\/strong> of children from underprivileged backgrounds.<\/p>\t\t\t\t\t\t\t\t<\/div>\n\t\t\t\t<\/div>\n\t\t\t\t<div class=\"elementor-element elementor-element-b3b1c72 elementor-mobile-align-center elementor-widget elementor-widget-button\" data-id=\"b3b1c72\" data-element_type=\"widget\" data-widget_type=\"button.default\">\n\t\t\t\t<div class=\"elementor-widget-container\">\n\t\t\t\t\t\t\t\t\t<div class=\"elementor-button-wrapper\">\n\t\t\t\t\t<a class=\"elementor-button elementor-button-link elementor-size-sm\" href=\"https:\/\/hope-day.org\/en\/nous-contacter\/\">\n\t\t\t\t\t\t<span class=\"elementor-button-content-wrapper\">\n\t\t\t\t\t\t\t\t\t<span class=\"elementor-button-text\">Contact Us<\/span>\n\t\t\t\t\t<\/span>\n\t\t\t\t\t<\/a>\n\t\t\t\t<\/div>\n\t\t\t\t\t\t\t\t<\/div>\n\t\t\t\t<\/div>\n\t\t\t\t\t<\/div>\n\t\t\t\t<\/div>\n\t\t<div class=\"elementor-element elementor-element-178a862 e-flex e-con-boxed e-con e-parent\" data-id=\"178a862\" data-element_type=\"container\">\n\t\t\t\t\t<div class=\"e-con-inner\">\n\t\t\t\t<div class=\"elementor-element elementor-element-dce22a4 elementor-widget elementor-widget-spacer\" data-id=\"dce22a4\" data-element_type=\"widget\" data-widget_type=\"spacer.default\">\n\t\t\t\t<div class=\"elementor-widget-container\">\n\t\t\t\t\t\t\t<div class=\"elementor-spacer\">\n\t\t\t<div class=\"elementor-spacer-inner\"><\/div>\n\t\t<\/div>\n\t\t\t\t\t\t<\/div>\n\t\t\t\t<\/div>\n\t\t\t\t<div class=\"elementor-element elementor-element-5bc2c4e elementor-widget elementor-widget-heading\" data-id=\"5bc2c4e\" data-element_type=\"widget\" data-widget_type=\"heading.default\">\n\t\t\t\t<div class=\"elementor-widget-container\">\n\t\t\t\t\t<h2 class=\"elementor-heading-title elementor-size-default\">Our Need<\/h2>\t\t\t\t<\/div>\n\t\t\t\t<\/div>\n\t\t\t\t<div class=\"elementor-element elementor-element-1e100ca elementor-widget elementor-widget-heading\" data-id=\"1e100ca\" data-element_type=\"widget\" data-widget_type=\"heading.default\">\n\t\t\t\t<div class=\"elementor-widget-container\">\n\t\t\t\t\t<h3 class=\"elementor-heading-title elementor-size-default\">We\u2019re Missing Just One Thing: You!<\/h3>\t\t\t\t<\/div>\n\t\t\t\t<\/div>\n\t\t\t\t<div class=\"elementor-element elementor-element-2dbca74 elementor-widget-divider--view-line elementor-widget elementor-widget-divider\" data-id=\"2dbca74\" data-element_type=\"widget\" data-widget_type=\"divider.default\">\n\t\t\t\t<div class=\"elementor-widget-container\">\n\t\t\t\t\t\t\t<div class=\"elementor-divider\">\n\t\t\t<span class=\"elementor-divider-separator\">\n\t\t\t\t\t\t<\/span>\n\t\t<\/div>\n\t\t\t\t\t\t<\/div>\n\t\t\t\t<\/div>\n\t\t\t\t<div class=\"elementor-element elementor-element-a9c0272 elementor-widget elementor-widget-text-editor\" data-id=\"a9c0272\" data-element_type=\"widget\" data-widget_type=\"text-editor.default\">\n\t\t\t\t<div class=\"elementor-widget-container\">\n\t\t\t\t\t\t\t\t\t<p data-start=\"164\" data-end=\"382\">Working with <strong data-start=\"180\" data-end=\"201\">Hope Day Cameroon<\/strong>means joining an organization committed to sustainably improving the living conditions of children and youth affected by poverty, social crises, and humanitarian challenges.<\/p><p data-start=\"384\" data-end=\"638\">In many cases, this involves <strong>being present in the field,<\/strong>at the heart of communities\u2014sometimes in sensitive contexts\u2014to help <strong>implement educational,<\/strong>, <strong>social,<\/strong> and <strong>and humanitarian<\/strong> responses tailored to the needs of beneficiaries.<\/p><p data-start=\"640\" data-end=\"846\">In other situations, engagement can take place remotely, through<strong> project coordination,<\/strong>, <strong>communication,<\/strong>, <strong>resource mobilization,<\/strong> or <strong>administrative support<\/strong> within our local teams.<\/p><p data-start=\"848\" data-end=\"1160\">The professional skills we seek therefore vary widely depending on roles and responsibilities, as do the human qualities expected. However, one thing remains constant: <strong>strong motivation<\/strong> and a full commitment to <strong>the values of solidarity,<\/strong>, <strong>protection,<\/strong> and <strong>and respect for children\u2019s rights.<\/strong>.<\/p><p data-start=\"1162\" data-end=\"1338\">Competencies encompass a set of knowledge, commitments, skills, and attitudes that enable a person to act effectively in a given context.<\/p><p data-start=\"1340\" data-end=\"1643\" data-is-last-node=\"\" data-is-only-node=\"\">Each level of responsibility requires specific competencies. Some are essential for everyone\u2014such as motivation, integrity, and self-awareness\u2014while others are linked to particular functions, such as coordination abilities, strategic vision, or project management.<\/p>\t\t\t\t\t\t\t\t<\/div>\n\t\t\t\t<\/div>\n\t\t\t\t\t<\/div>\n\t\t\t\t<\/div>\n\t\t<div class=\"elementor-element elementor-element-96b45dc e-flex e-con-boxed e-con e-parent\" data-id=\"96b45dc\" data-element_type=\"container\" data-settings=\"{&quot;background_background&quot;:&quot;classic&quot;}\">\n\t\t\t\t\t<div class=\"e-con-inner\">\n\t\t\t\t<div class=\"elementor-element elementor-element-bb763ac elementor-widget elementor-widget-spacer\" data-id=\"bb763ac\" data-element_type=\"widget\" data-widget_type=\"spacer.default\">\n\t\t\t\t<div class=\"elementor-widget-container\">\n\t\t\t\t\t\t\t<div class=\"elementor-spacer\">\n\t\t\t<div class=\"elementor-spacer-inner\"><\/div>\n\t\t<\/div>\n\t\t\t\t\t\t<\/div>\n\t\t\t\t<\/div>\n\t\t\t\t<div class=\"elementor-element elementor-element-e840658 elementor-widget elementor-widget-heading\" data-id=\"e840658\" data-element_type=\"widget\" data-widget_type=\"heading.default\">\n\t\t\t\t<div class=\"elementor-widget-container\">\n\t\t\t\t\t<h2 class=\"elementor-heading-title elementor-size-default\">Join the Hope Team<\/h2>\t\t\t\t<\/div>\n\t\t\t\t<\/div>\n\t\t\t\t<div class=\"elementor-element elementor-element-34cbfaa elementor-widget-divider--view-line elementor-widget elementor-widget-divider\" data-id=\"34cbfaa\" data-element_type=\"widget\" data-widget_type=\"divider.default\">\n\t\t\t\t<div class=\"elementor-widget-container\">\n\t\t\t\t\t\t\t<div class=\"elementor-divider\">\n\t\t\t<span class=\"elementor-divider-separator\">\n\t\t\t\t\t\t<\/span>\n\t\t<\/div>\n\t\t\t\t\t\t<\/div>\n\t\t\t\t<\/div>\n\t\t<div class=\"elementor-element elementor-element-23af13c e-con-full e-flex e-con e-child\" data-id=\"23af13c\" data-element_type=\"container\">\n\t\t<div class=\"elementor-element elementor-element-735b5c3 e-con-full e-flex e-con e-child\" data-id=\"735b5c3\" data-element_type=\"container\" data-settings=\"{&quot;background_background&quot;:&quot;classic&quot;}\">\n\t\t\t\t<div class=\"elementor-element elementor-element-0dc490a elementor-widget elementor-widget-heading\" data-id=\"0dc490a\" data-element_type=\"widget\" data-widget_type=\"heading.default\">\n\t\t\t\t<div class=\"elementor-widget-container\">\n\t\t\t\t\t<h2 class=\"elementor-heading-title elementor-size-default\"><a href=\"https:\/\/hope-day.org\/en\/devenir-membre\/\">Become a Member<\/a><\/h2>\t\t\t\t<\/div>\n\t\t\t\t<\/div>\n\t\t\t\t<\/div>\n\t\t<div class=\"elementor-element elementor-element-718b9b0 e-con-full e-flex e-con e-child\" data-id=\"718b9b0\" data-element_type=\"container\" data-settings=\"{&quot;background_background&quot;:&quot;classic&quot;}\">\n\t\t\t\t<div class=\"elementor-element elementor-element-8c980cf elementor-widget elementor-widget-heading\" data-id=\"8c980cf\" data-element_type=\"widget\" data-widget_type=\"heading.default\">\n\t\t\t\t<div class=\"elementor-widget-container\">\n\t\t\t\t\t<h2 class=\"elementor-heading-title elementor-size-default\"><a href=\"https:\/\/hope-day.org\/en\/devenir-benevole\/\">Become a Volunteer<\/a><\/h2>\t\t\t\t<\/div>\n\t\t\t\t<\/div>\n\t\t\t\t<\/div>\n\t\t<div class=\"elementor-element elementor-element-07feb95 e-con-full e-flex e-con e-child\" data-id=\"07feb95\" data-element_type=\"container\" data-settings=\"{&quot;background_background&quot;:&quot;classic&quot;}\">\n\t\t\t\t<div class=\"elementor-element elementor-element-77367ea elementor-widget elementor-widget-heading\" data-id=\"77367ea\" data-element_type=\"widget\" data-widget_type=\"heading.default\">\n\t\t\t\t<div class=\"elementor-widget-container\">\n\t\t\t\t\t<h2 class=\"elementor-heading-title elementor-size-default\"><a href=\"https:\/\/hope-day.org\/en\/devenir-partenaire\/\">Partner with Us<\/a><\/h2>\t\t\t\t<\/div>\n\t\t\t\t<\/div>\n\t\t\t\t<\/div>\n\t\t<div class=\"elementor-element elementor-element-219aba4 e-con-full e-flex e-con e-child\" data-id=\"219aba4\" data-element_type=\"container\" data-settings=\"{&quot;background_background&quot;:&quot;classic&quot;}\">\n\t\t\t\t<div class=\"elementor-element elementor-element-d614710 elementor-widget elementor-widget-heading\" data-id=\"d614710\" data-element_type=\"widget\" data-widget_type=\"heading.default\">\n\t\t\t\t<div class=\"elementor-widget-container\">\n\t\t\t\t\t<h2 class=\"elementor-heading-title elementor-size-default\"><a href=\"https:\/\/hope-day.org\/en\/opportunites-demploi\/\">Job Opportunities<\/a><\/h2>\t\t\t\t<\/div>\n\t\t\t\t<\/div>\n\t\t\t\t<\/div>\n\t\t\t\t<\/div>\n\t\t\t\t<div class=\"elementor-element elementor-element-5a43d15 elementor-widget elementor-widget-spacer\" data-id=\"5a43d15\" data-element_type=\"widget\" data-widget_type=\"spacer.default\">\n\t\t\t\t<div class=\"elementor-widget-container\">\n\t\t\t\t\t\t\t<div class=\"elementor-spacer\">\n\t\t\t<div class=\"elementor-spacer-inner\"><\/div>\n\t\t<\/div>\n\t\t\t\t\t\t<\/div>\n\t\t\t\t<\/div>\n\t\t\t\t<div class=\"elementor-element elementor-element-dce5bbb elementor-widget elementor-widget-text-editor\" data-id=\"dce5bbb\" data-element_type=\"widget\" data-widget_type=\"text-editor.default\">\n\t\t\t\t<div class=\"elementor-widget-container\">\n\t\t\t\t\t\t\t\t\t<p data-start=\"66\" data-end=\"173\"><strong data-start=\"66\" data-end=\"173\">Please note that Hope Day Cameroon does not request any fees at any stage of the recruitment process.<\/strong><\/p><p data-start=\"175\" data-end=\"431\" data-is-last-node=\"\" data-is-only-node=\"\">All official communications from Hope Day Cameroon are conducted exclusively through professional email addresses. We kindly ask you to disregard any message claiming to represent the organization that does not come from our official channels.<\/p>\t\t\t\t\t\t\t\t<\/div>\n\t\t\t\t<\/div>\n\t\t\t\t\t<\/div>\n\t\t\t\t<\/div>\n\t\t\t\t<\/div>","protected":false},"excerpt":{"rendered":"<p>NOUS REJOINDRE Ensemble, faisons grandir l\u2019Espoir Rejoindre Hope Day Cameroon, c\u2019est choisir de s\u2019engager concr\u00e8tement pour l\u2019\u00e9ducation, la protection et l\u2019\u00e9panouissement des enfants issus de milieux d\u00e9favoris\u00e9s. Nous contacter Notre Besoin Il ne nous Manque plus que Vous! Travailler avec Hope Day Cameroon, c\u2019est rejoindre une organisation engag\u00e9e pour l\u2019am\u00e9lioration durable des conditions de vie des enfants et des jeunes [&hellip;]<\/p>","protected":false},"author":1,"featured_media":0,"parent":0,"menu_order":0,"comment_status":"closed","ping_status":"closed","template":"elementor_header_footer","meta":{"footnotes":""},"class_list":["post-38","page","type-page","status-publish","hentry"],"yoast_head":"<!-- This site is optimized with the Yoast SEO plugin v26.8 - https:\/\/yoast.com\/product\/yoast-seo-wordpress\/ -->\n<title>Rejoignez-Nous - Hope Day Cameroon Organization<\/title>\n<meta name=\"robots\" content=\"index, follow, max-snippet:-1, max-image-preview:large, max-video-preview:-1\" \/>\n<link rel=\"canonical\" href=\"https:\/\/hope-day.org\/en\/rejoignez-nous\/\" \/>\n<meta property=\"og:locale\" content=\"en_GB\" \/>\n<meta property=\"og:type\" content=\"article\" \/>\n<meta property=\"og:title\" content=\"Rejoignez-Nous - Hope Day Cameroon Organization\" \/>\n<meta property=\"og:description\" content=\"NOUS REJOINDRE Ensemble, faisons grandir l\u2019Espoir Rejoindre Hope Day Cameroon, c\u2019est choisir de s\u2019engager concr\u00e8tement pour l\u2019\u00e9ducation, la protection et l\u2019\u00e9panouissement des enfants issus de milieux d\u00e9favoris\u00e9s. Nous contacter Notre Besoin Il ne nous Manque plus que Vous! Travailler avec Hope Day Cameroon, c\u2019est rejoindre une organisation engag\u00e9e pour l\u2019am\u00e9lioration durable des conditions de vie des enfants et des jeunes [&hellip;]\" \/>\n<meta property=\"og:url\" content=\"https:\/\/hope-day.org\/en\/rejoignez-nous\/\" \/>\n<meta property=\"og:site_name\" content=\"Hope Day Cameroon Organization\" \/>\n<meta property=\"article:modified_time\" content=\"2026-01-07T23:14:51+00:00\" \/>\n<meta name=\"twitter:card\" content=\"summary_large_image\" \/>\n<meta name=\"twitter:label1\" content=\"Estimated reading time\" \/>\n\t<meta name=\"twitter:data1\" content=\"2 minutes\" \/>\n<script type=\"application\/ld+json\" class=\"yoast-schema-graph\">{\"@context\":\"https:\/\/schema.org\",\"@graph\":[{\"@type\":\"WebPage\",\"@id\":\"https:\/\/hope-day.org\/en\/rejoignez-nous\/\",\"url\":\"https:\/\/hope-day.org\/en\/rejoignez-nous\/\",\"name\":\"Rejoignez-Nous - Hope Day Cameroon Organization\",\"isPartOf\":{\"@id\":\"https:\/\/hope-day.org\/#website\"},\"datePublished\":\"2025-04-03T12:16:23+00:00\",\"dateModified\":\"2026-01-07T23:14:51+00:00\",\"breadcrumb\":{\"@id\":\"https:\/\/hope-day.org\/en\/rejoignez-nous\/#breadcrumb\"},\"inLanguage\":\"en-GB\",\"potentialAction\":[{\"@type\":\"ReadAction\",\"target\":[\"https:\/\/hope-day.org\/en\/rejoignez-nous\/\"]}]},{\"@type\":\"BreadcrumbList\",\"@id\":\"https:\/\/hope-day.org\/en\/rejoignez-nous\/#breadcrumb\",\"itemListElement\":[{\"@type\":\"ListItem\",\"position\":1,\"name\":\"Home\",\"item\":\"https:\/\/hope-day.org\/\"},{\"@type\":\"ListItem\",\"position\":2,\"name\":\"Rejoignez-Nous\"}]},{\"@type\":\"WebSite\",\"@id\":\"https:\/\/hope-day.org\/#website\",\"url\":\"https:\/\/hope-day.org\/\",\"name\":\"Hope Day Cameroon Organization\",\"description\":\"Association pour la protection et le droit de l&#039;enfant au Caemeroun\",\"publisher\":{\"@id\":\"https:\/\/hope-day.org\/#organization\"},\"potentialAction\":[{\"@type\":\"SearchAction\",\"target\":{\"@type\":\"EntryPoint\",\"urlTemplate\":\"https:\/\/hope-day.org\/?s={search_term_string}\"},\"query-input\":{\"@type\":\"PropertyValueSpecification\",\"valueRequired\":true,\"valueName\":\"search_term_string\"}}],\"inLanguage\":\"en-GB\"},{\"@type\":\"Organization\",\"@id\":\"https:\/\/hope-day.org\/#organization\",\"name\":\"Hope Day Cameroon Organization\",\"url\":\"https:\/\/hope-day.org\/\",\"logo\":{\"@type\":\"ImageObject\",\"inLanguage\":\"en-GB\",\"@id\":\"https:\/\/hope-day.org\/#\/schema\/logo\/image\/\",\"url\":\"https:\/\/hope-day.org\/wp-content\/uploads\/2025\/04\/cropped-cropped-logo-bleu.png\",\"contentUrl\":\"https:\/\/hope-day.org\/wp-content\/uploads\/2025\/04\/cropped-cropped-logo-bleu.png\",\"width\":4007,\"height\":1401,\"caption\":\"Hope Day Cameroon Organization\"},\"image\":{\"@id\":\"https:\/\/hope-day.org\/#\/schema\/logo\/image\/\"}}]}<\/script>\n<!-- \/ Yoast SEO plugin. -->","yoast_head_json":{"title":"Rejoignez-Nous - Hope Day Cameroon Organization","robots":{"index":"index","follow":"follow","max-snippet":"max-snippet:-1","max-image-preview":"max-image-preview:large","max-video-preview":"max-video-preview:-1"},"canonical":"https:\/\/hope-day.org\/en\/rejoignez-nous\/","og_locale":"en_GB","og_type":"article","og_title":"Rejoignez-Nous - Hope Day Cameroon Organization","og_description":"NOUS REJOINDRE Ensemble, faisons grandir l\u2019Espoir Rejoindre Hope Day Cameroon, c\u2019est choisir de s\u2019engager concr\u00e8tement pour l\u2019\u00e9ducation, la protection et l\u2019\u00e9panouissement des enfants issus de milieux d\u00e9favoris\u00e9s. Nous contacter Notre Besoin Il ne nous Manque plus que Vous! Travailler avec Hope Day Cameroon, c\u2019est rejoindre une organisation engag\u00e9e pour l\u2019am\u00e9lioration durable des conditions de vie des enfants et des jeunes [&hellip;]","og_url":"https:\/\/hope-day.org\/en\/rejoignez-nous\/","og_site_name":"Hope Day Cameroon Organization","article_modified_time":"2026-01-07T23:14:51+00:00","twitter_card":"summary_large_image","twitter_misc":{"Estimated reading time":"2 minutes"},"schema":{"@context":"https:\/\/schema.org","@graph":[{"@type":"WebPage","@id":"https:\/\/hope-day.org\/en\/rejoignez-nous\/","url":"https:\/\/hope-day.org\/en\/rejoignez-nous\/","name":"Rejoignez-Nous - Hope Day Cameroon Organization","isPartOf":{"@id":"https:\/\/hope-day.org\/#website"},"datePublished":"2025-04-03T12:16:23+00:00","dateModified":"2026-01-07T23:14:51+00:00","breadcrumb":{"@id":"https:\/\/hope-day.org\/en\/rejoignez-nous\/#breadcrumb"},"inLanguage":"en-GB","potentialAction":[{"@type":"ReadAction","target":["https:\/\/hope-day.org\/en\/rejoignez-nous\/"]}]},{"@type":"BreadcrumbList","@id":"https:\/\/hope-day.org\/en\/rejoignez-nous\/#breadcrumb","itemListElement":[{"@type":"ListItem","position":1,"name":"Home","item":"https:\/\/hope-day.org\/"},{"@type":"ListItem","position":2,"name":"Rejoignez-Nous"}]},{"@type":"WebSite","@id":"https:\/\/hope-day.org\/#website","url":"https:\/\/hope-day.org\/","name":"Hope Day Cameroon Organization","description":"Association pour la protection et le droit de l&#039;enfant au Caemeroun","publisher":{"@id":"https:\/\/hope-day.org\/#organization"},"potentialAction":[{"@type":"SearchAction","target":{"@type":"EntryPoint","urlTemplate":"https:\/\/hope-day.org\/?s={search_term_string}"},"query-input":{"@type":"PropertyValueSpecification","valueRequired":true,"valueName":"search_term_string"}}],"inLanguage":"en-GB"},{"@type":"Organization","@id":"https:\/\/hope-day.org\/#organization","name":"Hope Day Cameroon Organization","url":"https:\/\/hope-day.org\/","logo":{"@type":"ImageObject","inLanguage":"en-GB","@id":"https:\/\/hope-day.org\/#\/schema\/logo\/image\/","url":"https:\/\/hope-day.org\/wp-content\/uploads\/2025\/04\/cropped-cropped-logo-bleu.png","contentUrl":"https:\/\/hope-day.org\/wp-content\/uploads\/2025\/04\/cropped-cropped-logo-bleu.png","width":4007,"height":1401,"caption":"Hope Day Cameroon Organization"},"image":{"@id":"https:\/\/hope-day.org\/#\/schema\/logo\/image\/"}}]}},"_links":{"self":[{"href":"https:\/\/hope-day.org\/en\/wp-json\/wp\/v2\/pages\/38","targetHints":{"allow":["GET"]}}],"collection":[{"href":"https:\/\/hope-day.org\/en\/wp-json\/wp\/v2\/pages"}],"about":[{"href":"https:\/\/hope-day.org\/en\/wp-json\/wp\/v2\/types\/page"}],"author":[{"embeddable":true,"href":"https:\/\/hope-day.org\/en\/wp-json\/wp\/v2\/users\/1"}],"replies":[{"embeddable":true,"href":"https:\/\/hope-day.org\/en\/wp-json\/wp\/v2\/comments?post=38"}],"version-history":[{"count":38,"href":"https:\/\/hope-day.org\/en\/wp-json\/wp\/v2\/pages\/38\/revisions"}],"predecessor-version":[{"id":1466,"href":"https:\/\/hope-day.org\/en\/wp-json\/wp\/v2\/pages\/38\/revisions\/1466"}],"wp:attachment":[{"href":"https:\/\/hope-day.org\/en\/wp-json\/wp\/v2\/media?parent=38"}],"curies":[{"name":"wp","href":"https:\/\/api.w.org\/{rel}","templated":true}]}}