{"id":37,"date":"2025-04-03T12:16:23","date_gmt":"2025-04-03T12:16:23","guid":{"rendered":"https:\/\/hope-day.org\/?page_id=37"},"modified":"2026-01-26T15:22:58","modified_gmt":"2026-01-26T15:22:58","slug":"nos-actions","status":"publish","type":"page","link":"https:\/\/hope-day.org\/en\/nos-actions\/","title":{"rendered":"Champs d&rsquo;Action"},"content":{"rendered":"<div data-elementor-type=\"wp-page\" data-elementor-id=\"37\" class=\"elementor elementor-37\" data-elementor-post-type=\"page\">\n\t\t\t\t<div class=\"elementor-element elementor-element-deb7109 e-con-full e-flex e-con e-parent\" data-id=\"deb7109\" data-element_type=\"container\" data-settings=\"{&quot;background_background&quot;:&quot;classic&quot;,&quot;background_motion_fx_motion_fx_scrolling&quot;:&quot;yes&quot;,&quot;background_motion_fx_translateX_effect&quot;:&quot;yes&quot;,&quot;background_motion_fx_translateX_speed&quot;:{&quot;unit&quot;:&quot;px&quot;,&quot;size&quot;:4.3,&quot;sizes&quot;:[]},&quot;background_motion_fx_devices&quot;:[&quot;mobile&quot;],&quot;background_motion_fx_translateX_affectedRange&quot;:{&quot;unit&quot;:&quot;%&quot;,&quot;size&quot;:&quot;&quot;,&quot;sizes&quot;:{&quot;start&quot;:0,&quot;end&quot;:100}}}\">\n\t\t\t\t<div class=\"elementor-element elementor-element-3af23a9 elementor-widget-tablet__width-initial elementor-widget-mobile__width-initial elementor-widget__width-initial elementor-widget elementor-widget-heading\" data-id=\"3af23a9\" data-element_type=\"widget\" data-widget_type=\"heading.default\">\n\t\t\t\t<div class=\"elementor-widget-container\">\n\t\t\t\t\t<h1 class=\"elementor-heading-title elementor-size-default\">Areas of Intervention<\/h1>\t\t\t\t<\/div>\n\t\t\t\t<\/div>\n\t\t\t\t<\/div>\n\t\t<div class=\"elementor-element elementor-element-20bf341 e-flex e-con-boxed e-con e-parent\" data-id=\"20bf341\" data-element_type=\"container\">\n\t\t\t\t\t<div class=\"e-con-inner\">\n\t\t\t\t<div class=\"elementor-element elementor-element-ea379fb elementor-widget elementor-widget-spacer\" data-id=\"ea379fb\" data-element_type=\"widget\" data-widget_type=\"spacer.default\">\n\t\t\t\t<div class=\"elementor-widget-container\">\n\t\t\t\t\t\t\t<div class=\"elementor-spacer\">\n\t\t\t<div class=\"elementor-spacer-inner\"><\/div>\n\t\t<\/div>\n\t\t\t\t\t\t<\/div>\n\t\t\t\t<\/div>\n\t\t<div class=\"elementor-element elementor-element-53194eb e-con-full e-flex e-con e-child\" data-id=\"53194eb\" data-element_type=\"container\">\n\t\t\t\t<div class=\"elementor-element elementor-element-e94ddf4 elementor-widget-mobile__width-initial elementor-widget elementor-widget-text-editor\" data-id=\"e94ddf4\" data-element_type=\"widget\" data-widget_type=\"text-editor.default\">\n\t\t\t\t<div class=\"elementor-widget-container\">\n\t\t\t\t\t\t\t\t\t<p>DISCOVER OUR AREAS OF INTERVENTION<\/p>\t\t\t\t\t\t\t\t<\/div>\n\t\t\t\t<\/div>\n\t\t\t\t<div class=\"elementor-element elementor-element-31f6651 elementor-widget__width-initial elementor-widget-mobile__width-initial elementor-widget elementor-widget-heading\" data-id=\"31f6651\" data-element_type=\"widget\" data-widget_type=\"heading.default\">\n\t\t\t\t<div class=\"elementor-widget-container\">\n\t\t\t\t\t<h2 class=\"elementor-heading-title elementor-size-default\">Because Every Child Deserves an Equal Chance<\/h2>\t\t\t\t<\/div>\n\t\t\t\t<\/div>\n\t\t\t\t<div class=\"elementor-element elementor-element-4bee532 elementor-widget-divider--view-line elementor-widget elementor-widget-divider\" data-id=\"4bee532\" data-element_type=\"widget\" data-widget_type=\"divider.default\">\n\t\t\t\t<div class=\"elementor-widget-container\">\n\t\t\t\t\t\t\t<div class=\"elementor-divider\">\n\t\t\t<span class=\"elementor-divider-separator\">\n\t\t\t\t\t\t<\/span>\n\t\t<\/div>\n\t\t\t\t\t\t<\/div>\n\t\t\t\t<\/div>\n\t\t\t\t<div class=\"elementor-element elementor-element-510e665 elementor-widget elementor-widget-text-editor\" data-id=\"510e665\" data-element_type=\"widget\" data-widget_type=\"text-editor.default\">\n\t\t\t\t<div class=\"elementor-widget-container\">\n\t\t\t\t\t\t\t\t\t<p>At Hope Day Cameroon, our commitment to children is reflected in concrete, targeted, and sustainable actions. Our areas of intervention address the essential needs of underprivileged children through three fundamental pillars.<\/p>\t\t\t\t\t\t\t\t<\/div>\n\t\t\t\t<\/div>\n\t\t\t\t<\/div>\n\t\t\t\t\t<\/div>\n\t\t\t\t<\/div>\n\t\t<div class=\"elementor-element elementor-element-790ac38 e-flex e-con-boxed e-con e-parent\" data-id=\"790ac38\" data-element_type=\"container\">\n\t\t\t\t\t<div class=\"e-con-inner\">\n\t\t<div class=\"elementor-element elementor-element-d483157 e-con-full e-flex e-con e-child\" data-id=\"d483157\" data-element_type=\"container\">\n\t\t<div class=\"elementor-element elementor-element-b7e3d01 e-con-full e-flex e-con e-child\" data-id=\"b7e3d01\" data-element_type=\"container\">\n\t\t<div class=\"elementor-element elementor-element-cf91ad4 e-con-full e-flex e-con e-child\" data-id=\"cf91ad4\" data-element_type=\"container\" data-settings=\"{&quot;background_background&quot;:&quot;classic&quot;}\">\n\t\t\t\t<div class=\"elementor-element elementor-element-4dcd3cb elementor-align-center elementor-widget elementor-widget-button\" data-id=\"4dcd3cb\" data-element_type=\"widget\" data-widget_type=\"button.default\">\n\t\t\t\t<div class=\"elementor-widget-container\">\n\t\t\t\t\t\t\t\t\t<div class=\"elementor-button-wrapper\">\n\t\t\t\t\t<a class=\"elementor-button elementor-button-link elementor-size-sm\" href=\"#\">\n\t\t\t\t\t\t<span class=\"elementor-button-content-wrapper\">\n\t\t\t\t\t\t\t\t\t<span class=\"elementor-button-text\">Know More<\/span>\n\t\t\t\t\t<\/span>\n\t\t\t\t\t<\/a>\n\t\t\t\t<\/div>\n\t\t\t\t\t\t\t\t<\/div>\n\t\t\t\t<\/div>\n\t\t\t\t<\/div>\n\t\t<div class=\"elementor-element elementor-element-33f1979 e-con-full e-flex e-con e-child\" data-id=\"33f1979\" data-element_type=\"container\">\n\t\t\t\t<div class=\"elementor-element elementor-element-080b821 elementor-widget elementor-widget-text-editor\" data-id=\"080b821\" data-element_type=\"widget\" data-widget_type=\"text-editor.default\">\n\t\t\t\t<div class=\"elementor-widget-container\">\n\t\t\t\t\t\t\t\t\t<p>EDUCATION<\/p>\t\t\t\t\t\t\t\t<\/div>\n\t\t\t\t<\/div>\n\t\t\t\t<div class=\"elementor-element elementor-element-41baccf elementor-widget__width-initial elementor-widget-mobile__width-initial elementor-widget elementor-widget-heading\" data-id=\"41baccf\" data-element_type=\"widget\" data-widget_type=\"heading.default\">\n\t\t\t\t<div class=\"elementor-widget-container\">\n\t\t\t\t\t<h2 class=\"elementor-heading-title elementor-size-default\">Education is the Key to Empowerment <\/h2>\t\t\t\t<\/div>\n\t\t\t\t<\/div>\n\t\t\t\t<div class=\"elementor-element elementor-element-ea8c354 elementor-widget elementor-widget-text-editor\" data-id=\"ea8c354\" data-element_type=\"widget\" data-widget_type=\"text-editor.default\">\n\t\t\t\t<div class=\"elementor-widget-container\">\n\t\t\t\t\t\t\t\t\t<p>Providing access to quality education is at the heart of our mission. We support children throughout their school journey through enrollment campaigns, tutoring, and material assistance.<\/p>\t\t\t\t\t\t\t\t<\/div>\n\t\t\t\t<\/div>\n\t\t\t\t<\/div>\n\t\t\t\t<\/div>\n\t\t<div class=\"elementor-element elementor-element-100f803 e-con-full e-flex e-con e-child\" data-id=\"100f803\" data-element_type=\"container\">\n\t\t<div class=\"elementor-element elementor-element-6939e97 e-con-full e-flex e-con e-child\" data-id=\"6939e97\" data-element_type=\"container\" data-settings=\"{&quot;background_background&quot;:&quot;classic&quot;}\">\n\t\t\t\t<div class=\"elementor-element elementor-element-17181fa elementor-align-center elementor-widget elementor-widget-button\" data-id=\"17181fa\" data-element_type=\"widget\" data-widget_type=\"button.default\">\n\t\t\t\t<div class=\"elementor-widget-container\">\n\t\t\t\t\t\t\t\t\t<div class=\"elementor-button-wrapper\">\n\t\t\t\t\t<a class=\"elementor-button elementor-button-link elementor-size-sm\" href=\"#\">\n\t\t\t\t\t\t<span class=\"elementor-button-content-wrapper\">\n\t\t\t\t\t\t\t\t\t<span class=\"elementor-button-text\">Know More<\/span>\n\t\t\t\t\t<\/span>\n\t\t\t\t\t<\/a>\n\t\t\t\t<\/div>\n\t\t\t\t\t\t\t\t<\/div>\n\t\t\t\t<\/div>\n\t\t\t\t<\/div>\n\t\t<div class=\"elementor-element elementor-element-4fbca83 e-con-full e-flex e-con e-child\" data-id=\"4fbca83\" data-element_type=\"container\">\n\t\t\t\t<div class=\"elementor-element elementor-element-a1c56b5 elementor-widget elementor-widget-text-editor\" data-id=\"a1c56b5\" data-element_type=\"widget\" data-widget_type=\"text-editor.default\">\n\t\t\t\t<div class=\"elementor-widget-container\">\n\t\t\t\t\t\t\t\t\t<p>PROTECTION<\/p>\t\t\t\t\t\t\t\t<\/div>\n\t\t\t\t<\/div>\n\t\t\t\t<div class=\"elementor-element elementor-element-dd24806 elementor-widget__width-initial elementor-widget-mobile__width-initial elementor-widget elementor-widget-heading\" data-id=\"dd24806\" data-element_type=\"widget\" data-widget_type=\"heading.default\">\n\t\t\t\t<div class=\"elementor-widget-container\">\n\t\t\t\t\t<h2 class=\"elementor-heading-title elementor-size-default\">Protecting to Help Children Grow Safely<\/h2>\t\t\t\t<\/div>\n\t\t\t\t<\/div>\n\t\t\t\t<div class=\"elementor-element elementor-element-b40c6d9 elementor-widget elementor-widget-text-editor\" data-id=\"b40c6d9\" data-element_type=\"widget\" data-widget_type=\"text-editor.default\">\n\t\t\t\t<div class=\"elementor-widget-container\">\n\t\t\t\t\t\t\t\t\t<p>We work to ensure children have a safe and nurturing environment. Our actions include awareness workshops, psychosocial support, and partnerships with care facilities.<\/p>\t\t\t\t\t\t\t\t<\/div>\n\t\t\t\t<\/div>\n\t\t\t\t<\/div>\n\t\t\t\t<\/div>\n\t\t<div class=\"elementor-element elementor-element-d0e48f9 e-con-full e-flex e-con e-child\" data-id=\"d0e48f9\" data-element_type=\"container\">\n\t\t<div class=\"elementor-element elementor-element-237adc8 e-con-full e-flex e-con e-child\" data-id=\"237adc8\" data-element_type=\"container\" data-settings=\"{&quot;background_background&quot;:&quot;classic&quot;}\">\n\t\t\t\t<div class=\"elementor-element elementor-element-829e9e8 elementor-align-center elementor-widget elementor-widget-button\" data-id=\"829e9e8\" data-element_type=\"widget\" data-widget_type=\"button.default\">\n\t\t\t\t<div class=\"elementor-widget-container\">\n\t\t\t\t\t\t\t\t\t<div class=\"elementor-button-wrapper\">\n\t\t\t\t\t<a class=\"elementor-button elementor-button-link elementor-size-sm\" href=\"#\">\n\t\t\t\t\t\t<span class=\"elementor-button-content-wrapper\">\n\t\t\t\t\t\t\t\t\t<span class=\"elementor-button-text\">Know More<\/span>\n\t\t\t\t\t<\/span>\n\t\t\t\t\t<\/a>\n\t\t\t\t<\/div>\n\t\t\t\t\t\t\t\t<\/div>\n\t\t\t\t<\/div>\n\t\t\t\t<\/div>\n\t\t<div class=\"elementor-element elementor-element-f500181 e-con-full e-flex e-con e-child\" data-id=\"f500181\" data-element_type=\"container\">\n\t\t\t\t<div class=\"elementor-element elementor-element-d206381 elementor-widget elementor-widget-text-editor\" data-id=\"d206381\" data-element_type=\"widget\" data-widget_type=\"text-editor.default\">\n\t\t\t\t<div class=\"elementor-widget-container\">\n\t\t\t\t\t\t\t\t\t<p>RIGHTS<\/p>\t\t\t\t\t\t\t\t<\/div>\n\t\t\t\t<\/div>\n\t\t\t\t<div class=\"elementor-element elementor-element-93a7bd6 elementor-widget__width-initial elementor-widget-mobile__width-initial elementor-widget elementor-widget-heading\" data-id=\"93a7bd6\" data-element_type=\"widget\" data-widget_type=\"heading.default\">\n\t\t\t\t<div class=\"elementor-widget-container\">\n\t\t\t\t\t<h2 class=\"elementor-heading-title elementor-size-default\">Defending Rights, Amplifying Voices<\/h2>\t\t\t\t<\/div>\n\t\t\t\t<\/div>\n\t\t\t\t<div class=\"elementor-element elementor-element-59b6ea3 elementor-widget elementor-widget-text-editor\" data-id=\"59b6ea3\" data-element_type=\"widget\" data-widget_type=\"text-editor.default\">\n\t\t\t\t<div class=\"elementor-widget-container\">\n\t\t\t\t\t\t\t\t\t<p>We advocate for the respect and understanding of children\u2019s fundamental rights. Through training, advocacy, and awareness campaigns, we educate both youth and adults about their responsibilities.<\/p>\t\t\t\t\t\t\t\t<\/div>\n\t\t\t\t<\/div>\n\t\t\t\t<\/div>\n\t\t\t\t<\/div>\n\t\t\t\t<\/div>\n\t\t\t\t\t<\/div>\n\t\t\t\t<\/div>\n\t\t<div class=\"elementor-element elementor-element-74b1daa e-flex e-con-boxed e-con e-parent\" data-id=\"74b1daa\" data-element_type=\"container\">\n\t\t\t\t\t<div class=\"e-con-inner\">\n\t\t\t\t<div class=\"elementor-element elementor-element-1e8cce7 elementor-widget elementor-widget-spacer\" data-id=\"1e8cce7\" data-element_type=\"widget\" data-widget_type=\"spacer.default\">\n\t\t\t\t<div class=\"elementor-widget-container\">\n\t\t\t\t\t\t\t<div class=\"elementor-spacer\">\n\t\t\t<div class=\"elementor-spacer-inner\"><\/div>\n\t\t<\/div>\n\t\t\t\t\t\t<\/div>\n\t\t\t\t<\/div>\n\t\t\t\t\t<\/div>\n\t\t\t\t<\/div>\n\t\t<div class=\"elementor-element elementor-element-9cdeee5 e-flex e-con-boxed e-con e-parent\" data-id=\"9cdeee5\" data-element_type=\"container\" data-settings=\"{&quot;background_background&quot;:&quot;classic&quot;}\">\n\t\t\t\t\t<div class=\"e-con-inner\">\n\t\t<div class=\"elementor-element elementor-element-4221f8d e-con-full e-flex e-con e-child\" data-id=\"4221f8d\" data-element_type=\"container\">\n\t\t<div class=\"elementor-element elementor-element-e74e529 e-con-full e-flex e-con e-child\" data-id=\"e74e529\" data-element_type=\"container\">\n\t\t\t\t<div class=\"elementor-element elementor-element-63d6f63 elementor-widget elementor-widget-text-editor\" data-id=\"63d6f63\" data-element_type=\"widget\" data-widget_type=\"text-editor.default\">\n\t\t\t\t<div class=\"elementor-widget-container\">\n\t\t\t\t\t\t\t\t\t<p>Ongoing Actions<\/p>\t\t\t\t\t\t\t\t<\/div>\n\t\t\t\t<\/div>\n\t\t\t\t<div class=\"elementor-element elementor-element-b759106 elementor-widget__width-initial elementor-widget-mobile__width-initial elementor-widget elementor-widget-heading\" data-id=\"b759106\" data-element_type=\"widget\" data-widget_type=\"heading.default\">\n\t\t\t\t<div class=\"elementor-widget-container\">\n\t\t\t\t\t<h2 class=\"elementor-heading-title elementor-size-default\">DISCOVER OUR ONGOING ACTIONS<\/h2>\t\t\t\t<\/div>\n\t\t\t\t<\/div>\n\t\t\t\t<div class=\"elementor-element elementor-element-d35a180 elementor-widget elementor-widget-text-editor\" data-id=\"d35a180\" data-element_type=\"widget\" data-widget_type=\"text-editor.default\">\n\t\t\t\t<div class=\"elementor-widget-container\">\n\t\t\t\t\t\t\t\t\t<p>Find our current projects here: school enrollment campaigns, charity tournaments, personal development workshops and more.<\/p>\t\t\t\t\t\t\t\t<\/div>\n\t\t\t\t<\/div>\n\t\t\t\t<\/div>\n\t\t\t\t<div class=\"elementor-element elementor-element-9c28547 elementor-align-center elementor-widget elementor-widget-button\" data-id=\"9c28547\" data-element_type=\"widget\" data-widget_type=\"button.default\">\n\t\t\t\t<div class=\"elementor-widget-container\">\n\t\t\t\t\t\t\t\t\t<div class=\"elementor-button-wrapper\">\n\t\t\t\t\t<a class=\"elementor-button elementor-button-link elementor-size-sm\" href=\"https:\/\/hope-day.org\/en\/actions-encours\/\">\n\t\t\t\t\t\t<span class=\"elementor-button-content-wrapper\">\n\t\t\t\t\t\t\t\t\t<span class=\"elementor-button-text\">Discover<\/span>\n\t\t\t\t\t<\/span>\n\t\t\t\t\t<\/a>\n\t\t\t\t<\/div>\n\t\t\t\t\t\t\t\t<\/div>\n\t\t\t\t<\/div>\n\t\t\t\t<\/div>\n\t\t\t\t\t<\/div>\n\t\t\t\t<\/div>\n\t\t<div class=\"elementor-element elementor-element-b78eb79 e-flex e-con-boxed e-con e-parent\" data-id=\"b78eb79\" data-element_type=\"container\">\n\t\t\t\t\t<div class=\"e-con-inner\">\n\t\t\t\t<div class=\"elementor-element elementor-element-d25a214 elementor-widget elementor-widget-spacer\" data-id=\"d25a214\" data-element_type=\"widget\" data-widget_type=\"spacer.default\">\n\t\t\t\t<div class=\"elementor-widget-container\">\n\t\t\t\t\t\t\t<div class=\"elementor-spacer\">\n\t\t\t<div class=\"elementor-spacer-inner\"><\/div>\n\t\t<\/div>\n\t\t\t\t\t\t<\/div>\n\t\t\t\t<\/div>\n\t\t<div class=\"elementor-element elementor-element-35b743d e-con-full e-flex e-con e-child\" data-id=\"35b743d\" data-element_type=\"container\">\n\t\t\t\t<div class=\"elementor-element elementor-element-90278f2 elementor-widget elementor-widget-spacer\" data-id=\"90278f2\" data-element_type=\"widget\" data-widget_type=\"spacer.default\">\n\t\t\t\t<div class=\"elementor-widget-container\">\n\t\t\t\t\t\t\t<div class=\"elementor-spacer\">\n\t\t\t<div class=\"elementor-spacer-inner\"><\/div>\n\t\t<\/div>\n\t\t\t\t\t\t<\/div>\n\t\t\t\t<\/div>\n\t\t\t\t<div class=\"elementor-element elementor-element-9bcdcf3 elementor-align-center elementor-widget elementor-widget-button\" data-id=\"9bcdcf3\" data-element_type=\"widget\" data-widget_type=\"button.default\">\n\t\t\t\t<div class=\"elementor-widget-container\">\n\t\t\t\t\t\t\t\t\t<div class=\"elementor-button-wrapper\">\n\t\t\t\t\t<a class=\"elementor-button elementor-button-link elementor-size-sm\" href=\"https:\/\/hope-day.org\/en\/rejoignez-nous\/\">\n\t\t\t\t\t\t<span class=\"elementor-button-content-wrapper\">\n\t\t\t\t\t\t\t\t\t<span class=\"elementor-button-text\">Join us or donate to build a fairer future for every child.<\/span>\n\t\t\t\t\t<\/span>\n\t\t\t\t\t<\/a>\n\t\t\t\t<\/div>\n\t\t\t\t\t\t\t\t<\/div>\n\t\t\t\t<\/div>\n\t\t\t\t<\/div>\n\t\t\t\t<div class=\"elementor-element elementor-element-2024fa8 elementor-widget elementor-widget-spacer\" data-id=\"2024fa8\" data-element_type=\"widget\" data-widget_type=\"spacer.default\">\n\t\t\t\t<div class=\"elementor-widget-container\">\n\t\t\t\t\t\t\t<div class=\"elementor-spacer\">\n\t\t\t<div class=\"elementor-spacer-inner\"><\/div>\n\t\t<\/div>\n\t\t\t\t\t\t<\/div>\n\t\t\t\t<\/div>\n\t\t\t\t\t<\/div>\n\t\t\t\t<\/div>\n\t\t\t\t<\/div>","protected":false},"excerpt":{"rendered":"<p>Nos Champs d&rsquo;Action DECOUVREZ NOS DOMAINES D&rsquo;INTERVENTION Parce que Chaque Enfant M\u00e9rite Une Chance Equitable Chez Hope Day Cameroon, notre engagement pour les enfants se traduit par des actions concr\u00e8tes, cibl\u00e9es et durables. Nos champs d\u2019intervention r\u00e9pondent aux besoins essentiels des enfants d\u00e9favoris\u00e9s \u00e0 travers trois axes fondamentaux. En Savoir Plus EDUCATION L\u2019\u00e9ducation est la cl\u00e9 de l\u2019autonomie Offrir l&rsquo;acc\u00e8s [&hellip;]<\/p>","protected":false},"author":1,"featured_media":0,"parent":0,"menu_order":0,"comment_status":"closed","ping_status":"closed","template":"elementor_header_footer","meta":{"footnotes":""},"class_list":["post-37","page","type-page","status-publish","hentry"],"yoast_head":"<!-- This site is optimized with the Yoast SEO plugin v26.8 - https:\/\/yoast.com\/product\/yoast-seo-wordpress\/ -->\n<title>Champs d&#039;Action - Hope Day Cameroon Organization<\/title>\n<meta name=\"description\" content=\"D\u00e9couvrez les actions concr\u00e8tes de l&#039;association Hope day Cameroon\u202f: projets, campagnes et moyens d\u2019agir pour un avenir plus juste.\" \/>\n<meta name=\"robots\" content=\"index, follow, max-snippet:-1, max-image-preview:large, max-video-preview:-1\" \/>\n<link rel=\"canonical\" href=\"https:\/\/hope-day.org\/en\/nos-actions\/\" \/>\n<meta property=\"og:locale\" content=\"en_GB\" \/>\n<meta property=\"og:type\" content=\"article\" \/>\n<meta property=\"og:title\" content=\"Champs d&#039;Action - Hope Day Cameroon Organization\" \/>\n<meta property=\"og:description\" content=\"D\u00e9couvrez les actions concr\u00e8tes de l&#039;association Hope day Cameroon\u202f: projets, campagnes et moyens d\u2019agir pour un avenir plus juste.\" \/>\n<meta property=\"og:url\" content=\"https:\/\/hope-day.org\/en\/nos-actions\/\" \/>\n<meta property=\"og:site_name\" content=\"Hope Day Cameroon Organization\" \/>\n<meta property=\"article:modified_time\" content=\"2026-01-26T15:22:58+00:00\" \/>\n<meta name=\"twitter:card\" content=\"summary_large_image\" \/>\n<meta name=\"twitter:label1\" content=\"Estimated reading time\" \/>\n\t<meta name=\"twitter:data1\" content=\"1 minute\" \/>\n<script type=\"application\/ld+json\" class=\"yoast-schema-graph\">{\"@context\":\"https:\/\/schema.org\",\"@graph\":[{\"@type\":\"WebPage\",\"@id\":\"https:\/\/hope-day.org\/nos-actions\/\",\"url\":\"https:\/\/hope-day.org\/nos-actions\/\",\"name\":\"Champs d'Action - Hope Day Cameroon Organization\",\"isPartOf\":{\"@id\":\"https:\/\/hope-day.org\/#website\"},\"datePublished\":\"2025-04-03T12:16:23+00:00\",\"dateModified\":\"2026-01-26T15:22:58+00:00\",\"description\":\"D\u00e9couvrez les actions concr\u00e8tes de l'association Hope day Cameroon\u202f: projets, campagnes et moyens d\u2019agir pour un avenir plus juste.\",\"breadcrumb\":{\"@id\":\"https:\/\/hope-day.org\/nos-actions\/#breadcrumb\"},\"inLanguage\":\"en-GB\",\"potentialAction\":[{\"@type\":\"ReadAction\",\"target\":[\"https:\/\/hope-day.org\/nos-actions\/\"]}]},{\"@type\":\"BreadcrumbList\",\"@id\":\"https:\/\/hope-day.org\/nos-actions\/#breadcrumb\",\"itemListElement\":[{\"@type\":\"ListItem\",\"position\":1,\"name\":\"Home\",\"item\":\"https:\/\/hope-day.org\/\"},{\"@type\":\"ListItem\",\"position\":2,\"name\":\"Champs d&rsquo;Action\"}]},{\"@type\":\"WebSite\",\"@id\":\"https:\/\/hope-day.org\/#website\",\"url\":\"https:\/\/hope-day.org\/\",\"name\":\"Hope Day Cameroon Organization\",\"description\":\"Association pour la protection et le droit de l&#039;enfant au Caemeroun\",\"publisher\":{\"@id\":\"https:\/\/hope-day.org\/#organization\"},\"potentialAction\":[{\"@type\":\"SearchAction\",\"target\":{\"@type\":\"EntryPoint\",\"urlTemplate\":\"https:\/\/hope-day.org\/?s={search_term_string}\"},\"query-input\":{\"@type\":\"PropertyValueSpecification\",\"valueRequired\":true,\"valueName\":\"search_term_string\"}}],\"inLanguage\":\"en-GB\"},{\"@type\":\"Organization\",\"@id\":\"https:\/\/hope-day.org\/#organization\",\"name\":\"Hope Day Cameroon Organization\",\"url\":\"https:\/\/hope-day.org\/\",\"logo\":{\"@type\":\"ImageObject\",\"inLanguage\":\"en-GB\",\"@id\":\"https:\/\/hope-day.org\/#\/schema\/logo\/image\/\",\"url\":\"https:\/\/hope-day.org\/wp-content\/uploads\/2025\/04\/cropped-cropped-logo-bleu.png\",\"contentUrl\":\"https:\/\/hope-day.org\/wp-content\/uploads\/2025\/04\/cropped-cropped-logo-bleu.png\",\"width\":4007,\"height\":1401,\"caption\":\"Hope Day Cameroon Organization\"},\"image\":{\"@id\":\"https:\/\/hope-day.org\/#\/schema\/logo\/image\/\"}}]}<\/script>\n<!-- \/ Yoast SEO plugin. -->","yoast_head_json":{"title":"Champs d'Action - Hope Day Cameroon Organization","description":"D\u00e9couvrez les actions concr\u00e8tes de l'association Hope day Cameroon\u202f: projets, campagnes et moyens d\u2019agir pour un avenir plus juste.","robots":{"index":"index","follow":"follow","max-snippet":"max-snippet:-1","max-image-preview":"max-image-preview:large","max-video-preview":"max-video-preview:-1"},"canonical":"https:\/\/hope-day.org\/en\/nos-actions\/","og_locale":"en_GB","og_type":"article","og_title":"Champs d'Action - Hope Day Cameroon Organization","og_description":"D\u00e9couvrez les actions concr\u00e8tes de l'association Hope day Cameroon\u202f: projets, campagnes et moyens d\u2019agir pour un avenir plus juste.","og_url":"https:\/\/hope-day.org\/en\/nos-actions\/","og_site_name":"Hope Day Cameroon Organization","article_modified_time":"2026-01-26T15:22:58+00:00","twitter_card":"summary_large_image","twitter_misc":{"Estimated reading time":"1 minute"},"schema":{"@context":"https:\/\/schema.org","@graph":[{"@type":"WebPage","@id":"https:\/\/hope-day.org\/nos-actions\/","url":"https:\/\/hope-day.org\/nos-actions\/","name":"Champs d'Action - Hope Day Cameroon Organization","isPartOf":{"@id":"https:\/\/hope-day.org\/#website"},"datePublished":"2025-04-03T12:16:23+00:00","dateModified":"2026-01-26T15:22:58+00:00","description":"D\u00e9couvrez les actions concr\u00e8tes de l'association Hope day Cameroon\u202f: projets, campagnes et moyens d\u2019agir pour un avenir plus juste.","breadcrumb":{"@id":"https:\/\/hope-day.org\/nos-actions\/#breadcrumb"},"inLanguage":"en-GB","potentialAction":[{"@type":"ReadAction","target":["https:\/\/hope-day.org\/nos-actions\/"]}]},{"@type":"BreadcrumbList","@id":"https:\/\/hope-day.org\/nos-actions\/#breadcrumb","itemListElement":[{"@type":"ListItem","position":1,"name":"Home","item":"https:\/\/hope-day.org\/"},{"@type":"ListItem","position":2,"name":"Champs d&rsquo;Action"}]},{"@type":"WebSite","@id":"https:\/\/hope-day.org\/#website","url":"https:\/\/hope-day.org\/","name":"Hope Day Cameroon Organization","description":"Association pour la protection et le droit de l&#039;enfant au Caemeroun","publisher":{"@id":"https:\/\/hope-day.org\/#organization"},"potentialAction":[{"@type":"SearchAction","target":{"@type":"EntryPoint","urlTemplate":"https:\/\/hope-day.org\/?s={search_term_string}"},"query-input":{"@type":"PropertyValueSpecification","valueRequired":true,"valueName":"search_term_string"}}],"inLanguage":"en-GB"},{"@type":"Organization","@id":"https:\/\/hope-day.org\/#organization","name":"Hope Day Cameroon Organization","url":"https:\/\/hope-day.org\/","logo":{"@type":"ImageObject","inLanguage":"en-GB","@id":"https:\/\/hope-day.org\/#\/schema\/logo\/image\/","url":"https:\/\/hope-day.org\/wp-content\/uploads\/2025\/04\/cropped-cropped-logo-bleu.png","contentUrl":"https:\/\/hope-day.org\/wp-content\/uploads\/2025\/04\/cropped-cropped-logo-bleu.png","width":4007,"height":1401,"caption":"Hope Day Cameroon Organization"},"image":{"@id":"https:\/\/hope-day.org\/#\/schema\/logo\/image\/"}}]}},"_links":{"self":[{"href":"https:\/\/hope-day.org\/en\/wp-json\/wp\/v2\/pages\/37","targetHints":{"allow":["GET"]}}],"collection":[{"href":"https:\/\/hope-day.org\/en\/wp-json\/wp\/v2\/pages"}],"about":[{"href":"https:\/\/hope-day.org\/en\/wp-json\/wp\/v2\/types\/page"}],"author":[{"embeddable":true,"href":"https:\/\/hope-day.org\/en\/wp-json\/wp\/v2\/users\/1"}],"replies":[{"embeddable":true,"href":"https:\/\/hope-day.org\/en\/wp-json\/wp\/v2\/comments?post=37"}],"version-history":[{"count":52,"href":"https:\/\/hope-day.org\/en\/wp-json\/wp\/v2\/pages\/37\/revisions"}],"predecessor-version":[{"id":1856,"href":"https:\/\/hope-day.org\/en\/wp-json\/wp\/v2\/pages\/37\/revisions\/1856"}],"wp:attachment":[{"href":"https:\/\/hope-day.org\/en\/wp-json\/wp\/v2\/media?parent=37"}],"curies":[{"name":"wp","href":"https:\/\/api.w.org\/{rel}","templated":true}]}}