{"id":3,"date":"2025-03-23T01:05:07","date_gmt":"2025-03-23T01:05:07","guid":{"rendered":"http:\/\/127.0.0.1\/?page_id=3"},"modified":"2026-01-12T10:47:56","modified_gmt":"2026-01-12T10:47:56","slug":"privacy-policy","status":"publish","type":"page","link":"https:\/\/hope-day.org\/en\/privacy-policy\/","title":{"rendered":"Politique de confidentialit\u00e9"},"content":{"rendered":"<h2 class=\"wp-block-heading has-regular-font-size\"><strong>Derni\u00e8re mise \u00e0 jour<\/strong> : 12 janvier 2026<\/h2>\n\n\n\n<p>Cette Politique de Confidentialit\u00e9 d\u00e9crit nos politiques et proc\u00e9dures relatives \u00e0 la collecte, \u00e0 l\u2019utilisation et \u00e0 la divulgation de vos informations lorsque vous utilisez notre Service et vous informe de vos droits en mati\u00e8re de protection de la vie priv\u00e9e ainsi que de la mani\u00e8re dont la loi vous prot\u00e8ge.<\/p>\n\n\n\n<p>Nous utilisons vos donn\u00e9es personnelles pour fournir et am\u00e9liorer le Service. En utilisant le Service, vous acceptez la collecte et l\u2019utilisation des informations conform\u00e9ment \u00e0 la pr\u00e9sente Politique de Confidentialit\u00e9.<\/p>\n\n\n\n<hr class=\"wp-block-separator has-alpha-channel-opacity\"\/>\n\n\n\n<h2 class=\"wp-block-heading\"><strong>Interpr\u00e9tation et D\u00e9finitions<\/strong><\/h2>\n\n\n\n<h3 class=\"wp-block-heading\">Interpr\u00e9tation<\/h3>\n\n\n\n<p>Les mots dont la premi\u00e8re lettre est en majuscule ont une signification d\u00e9finie dans les conditions suivantes. Les d\u00e9finitions suivantes ont la m\u00eame signification qu\u2019elles apparaissent au singulier ou au pluriel.<\/p>\n\n\n\n<h3 class=\"wp-block-heading\">D\u00e9finitions<\/h3>\n\n\n\n<p>Aux fins de la pr\u00e9sente Politique de Confidentialit\u00e9 :<\/p>\n\n\n\n<p><strong>Compte<\/strong> d\u00e9signe un compte unique cr\u00e9\u00e9 pour vous permettre d\u2019acc\u00e9der \u00e0 notre Service ou \u00e0 certaines parties de celui-ci.<\/p>\n\n\n\n<p><strong>Soci\u00e9t\u00e9<\/strong> (d\u00e9sign\u00e9e par \u00ab la Soci\u00e9t\u00e9 \u00bb, \u00ab Nous \u00bb, \u00ab Notre \u00bb ou \u00ab Nos \u00bb) fait r\u00e9f\u00e9rence \u00e0 <strong>Hope Day Organization<\/strong>.<\/p>\n\n\n\n<p><strong>Cookies<\/strong> d\u00e9signent de petits fichiers plac\u00e9s sur votre ordinateur, appareil mobile ou tout autre appareil par un site web.<\/p>\n\n\n\n<p><strong>Pays<\/strong> fait r\u00e9f\u00e9rence \u00e0 : <strong>Cameroon<\/strong>.<\/p>\n\n\n\n<p><strong>Appareil<\/strong> d\u00e9signe tout appareil permettant d\u2019acc\u00e9der au Service, tel qu\u2019un ordinateur, un t\u00e9l\u00e9phone portable ou une tablette num\u00e9rique.<\/p>\n\n\n\n<p><strong>Donn\u00e9es personnelles<\/strong> d\u00e9signent toute information se rapportant \u00e0 une personne identifi\u00e9e ou identifiable.<\/p>\n\n\n\n<p><strong>Service<\/strong> fait r\u00e9f\u00e9rence au site web.<\/p>\n\n\n\n<p><strong>Prestataire de services<\/strong> d\u00e9signe toute personne physique ou morale qui traite les donn\u00e9es pour le compte de la Soci\u00e9t\u00e9.<\/p>\n\n\n\n<p><strong>Donn\u00e9es d\u2019utilisation<\/strong> d\u00e9signent les donn\u00e9es collect\u00e9es automatiquement lors de l\u2019utilisation du Service.<\/p>\n\n\n\n<p><strong>Site web<\/strong> fait r\u00e9f\u00e9rence \u00e0 Hope Day Organization, accessible depuis <strong><a href=\"https:\/\/hope-day.org\/en\/\">www.hope-day.org<\/a><\/strong>.<\/p>\n\n\n\n<p><strong>Vous<\/strong> d\u00e9signe l\u2019utilisateur du Service.<\/p>\n\n\n\n<hr class=\"wp-block-separator has-alpha-channel-opacity\"\/>\n\n\n\n<h2 class=\"wp-block-heading\">Collecte et Utilisation de vos Donn\u00e9es Personnelles<\/h2>\n\n\n\n<h3 class=\"wp-block-heading\">Types de Donn\u00e9es Collect\u00e9es<\/h3>\n\n\n\n<p><strong>Donn\u00e9es personnelles<\/strong><br>Lors de l\u2019utilisation de notre Service, nous pouvons vous demander de nous fournir certaines informations personnellement identifiables.<\/p>\n\n\n\n<p><strong>Donn\u00e9es d\u2019utilisation<\/strong><br>Les donn\u00e9es d\u2019utilisation sont collect\u00e9es automatiquement lors de l\u2019utilisation du Service.<\/p>\n\n\n\n<p>Les donn\u00e9es d\u2019utilisation peuvent inclure des informations telles que l\u2019adresse de protocole Internet de votre appareil (adresse IP), le type et la version de navigateur, les pages de notre Service que vous consultez, la date et l\u2019heure de votre visite, le temps pass\u00e9 sur ces pages, les identifiants uniques d\u2019appareils et d\u2019autres donn\u00e9es de diagnostic.<\/p>\n\n\n\n<p>Lorsque vous acc\u00e9dez au Service par ou via un appareil mobile, nous pouvons collecter automatiquement certaines informations, notamment le type d\u2019appareil mobile que vous utilisez, l\u2019identifiant unique de votre appareil mobile, l\u2019adresse IP de votre appareil mobile, votre syst\u00e8me d\u2019exploitation mobile, le type de navigateur Internet mobile que vous utilisez, des identifiants uniques d\u2019appareils et d\u2019autres donn\u00e9es de diagnostic.<\/p>\n\n\n\n<p>Nous pouvons \u00e9galement collecter les informations que votre navigateur envoie chaque fois que vous visitez notre Service ou lorsque vous acc\u00e9dez au Service par ou via un appareil mobile.<\/p>\n\n\n\n<hr class=\"wp-block-separator has-alpha-channel-opacity\"\/>\n\n\n\n<h2 class=\"wp-block-heading\">Technologies de Suivi et Cookies<\/h2>\n\n\n\n<p>Nous utilisons des Cookies et des technologies de suivi similaires pour suivre l\u2019activit\u00e9 sur notre Service et stocker certaines informations. Les technologies utilis\u00e9es comprennent notamment des balises, tags et scripts destin\u00e9s \u00e0 collecter et suivre les informations ainsi qu\u2019\u00e0 am\u00e9liorer et analyser notre Service.<\/p>\n\n\n\n<p>Les Cookies peuvent \u00eatre \u00ab persistants \u00bb ou \u00ab de session \u00bb. Les Cookies persistants restent sur votre ordinateur ou appareil mobile lorsque vous \u00eates hors ligne, tandis que les Cookies de session sont supprim\u00e9s d\u00e8s que vous fermez votre navigateur.<\/p>\n\n\n\n<p>Nous utilisons \u00e0 la fois des Cookies de session et des Cookies persistants pour les finalit\u00e9s d\u00e9crites ci-dessous :<\/p>\n\n\n\n<h3 class=\"wp-block-heading\">Cookies N\u00e9cessaires \/ Essentiels<\/h3>\n\n\n\n<p><strong>Type :<\/strong> Cookies de session<br><strong>Administr\u00e9s par :<\/strong> Nous<br><strong>Finalit\u00e9 :<\/strong> Ces Cookies sont essentiels pour vous fournir les services disponibles sur le Site Web et vous permettre d\u2019utiliser certaines de ses fonctionnalit\u00e9s. Ils aident \u00e0 authentifier les utilisateurs et \u00e0 pr\u00e9venir l\u2019utilisation frauduleuse des comptes utilisateurs.<\/p>\n\n\n\n<h3 class=\"wp-block-heading\">Cookies d\u2019Acceptation de la Politique de Cookies<\/h3>\n\n\n\n<p><strong>Type :<\/strong> Cookies persistants<br><strong>Administr\u00e9s par :<\/strong> Nous<br><strong>Finalit\u00e9 :<\/strong> Ces Cookies identifient si les utilisateurs ont accept\u00e9 l\u2019utilisation des cookies sur le Site Web.<\/p>\n\n\n\n<h3 class=\"wp-block-heading\">Cookies de Fonctionnalit\u00e9<\/h3>\n\n\n\n<p><strong>Type :<\/strong> Cookies persistants<br><strong>Administr\u00e9s par :<\/strong> Nous<br><strong>Finalit\u00e9 :<\/strong> Ces Cookies nous permettent de m\u00e9moriser les choix que vous effectuez lorsque vous utilisez le Site Web, tels que vos informations de connexion ou votre pr\u00e9f\u00e9rence linguistique, afin de vous offrir une exp\u00e9rience plus personnalis\u00e9e.<\/p>\n\n\n\n<hr class=\"wp-block-separator has-alpha-channel-opacity\"\/>\n\n\n\n<h2 class=\"wp-block-heading\">Utilisation de vos Donn\u00e9es Personnelles<\/h2>\n\n\n\n<p>La Soci\u00e9t\u00e9 peut utiliser les Donn\u00e9es Personnelles aux fins suivantes :<\/p>\n\n\n\n<p><strong>Fournir et maintenir notre Service<\/strong>, notamment pour surveiller l\u2019utilisation de notre Service.<\/p>\n\n\n\n<p><strong>G\u00e9rer votre Compte<\/strong> : g\u00e9rer votre inscription en tant qu\u2019utilisateur du Service. Les Donn\u00e9es Personnelles que vous fournissez peuvent vous donner acc\u00e8s \u00e0 diff\u00e9rentes fonctionnalit\u00e9s du Service disponibles pour les utilisateurs enregistr\u00e9s.<\/p>\n\n\n\n<p><strong>Ex\u00e9cution d\u2019un contrat<\/strong> : d\u00e9veloppement, conformit\u00e9 et ex\u00e9cution du contrat d\u2019achat pour les produits, articles ou services que vous avez achet\u00e9s ou de tout autre contrat conclu avec Nous via le Service.<\/p>\n\n\n\n<p><strong>Vous contacter<\/strong> : vous contacter par e-mail, appels t\u00e9l\u00e9phoniques, SMS ou autres formes \u00e9quivalentes de communication \u00e9lectronique, telles que les notifications push d\u2019une application mobile concernant des mises \u00e0 jour ou des communications informatives li\u00e9es aux fonctionnalit\u00e9s, produits ou services contract\u00e9s, y compris les mises \u00e0 jour de s\u00e9curit\u00e9, lorsque cela est n\u00e9cessaire ou raisonnable.<\/p>\n\n\n\n<p><strong>Vous fournir des informations<\/strong> sur les actualit\u00e9s, offres sp\u00e9ciales et informations g\u00e9n\u00e9rales concernant d\u2019autres biens, services et \u00e9v\u00e9nements que nous proposons, similaires \u00e0 ceux que vous avez d\u00e9j\u00e0 achet\u00e9s ou pour lesquels vous vous \u00eates renseign\u00e9, sauf si vous avez choisi de ne pas recevoir ces informations.<\/p>\n\n\n\n<p><strong>G\u00e9rer vos demandes<\/strong> : traiter et g\u00e9rer les demandes que vous nous adressez.<\/p>\n\n\n\n<p><strong>Autres finalit\u00e9s<\/strong> : nous pouvons utiliser vos informations \u00e0 d\u2019autres fins telles que l\u2019analyse de donn\u00e9es, l\u2019identification des tendances d\u2019utilisation, l\u2019\u00e9valuation de l\u2019efficacit\u00e9 de nos campagnes promotionnelles et l\u2019am\u00e9lioration de notre Service, produits, services, marketing et de votre exp\u00e9rience.<\/p>\n\n\n\n<hr class=\"wp-block-separator has-alpha-channel-opacity\"\/>\n\n\n\n<h2 class=\"wp-block-heading\">Partage de vos informations personnelles<\/h2>\n\n\n\n<p>Nous pouvons partager vos informations personnelles dans les situations suivantes :<\/p>\n\n\n\n<p><strong>Avec des Prestataires de services<\/strong> : Nous pouvons partager vos informations personnelles avec des prestataires de services afin de surveiller et analyser l\u2019utilisation de notre Service ou de vous contacter.<\/p>\n\n\n\n<p><strong>Avec des partenaires commerciaux<\/strong> : Nous pouvons partager vos informations avec nos partenaires commerciaux afin de vous proposer certains produits, services ou promotions.<\/p>\n\n\n\n<p><strong>Avec d\u2019autres utilisateurs<\/strong> : lorsque vous partagez des informations personnelles ou interagissez dans des espaces publics avec d\u2019autres utilisateurs, ces informations peuvent \u00eatre vues par tous les utilisateurs et peuvent \u00eatre diffus\u00e9es publiquement en dehors du Service.<\/p>\n\n\n\n<p><strong>Avec votre consentement<\/strong> : Nous pouvons divulguer vos informations personnelles \u00e0 toute autre fin avec votre consentement.<\/p>\n\n\n\n<hr class=\"wp-block-separator has-alpha-channel-opacity\"\/>\n\n\n\n<h2 class=\"wp-block-heading\">Conservation de vos Donn\u00e9es Personnelles<\/h2>\n\n\n\n<p>La Soci\u00e9t\u00e9 conservera vos Donn\u00e9es Personnelles uniquement pendant la dur\u00e9e n\u00e9cessaire aux fins d\u00e9crites dans la pr\u00e9sente Politique de Confidentialit\u00e9. Nous conserverons et utiliserons vos Donn\u00e9es Personnelles dans la mesure n\u00e9cessaire pour respecter nos obligations l\u00e9gales (par exemple si la loi nous oblige \u00e0 conserver vos donn\u00e9es), r\u00e9soudre des litiges et faire respecter nos accords et politiques juridiques.<\/p>\n\n\n\n<p>La Soci\u00e9t\u00e9 conservera \u00e9galement les Donn\u00e9es d\u2019Utilisation \u00e0 des fins d\u2019analyse interne. Les Donn\u00e9es d\u2019Utilisation sont g\u00e9n\u00e9ralement conserv\u00e9es pour une dur\u00e9e plus courte, sauf si ces donn\u00e9es sont utilis\u00e9es pour renforcer la s\u00e9curit\u00e9 ou am\u00e9liorer la fonctionnalit\u00e9 de notre Service, ou si la loi nous oblige \u00e0 les conserver plus longtemps.<\/p>\n\n\n\n<hr class=\"wp-block-separator has-alpha-channel-opacity\"\/>\n\n\n\n<h2 class=\"wp-block-heading\">Transfert de vos Donn\u00e9es Personnelles<\/h2>\n\n\n\n<p>Vos informations, y compris les Donn\u00e9es Personnelles, sont trait\u00e9es dans les bureaux d\u2019exploitation de la Soci\u00e9t\u00e9 ainsi que dans tout autre lieu o\u00f9 se trouvent les parties impliqu\u00e9es dans le traitement. Cela signifie que ces informations peuvent \u00eatre transf\u00e9r\u00e9es vers \u2014 et conserv\u00e9es sur \u2014 des ordinateurs situ\u00e9s en dehors de votre \u00c9tat, province, pays ou autre juridiction gouvernementale o\u00f9 les lois sur la protection des donn\u00e9es peuvent diff\u00e9rer de celles de votre juridiction.<\/p>\n\n\n\n<p>Votre consentement \u00e0 la pr\u00e9sente Politique de Confidentialit\u00e9 suivi de la soumission de ces informations repr\u00e9sente votre accord \u00e0 ce transfert.<\/p>\n\n\n\n<p>La Soci\u00e9t\u00e9 prendra toutes les mesures raisonnables n\u00e9cessaires pour garantir que vos donn\u00e9es soient trait\u00e9es de mani\u00e8re s\u00e9curis\u00e9e et conform\u00e9ment \u00e0 la pr\u00e9sente Politique de Confidentialit\u00e9 et aucun transfert de vos Donn\u00e9es Personnelles n\u2019aura lieu vers une organisation ou un pays sans garanties ad\u00e9quates, y compris la s\u00e9curit\u00e9 de vos donn\u00e9es et autres informations personnelles.<\/p>\n\n\n\n<hr class=\"wp-block-separator has-alpha-channel-opacity\"\/>\n\n\n\n<h2 class=\"wp-block-heading\">Suppression de vos Donn\u00e9es Personnelles<\/h2>\n\n\n\n<p>Vous avez le droit de supprimer ou de demander que Nous vous aidions \u00e0 supprimer les Donn\u00e9es Personnelles que Nous avons collect\u00e9es \u00e0 votre sujet.<\/p>\n\n\n\n<p>Notre Service peut vous donner la possibilit\u00e9 de supprimer certaines informations vous concernant directement depuis le Service.<\/p>\n\n\n\n<p>Vous pouvez \u00e0 tout moment mettre \u00e0 jour, modifier ou supprimer vos informations en vous connectant \u00e0 votre Compte, s\u2019il existe, puis en vous rendant dans la section des param\u00e8tres du compte qui vous permet de g\u00e9rer vos informations personnelles. Vous pouvez \u00e9galement Nous contacter pour demander l\u2019acc\u00e8s, la correction ou la suppression de toute information personnelle que vous Nous avez fournie.<\/p>\n\n\n\n<p>Veuillez noter toutefois que Nous pouvons \u00eatre amen\u00e9s \u00e0 conserver certaines informations lorsque Nous y sommes l\u00e9galement tenus ou lorsque Nous disposons d\u2019une base l\u00e9gale pour le faire.<\/p>\n\n\n\n<hr class=\"wp-block-separator has-alpha-channel-opacity\"\/>\n\n\n\n<h2 class=\"wp-block-heading\">Divulgation de vos Donn\u00e9es Personnelles<\/h2>\n\n\n\n<h3 class=\"wp-block-heading\">Transactions commerciales<\/h3>\n\n\n\n<p>Si la Soci\u00e9t\u00e9 est impliqu\u00e9e dans une fusion, une acquisition ou une vente d\u2019actifs, vos Donn\u00e9es Personnelles peuvent \u00eatre transf\u00e9r\u00e9es. Nous vous informerons avant que vos Donn\u00e9es Personnelles ne soient transf\u00e9r\u00e9es et ne deviennent soumises \u00e0 une autre Politique de Confidentialit\u00e9.<\/p>\n\n\n\n<h3 class=\"wp-block-heading\">Application de la loi<\/h3>\n\n\n\n<p>Dans certaines circonstances, la Soci\u00e9t\u00e9 peut \u00eatre tenue de divulguer vos Donn\u00e9es Personnelles si la loi l\u2019exige ou en r\u00e9ponse \u00e0 des demandes valides des autorit\u00e9s publiques (par exemple un tribunal ou une agence gouvernementale).<\/p>\n\n\n\n<h3 class=\"wp-block-heading\">Autres obligations l\u00e9gales<\/h3>\n\n\n\n<p>La Soci\u00e9t\u00e9 peut divulguer vos Donn\u00e9es Personnelles en toute bonne foi si une telle action est n\u00e9cessaire pour :<\/p>\n\n\n\n<ul class=\"wp-block-list\">\n<li>Se conformer \u00e0 une obligation l\u00e9gale<\/li>\n\n\n\n<li>Prot\u00e9ger et d\u00e9fendre les droits ou la propri\u00e9t\u00e9 de la Soci\u00e9t\u00e9<\/li>\n\n\n\n<li>Pr\u00e9venir ou enqu\u00eater sur d\u2019\u00e9ventuels actes r\u00e9pr\u00e9hensibles en lien avec le Service<\/li>\n\n\n\n<li>Prot\u00e9ger la s\u00e9curit\u00e9 personnelle des utilisateurs du Service ou du public<\/li>\n\n\n\n<li>Se pr\u00e9munir contre toute responsabilit\u00e9 juridique<\/li>\n<\/ul>\n\n\n\n<hr class=\"wp-block-separator has-alpha-channel-opacity\"\/>\n\n\n\n<h2 class=\"wp-block-heading\">S\u00e9curit\u00e9 de vos Donn\u00e9es Personnelles<\/h2>\n\n\n\n<p>La s\u00e9curit\u00e9 de vos Donn\u00e9es Personnelles est importante pour Nous, mais n\u2019oubliez pas qu\u2019aucune m\u00e9thode de transmission sur Internet ni aucun mode de stockage \u00e9lectronique n\u2019est totalement s\u00e9curis\u00e9. Bien que Nous nous efforcions d\u2019utiliser des moyens commercialement acceptables pour prot\u00e9ger vos Donn\u00e9es Personnelles, Nous ne pouvons pas en garantir la s\u00e9curit\u00e9 absolue.<\/p>\n\n\n\n<hr class=\"wp-block-separator has-alpha-channel-opacity\"\/>\n\n\n\n<h2 class=\"wp-block-heading\">Liens vers d\u2019autres sites web<\/h2>\n\n\n\n<p>Notre Service peut contenir des liens vers d\u2019autres sites web qui ne sont pas exploit\u00e9s par Nous. Si vous cliquez sur un lien tiers, vous serez redirig\u00e9 vers le site de ce tiers. Nous vous conseillons vivement de consulter la Politique de Confidentialit\u00e9 de chaque site que vous visitez.<\/p>\n\n\n\n<p>Nous n\u2019avons aucun contr\u00f4le sur le contenu, les politiques de confidentialit\u00e9 ou les pratiques des sites ou services tiers et n\u2019assumons aucune responsabilit\u00e9 \u00e0 cet \u00e9gard.<\/p>\n\n\n\n<hr class=\"wp-block-separator has-alpha-channel-opacity\"\/>\n\n\n\n<h2 class=\"wp-block-heading\">Modifications de la pr\u00e9sente Politique de Confidentialit\u00e9<\/h2>\n\n\n\n<p>Nous pouvons mettre \u00e0 jour notre Politique de Confidentialit\u00e9 de temps \u00e0 autre. Nous vous informerons de toute modification en publiant la nouvelle Politique de Confidentialit\u00e9 sur cette page.<\/p>\n\n\n\n<p>Nous vous informerons \u00e9galement par e-mail et\/ou par un avis visible sur notre Service avant que la modification ne prenne effet et mettrons \u00e0 jour la date de \u00ab Derni\u00e8re mise \u00e0 jour \u00bb en haut de la pr\u00e9sente Politique de Confidentialit\u00e9.<\/p>\n\n\n\n<p>Nous vous conseillons de consulter r\u00e9guli\u00e8rement cette Politique de Confidentialit\u00e9 afin de prendre connaissance de toute modification. Les modifications entrent en vigueur d\u00e8s leur publication sur cette page.<\/p>\n\n\n\n<hr class=\"wp-block-separator has-alpha-channel-opacity\"\/>\n\n\n\n<h2 class=\"wp-block-heading\">Contact Us<\/h2>\n\n\n\n<p>Si vous avez des questions concernant la pr\u00e9sente Politique de Confidentialit\u00e9, vous pouvez Nous contacter :<\/p>\n\n\n\n<p><strong>Par e-mail :<\/strong> <a>contact@hope-day.org<\/a><\/p>\n\n\n\n<p><\/p>","protected":false},"excerpt":{"rendered":"<p>Derni\u00e8re mise \u00e0 jour : 12 janvier 2026 Cette Politique de Confidentialit\u00e9 d\u00e9crit nos politiques et proc\u00e9dures relatives \u00e0 la collecte, \u00e0 l\u2019utilisation et \u00e0 la divulgation de vos informations lorsque vous utilisez notre Service et vous informe de vos droits en mati\u00e8re de protection de la vie priv\u00e9e ainsi que de la mani\u00e8re dont la loi vous prot\u00e8ge. Nous [&hellip;]<\/p>","protected":false},"author":1,"featured_media":0,"parent":0,"menu_order":0,"comment_status":"closed","ping_status":"open","template":"","meta":{"footnotes":""},"class_list":["post-3","page","type-page","status-publish","hentry"],"yoast_head":"<!-- This site is optimized with the Yoast SEO plugin v26.8 - https:\/\/yoast.com\/product\/yoast-seo-wordpress\/ -->\n<title>Politique de confidentialit\u00e9 - Hope Day Cameroon Organization<\/title>\n<meta name=\"robots\" content=\"index, follow, max-snippet:-1, max-image-preview:large, max-video-preview:-1\" \/>\n<link rel=\"canonical\" href=\"https:\/\/hope-day.org\/en\/privacy-policy\/\" \/>\n<meta property=\"og:locale\" content=\"en_GB\" \/>\n<meta property=\"og:type\" content=\"article\" \/>\n<meta property=\"og:title\" content=\"Politique de confidentialit\u00e9 - Hope Day Cameroon Organization\" \/>\n<meta property=\"og:description\" content=\"Derni\u00e8re mise \u00e0 jour : 12 janvier 2026 Cette Politique de Confidentialit\u00e9 d\u00e9crit nos politiques et proc\u00e9dures relatives \u00e0 la collecte, \u00e0 l\u2019utilisation et \u00e0 la divulgation de vos informations lorsque vous utilisez notre Service et vous informe de vos droits en mati\u00e8re de protection de la vie priv\u00e9e ainsi que de la mani\u00e8re dont la loi vous prot\u00e8ge. Nous [&hellip;]\" \/>\n<meta property=\"og:url\" content=\"https:\/\/hope-day.org\/en\/privacy-policy\/\" \/>\n<meta property=\"og:site_name\" content=\"Hope Day Cameroon Organization\" \/>\n<meta property=\"article:modified_time\" content=\"2026-01-12T10:47:56+00:00\" \/>\n<meta name=\"twitter:card\" content=\"summary_large_image\" \/>\n<meta name=\"twitter:label1\" content=\"Estimated reading time\" \/>\n\t<meta name=\"twitter:data1\" content=\"11 minutes\" \/>\n<script type=\"application\/ld+json\" class=\"yoast-schema-graph\">{\"@context\":\"https:\/\/schema.org\",\"@graph\":[{\"@type\":\"WebPage\",\"@id\":\"https:\/\/hope-day.org\/privacy-policy\/\",\"url\":\"https:\/\/hope-day.org\/privacy-policy\/\",\"name\":\"Politique de confidentialit\u00e9 - Hope Day Cameroon Organization\",\"isPartOf\":{\"@id\":\"https:\/\/hope-day.org\/#website\"},\"datePublished\":\"2025-03-23T01:05:07+00:00\",\"dateModified\":\"2026-01-12T10:47:56+00:00\",\"breadcrumb\":{\"@id\":\"https:\/\/hope-day.org\/privacy-policy\/#breadcrumb\"},\"inLanguage\":\"en-GB\",\"potentialAction\":[{\"@type\":\"ReadAction\",\"target\":[\"https:\/\/hope-day.org\/privacy-policy\/\"]}]},{\"@type\":\"BreadcrumbList\",\"@id\":\"https:\/\/hope-day.org\/privacy-policy\/#breadcrumb\",\"itemListElement\":[{\"@type\":\"ListItem\",\"position\":1,\"name\":\"Home\",\"item\":\"https:\/\/hope-day.org\/\"},{\"@type\":\"ListItem\",\"position\":2,\"name\":\"Politique de confidentialit\u00e9\"}]},{\"@type\":\"WebSite\",\"@id\":\"https:\/\/hope-day.org\/#website\",\"url\":\"https:\/\/hope-day.org\/\",\"name\":\"Hope Day Cameroon Organization\",\"description\":\"Association pour la protection et le droit de l&#039;enfant au Caemeroun\",\"publisher\":{\"@id\":\"https:\/\/hope-day.org\/#organization\"},\"potentialAction\":[{\"@type\":\"SearchAction\",\"target\":{\"@type\":\"EntryPoint\",\"urlTemplate\":\"https:\/\/hope-day.org\/?s={search_term_string}\"},\"query-input\":{\"@type\":\"PropertyValueSpecification\",\"valueRequired\":true,\"valueName\":\"search_term_string\"}}],\"inLanguage\":\"en-GB\"},{\"@type\":\"Organization\",\"@id\":\"https:\/\/hope-day.org\/#organization\",\"name\":\"Hope Day Cameroon Organization\",\"url\":\"https:\/\/hope-day.org\/\",\"logo\":{\"@type\":\"ImageObject\",\"inLanguage\":\"en-GB\",\"@id\":\"https:\/\/hope-day.org\/#\/schema\/logo\/image\/\",\"url\":\"https:\/\/hope-day.org\/wp-content\/uploads\/2025\/04\/cropped-cropped-logo-bleu.png\",\"contentUrl\":\"https:\/\/hope-day.org\/wp-content\/uploads\/2025\/04\/cropped-cropped-logo-bleu.png\",\"width\":4007,\"height\":1401,\"caption\":\"Hope Day Cameroon Organization\"},\"image\":{\"@id\":\"https:\/\/hope-day.org\/#\/schema\/logo\/image\/\"}}]}<\/script>\n<!-- \/ Yoast SEO plugin. -->","yoast_head_json":{"title":"Politique de confidentialit\u00e9 - Hope Day Cameroon Organization","robots":{"index":"index","follow":"follow","max-snippet":"max-snippet:-1","max-image-preview":"max-image-preview:large","max-video-preview":"max-video-preview:-1"},"canonical":"https:\/\/hope-day.org\/en\/privacy-policy\/","og_locale":"en_GB","og_type":"article","og_title":"Politique de confidentialit\u00e9 - Hope Day Cameroon Organization","og_description":"Derni\u00e8re mise \u00e0 jour : 12 janvier 2026 Cette Politique de Confidentialit\u00e9 d\u00e9crit nos politiques et proc\u00e9dures relatives \u00e0 la collecte, \u00e0 l\u2019utilisation et \u00e0 la divulgation de vos informations lorsque vous utilisez notre Service et vous informe de vos droits en mati\u00e8re de protection de la vie priv\u00e9e ainsi que de la mani\u00e8re dont la loi vous prot\u00e8ge. Nous [&hellip;]","og_url":"https:\/\/hope-day.org\/en\/privacy-policy\/","og_site_name":"Hope Day Cameroon Organization","article_modified_time":"2026-01-12T10:47:56+00:00","twitter_card":"summary_large_image","twitter_misc":{"Estimated reading time":"11 minutes"},"schema":{"@context":"https:\/\/schema.org","@graph":[{"@type":"WebPage","@id":"https:\/\/hope-day.org\/privacy-policy\/","url":"https:\/\/hope-day.org\/privacy-policy\/","name":"Politique de confidentialit\u00e9 - Hope Day Cameroon Organization","isPartOf":{"@id":"https:\/\/hope-day.org\/#website"},"datePublished":"2025-03-23T01:05:07+00:00","dateModified":"2026-01-12T10:47:56+00:00","breadcrumb":{"@id":"https:\/\/hope-day.org\/privacy-policy\/#breadcrumb"},"inLanguage":"en-GB","potentialAction":[{"@type":"ReadAction","target":["https:\/\/hope-day.org\/privacy-policy\/"]}]},{"@type":"BreadcrumbList","@id":"https:\/\/hope-day.org\/privacy-policy\/#breadcrumb","itemListElement":[{"@type":"ListItem","position":1,"name":"Home","item":"https:\/\/hope-day.org\/"},{"@type":"ListItem","position":2,"name":"Politique de confidentialit\u00e9"}]},{"@type":"WebSite","@id":"https:\/\/hope-day.org\/#website","url":"https:\/\/hope-day.org\/","name":"Hope Day Cameroon Organization","description":"Association pour la protection et le droit de l&#039;enfant au Caemeroun","publisher":{"@id":"https:\/\/hope-day.org\/#organization"},"potentialAction":[{"@type":"SearchAction","target":{"@type":"EntryPoint","urlTemplate":"https:\/\/hope-day.org\/?s={search_term_string}"},"query-input":{"@type":"PropertyValueSpecification","valueRequired":true,"valueName":"search_term_string"}}],"inLanguage":"en-GB"},{"@type":"Organization","@id":"https:\/\/hope-day.org\/#organization","name":"Hope Day Cameroon Organization","url":"https:\/\/hope-day.org\/","logo":{"@type":"ImageObject","inLanguage":"en-GB","@id":"https:\/\/hope-day.org\/#\/schema\/logo\/image\/","url":"https:\/\/hope-day.org\/wp-content\/uploads\/2025\/04\/cropped-cropped-logo-bleu.png","contentUrl":"https:\/\/hope-day.org\/wp-content\/uploads\/2025\/04\/cropped-cropped-logo-bleu.png","width":4007,"height":1401,"caption":"Hope Day Cameroon Organization"},"image":{"@id":"https:\/\/hope-day.org\/#\/schema\/logo\/image\/"}}]}},"_links":{"self":[{"href":"https:\/\/hope-day.org\/en\/wp-json\/wp\/v2\/pages\/3","targetHints":{"allow":["GET"]}}],"collection":[{"href":"https:\/\/hope-day.org\/en\/wp-json\/wp\/v2\/pages"}],"about":[{"href":"https:\/\/hope-day.org\/en\/wp-json\/wp\/v2\/types\/page"}],"author":[{"embeddable":true,"href":"https:\/\/hope-day.org\/en\/wp-json\/wp\/v2\/users\/1"}],"replies":[{"embeddable":true,"href":"https:\/\/hope-day.org\/en\/wp-json\/wp\/v2\/comments?post=3"}],"version-history":[{"count":4,"href":"https:\/\/hope-day.org\/en\/wp-json\/wp\/v2\/pages\/3\/revisions"}],"predecessor-version":[{"id":1624,"href":"https:\/\/hope-day.org\/en\/wp-json\/wp\/v2\/pages\/3\/revisions\/1624"}],"wp:attachment":[{"href":"https:\/\/hope-day.org\/en\/wp-json\/wp\/v2\/media?parent=3"}],"curies":[{"name":"wp","href":"https:\/\/api.w.org\/{rel}","templated":true}]}}