{"id":1445,"date":"2026-01-07T22:48:48","date_gmt":"2026-01-07T22:48:48","guid":{"rendered":"https:\/\/hope-day.org\/?page_id=1445"},"modified":"2026-01-26T15:58:27","modified_gmt":"2026-01-26T15:58:27","slug":"opportunites-demploi","status":"publish","type":"page","link":"https:\/\/hope-day.org\/en\/opportunites-demploi\/","title":{"rendered":"Opportunit\u00e9s d&rsquo;Emploi"},"content":{"rendered":"<div data-elementor-type=\"wp-page\" data-elementor-id=\"1445\" class=\"elementor elementor-1445\" data-elementor-post-type=\"page\">\n\t\t\t\t<div class=\"elementor-element elementor-element-5ab9faf e-con-full e-flex e-con e-parent\" data-id=\"5ab9faf\" data-element_type=\"container\" data-settings=\"{&quot;background_background&quot;:&quot;classic&quot;}\">\n\t\t\t\t<div class=\"elementor-element elementor-element-fae69b2 elementor-widget elementor-widget-heading\" data-id=\"fae69b2\" data-element_type=\"widget\" data-widget_type=\"heading.default\">\n\t\t\t\t<div class=\"elementor-widget-container\">\n\t\t\t\t\t<h1 class=\"elementor-heading-title elementor-size-default\">Join Us<\/h1>\t\t\t\t<\/div>\n\t\t\t\t<\/div>\n\t\t\t\t<\/div>\n\t\t<div class=\"elementor-element elementor-element-e3c8d4e e-flex e-con-boxed e-con e-parent\" data-id=\"e3c8d4e\" data-element_type=\"container\">\n\t\t\t\t\t<div class=\"e-con-inner\">\n\t\t\t\t<div class=\"elementor-element elementor-element-2a2da46 elementor-widget elementor-widget-spacer\" data-id=\"2a2da46\" data-element_type=\"widget\" data-widget_type=\"spacer.default\">\n\t\t\t\t<div class=\"elementor-widget-container\">\n\t\t\t\t\t\t\t<div class=\"elementor-spacer\">\n\t\t\t<div class=\"elementor-spacer-inner\"><\/div>\n\t\t<\/div>\n\t\t\t\t\t\t<\/div>\n\t\t\t\t<\/div>\n\t\t\t\t<div class=\"elementor-element elementor-element-fc1f4a6 elementor-widget elementor-widget-heading\" data-id=\"fc1f4a6\" data-element_type=\"widget\" data-widget_type=\"heading.default\">\n\t\t\t\t<div class=\"elementor-widget-container\">\n\t\t\t\t\t<h2 class=\"elementor-heading-title elementor-size-default\">Opportunit\u00e9s d'Emploi<\/h2>\t\t\t\t<\/div>\n\t\t\t\t<\/div>\n\t\t\t\t<div class=\"elementor-element elementor-element-bb54c8d elementor-widget elementor-widget-heading\" data-id=\"bb54c8d\" data-element_type=\"widget\" data-widget_type=\"heading.default\">\n\t\t\t\t<div class=\"elementor-widget-container\">\n\t\t\t\t\t<h3 class=\"elementor-heading-title elementor-size-default\">Join a Team Making a Difference for the Future<\/h3>\t\t\t\t<\/div>\n\t\t\t\t<\/div>\n\t\t\t\t<div class=\"elementor-element elementor-element-e242254 elementor-widget-divider--view-line elementor-widget elementor-widget-divider\" data-id=\"e242254\" data-element_type=\"widget\" data-widget_type=\"divider.default\">\n\t\t\t\t<div class=\"elementor-widget-container\">\n\t\t\t\t\t\t\t<div class=\"elementor-divider\">\n\t\t\t<span class=\"elementor-divider-separator\">\n\t\t\t\t\t\t<\/span>\n\t\t<\/div>\n\t\t\t\t\t\t<\/div>\n\t\t\t\t<\/div>\n\t\t\t\t<div class=\"elementor-element elementor-element-3cda44c elementor-widget elementor-widget-text-editor\" data-id=\"3cda44c\" data-element_type=\"widget\" data-widget_type=\"text-editor.default\">\n\t\t\t\t<div class=\"elementor-widget-container\">\n\t\t\t\t\t\t\t\t\t<p data-start=\"164\" data-end=\"382\">Working with Hope Day Cameroon means putting your skills at the service of a cause that transforms lives. We are looking for motivated individuals ready to commit to the education, protection, and well-being of children from underprivileged backgrounds.<\/p>\t\t\t\t\t\t\t\t<\/div>\n\t\t\t\t<\/div>\n\t\t\t\t\t<\/div>\n\t\t\t\t<\/div>\n\t\t<div class=\"elementor-element elementor-element-8ab7995 e-flex e-con-boxed e-con e-parent\" data-id=\"8ab7995\" data-element_type=\"container\" data-settings=\"{&quot;background_background&quot;:&quot;classic&quot;}\">\n\t\t\t\t\t<div class=\"e-con-inner\">\n\t\t\t\t<div class=\"elementor-element elementor-element-88b72e0 elementor-widget elementor-widget-spacer\" data-id=\"88b72e0\" data-element_type=\"widget\" data-widget_type=\"spacer.default\">\n\t\t\t\t<div class=\"elementor-widget-container\">\n\t\t\t\t\t\t\t<div class=\"elementor-spacer\">\n\t\t\t<div class=\"elementor-spacer-inner\"><\/div>\n\t\t<\/div>\n\t\t\t\t\t\t<\/div>\n\t\t\t\t<\/div>\n\t\t\t\t<div class=\"elementor-element elementor-element-d55025a elementor-widget elementor-widget-heading\" data-id=\"d55025a\" data-element_type=\"widget\" data-widget_type=\"heading.default\">\n\t\t\t\t<div class=\"elementor-widget-container\">\n\t\t\t\t\t<h2 class=\"elementor-heading-title elementor-size-default\">Current Openings<\/h2>\t\t\t\t<\/div>\n\t\t\t\t<\/div>\n\t\t\t\t<div class=\"elementor-element elementor-element-6f31626 elementor-widget-divider--view-line elementor-widget elementor-widget-divider\" data-id=\"6f31626\" data-element_type=\"widget\" data-widget_type=\"divider.default\">\n\t\t\t\t<div class=\"elementor-widget-container\">\n\t\t\t\t\t\t\t<div class=\"elementor-divider\">\n\t\t\t<span class=\"elementor-divider-separator\">\n\t\t\t\t\t\t<\/span>\n\t\t<\/div>\n\t\t\t\t\t\t<\/div>\n\t\t\t\t<\/div>\n\t\t<div class=\"elementor-element elementor-element-eefe7af e-con-full e-flex e-con e-child\" data-id=\"eefe7af\" data-element_type=\"container\">\n\t\t<div class=\"elementor-element elementor-element-8f8b5a6 e-con-full e-flex e-con e-child\" data-id=\"8f8b5a6\" data-element_type=\"container\" data-settings=\"{&quot;background_background&quot;:&quot;classic&quot;}\">\n\t\t<div class=\"elementor-element elementor-element-af8bb89 e-con-full e-flex e-con e-child\" data-id=\"af8bb89\" data-element_type=\"container\" data-settings=\"{&quot;background_background&quot;:&quot;classic&quot;}\">\n\t\t\t\t<div class=\"elementor-element elementor-element-31ce022 elementor-widget elementor-widget-heading\" data-id=\"31ce022\" data-element_type=\"widget\" data-widget_type=\"heading.default\">\n\t\t\t\t<div class=\"elementor-widget-container\">\n\t\t\t\t\t<h2 class=\"elementor-heading-title elementor-size-default\">(01) COMMUNITY MANAGER INTERN<\/h2>\t\t\t\t<\/div>\n\t\t\t\t<\/div>\n\t\t\t\t<\/div>\n\t\t\t\t<div class=\"elementor-element elementor-element-74adb63 elementor-widget elementor-widget-text-editor\" data-id=\"74adb63\" data-element_type=\"widget\" data-widget_type=\"text-editor.default\">\n\t\t\t\t<div class=\"elementor-widget-container\">\n\t\t\t\t\t\t\t\t\t<p><strong data-start=\"524\" data-end=\"550\">Main Responsibilities:<\/strong><\/p><ul><li data-start=\"551\" data-end=\"602\"><p data-start=\"553\" data-end=\"602\">Create content for social media;<\/p><\/li><li data-start=\"603\" data-end=\"657\"><p data-start=\"605\" data-end=\"657\">Manage and moderate online communities;<\/p><\/li><li data-start=\"658\" data-end=\"725\"><p data-start=\"660\" data-end=\"725\">Support digital coverage of our campaigns and events;<\/p><\/li><li data-start=\"726\" data-end=\"774\"><p data-start=\"728\" data-end=\"774\">Participate in communication strategy development.<\/p><\/li><\/ul><p data-start=\"776\" data-end=\"798\"><strong data-start=\"776\" data-end=\"798\">Profile Required:<\/strong><\/p><ul data-start=\"799\" data-end=\"991\"><li data-start=\"799\" data-end=\"893\"><p data-start=\"801\" data-end=\"893\">Student or recent graduate in communication, digital marketing, or a related field;<\/p><\/li><li data-start=\"894\" data-end=\"934\"><p data-start=\"896\" data-end=\"934\">Good knowledge of social media platforms;<\/p><\/li><li data-start=\"935\" data-end=\"991\"><p data-start=\"937\" data-end=\"991\">Creativity, organizational skills, and team spirit.<\/p><\/li><\/ul><p data-start=\"937\" data-end=\"991\"><strong>Deadline: 28\/02\/2026<\/strong><\/p>\t\t\t\t\t\t\t\t<\/div>\n\t\t\t\t<\/div>\n\t\t\t\t<\/div>\n\t\t<div class=\"elementor-element elementor-element-909a9d5 e-con-full e-flex e-con e-child\" data-id=\"909a9d5\" data-element_type=\"container\" data-settings=\"{&quot;background_background&quot;:&quot;classic&quot;}\">\n\t\t<div class=\"elementor-element elementor-element-90cd1f4 e-con-full e-flex e-con e-child\" data-id=\"90cd1f4\" data-element_type=\"container\" data-settings=\"{&quot;background_background&quot;:&quot;classic&quot;}\">\n\t\t\t\t<div class=\"elementor-element elementor-element-884a091 elementor-widget elementor-widget-heading\" data-id=\"884a091\" data-element_type=\"widget\" data-widget_type=\"heading.default\">\n\t\t\t\t<div class=\"elementor-widget-container\">\n\t\t\t\t\t<h2 class=\"elementor-heading-title elementor-size-default\">(10) SURVEY AGENTS \u2013 Volunteers<\/h2>\t\t\t\t<\/div>\n\t\t\t\t<\/div>\n\t\t\t\t<\/div>\n\t\t\t\t<div class=\"elementor-element elementor-element-7a3de6c elementor-widget elementor-widget-text-editor\" data-id=\"7a3de6c\" data-element_type=\"widget\" data-widget_type=\"text-editor.default\">\n\t\t\t\t<div class=\"elementor-widget-container\">\n\t\t\t\t\t\t\t\t\t<p data-start=\"1039\" data-end=\"1065\"><strong data-start=\"1039\" data-end=\"1065\">Main Responsibilities:<\/strong><\/p><ul data-start=\"1066\" data-end=\"1294\"><li data-start=\"1066\" data-end=\"1106\"><p data-start=\"1068\" data-end=\"1106\">Collect data in the field;<\/p><\/li><li data-start=\"1107\" data-end=\"1170\"><p data-start=\"1109\" data-end=\"1170\">Administer questionnaires to beneficiaries;<\/p><\/li><li data-start=\"1171\" data-end=\"1232\"><p data-start=\"1173\" data-end=\"1232\">Contribute to project monitoring and evaluation;<\/p><\/li><li data-start=\"1233\" data-end=\"1294\"><p data-start=\"1235\" data-end=\"1294\">Provide reliable feedback to improve our actions.<\/p><\/li><\/ul><p data-start=\"1296\" data-end=\"1318\"><strong data-start=\"1296\" data-end=\"1318\">Profile Required:<\/strong><\/p><ul data-start=\"1319\" data-end=\"1452\"><li data-start=\"1319\" data-end=\"1366\"><p data-start=\"1321\" data-end=\"1366\">Availability for field missions;<\/p><\/li><li data-start=\"1367\" data-end=\"1404\"><p data-start=\"1369\" data-end=\"1404\">Strong communication skills;<\/p><\/li><li data-start=\"1405\" data-end=\"1452\"><p data-start=\"1407\" data-end=\"1452\">Accuracy, honesty, and good interpersonal skills.<\/p><\/li><\/ul><p data-start=\"937\" data-end=\"991\"><strong>Deadline: 28\/02\/2026<\/strong><\/p>\t\t\t\t\t\t\t\t<\/div>\n\t\t\t\t<\/div>\n\t\t\t\t<\/div>\n\t\t<div class=\"elementor-element elementor-element-99d523f e-con-full e-flex e-con e-child\" data-id=\"99d523f\" data-element_type=\"container\" data-settings=\"{&quot;background_background&quot;:&quot;classic&quot;}\">\n\t\t<div class=\"elementor-element elementor-element-6132d7c e-con-full e-flex e-con e-child\" data-id=\"6132d7c\" data-element_type=\"container\" data-settings=\"{&quot;background_background&quot;:&quot;classic&quot;}\">\n\t\t\t\t<div class=\"elementor-element elementor-element-73fa451 elementor-widget elementor-widget-heading\" data-id=\"73fa451\" data-element_type=\"widget\" data-widget_type=\"heading.default\">\n\t\t\t\t<div class=\"elementor-widget-container\">\n\t\t\t\t\t<h2 class=\"elementor-heading-title elementor-size-default\">(01) PROJECT  MANAGEMENT ASSISTANT INTERN<\/h2><\/h2>\t\t\t\t<\/div>\n\t\t\t\t<\/div>\n\t\t\t\t<\/div>\n\t\t\t\t<div class=\"elementor-element elementor-element-4e3260b elementor-widget elementor-widget-text-editor\" data-id=\"4e3260b\" data-element_type=\"widget\" data-widget_type=\"text-editor.default\">\n\t\t\t\t<div class=\"elementor-widget-container\">\n\t\t\t\t\t\t\t\t\t<p data-start=\"1102\" data-end=\"1128\"><strong data-start=\"1102\" data-end=\"1128\">Main Responsibilities:<\/strong><\/p><ul data-start=\"1129\" data-end=\"1351\"><li data-start=\"1129\" data-end=\"1183\"><p data-start=\"1131\" data-end=\"1183\">Support project planning and monitoring;<\/p><\/li><li data-start=\"1184\" data-end=\"1241\"><p data-start=\"1186\" data-end=\"1241\">Assist in drafting activity reports;<\/p><\/li><li data-start=\"1242\" data-end=\"1299\"><p data-start=\"1244\" data-end=\"1299\">Participate in coordination of field teams;<\/p><\/li><li data-start=\"1300\" data-end=\"1351\"><p data-start=\"1302\" data-end=\"1351\">Track indicators and collect information.<\/p><\/li><\/ul><p data-start=\"1353\" data-end=\"1375\"><strong data-start=\"1353\" data-end=\"1375\">Profile Required:<\/strong><\/p><ul data-start=\"1376\" data-end=\"1578\"><li data-start=\"1376\" data-end=\"1475\"><p data-start=\"1378\" data-end=\"1475\">Student or recent graduate in project management, social sciences, or a related field;<\/p><\/li><li data-start=\"1476\" data-end=\"1525\"><p data-start=\"1478\" data-end=\"1525\">Organizational skills and analytical mindset;<\/p><\/li><li data-start=\"1526\" data-end=\"1578\"><p data-start=\"1528\" data-end=\"1578\">Interest in the humanitarian or non-profit sector.<\/p><\/li><\/ul><p data-start=\"937\" data-end=\"991\"><strong>Deadline: 28\/02\/2026<\/strong><\/p>\t\t\t\t\t\t\t\t<\/div>\n\t\t\t\t<\/div>\n\t\t\t\t<\/div>\n\t\t\t\t<\/div>\n\t\t\t\t<div class=\"elementor-element elementor-element-499863c elementor-widget elementor-widget-spacer\" data-id=\"499863c\" data-element_type=\"widget\" data-widget_type=\"spacer.default\">\n\t\t\t\t<div class=\"elementor-widget-container\">\n\t\t\t\t\t\t\t<div class=\"elementor-spacer\">\n\t\t\t<div class=\"elementor-spacer-inner\"><\/div>\n\t\t<\/div>\n\t\t\t\t\t\t<\/div>\n\t\t\t\t<\/div>\n\t\t\t\t\t<\/div>\n\t\t\t\t<\/div>\n\t\t<div class=\"elementor-element elementor-element-c943f84 e-flex e-con-boxed e-con e-parent\" data-id=\"c943f84\" data-element_type=\"container\">\n\t\t\t\t\t<div class=\"e-con-inner\">\n\t\t<div class=\"elementor-element elementor-element-3bdaded e-con-full e-flex e-con e-child\" data-id=\"3bdaded\" data-element_type=\"container\" data-settings=\"{&quot;background_background&quot;:&quot;classic&quot;}\">\n\t\t\t\t<div class=\"elementor-element elementor-element-3290b8c elementor-view-default elementor-widget elementor-widget-icon\" data-id=\"3290b8c\" data-element_type=\"widget\" data-widget_type=\"icon.default\">\n\t\t\t\t<div class=\"elementor-widget-container\">\n\t\t\t\t\t\t\t<div class=\"elementor-icon-wrapper\">\n\t\t\t<div class=\"elementor-icon\">\n\t\t\t<svg aria-hidden=\"true\" class=\"e-font-icon-svg e-fas-question-circle\" viewbox=\"0 0 512 512\" xmlns=\"http:\/\/www.w3.org\/2000\/svg\"><path d=\"M504 256c0 136.997-111.043 248-248 248S8 392.997 8 256C8 119.083 119.043 8 256 8s248 111.083 248 248zM262.655 90c-54.497 0-89.255 22.957-116.549 63.758-3.536 5.286-2.353 12.415 2.715 16.258l34.699 26.31c5.205 3.947 12.621 3.008 16.665-2.122 17.864-22.658 30.113-35.797 57.303-35.797 20.429 0 45.698 13.148 45.698 32.958 0 14.976-12.363 22.667-32.534 33.976C247.128 238.528 216 254.941 216 296v4c0 6.627 5.373 12 12 12h56c6.627 0 12-5.373 12-12v-1.333c0-28.462 83.186-29.647 83.186-106.667 0-58.002-60.165-102-116.531-102zM256 338c-25.365 0-46 20.635-46 46 0 25.364 20.635 46 46 46s46-20.636 46-46c0-25.365-20.635-46-46-46z\"><\/path><\/svg>\t\t\t<\/div>\n\t\t<\/div>\n\t\t\t\t\t\t<\/div>\n\t\t\t\t<\/div>\n\t\t\t\t<div class=\"elementor-element elementor-element-b167e77 elementor-widget elementor-widget-heading\" data-id=\"b167e77\" data-element_type=\"widget\" data-widget_type=\"heading.default\">\n\t\t\t\t<div class=\"elementor-widget-container\">\n\t\t\t\t\t<h2 class=\"elementor-heading-title elementor-size-default\">How to Apply<\/h2>\t\t\t\t<\/div>\n\t\t\t\t<\/div>\n\t\t\t\t<div class=\"elementor-element elementor-element-ceec469 elementor-widget elementor-widget-text-editor\" data-id=\"ceec469\" data-element_type=\"widget\" data-widget_type=\"text-editor.default\">\n\t\t\t\t<div class=\"elementor-widget-container\">\n\t\t\t\t\t\t\t\t\t<p data-start=\"144\" data-end=\"272\">To apply, please send your <strong data-start=\"182\" data-end=\"188\">CV<\/strong> and your <strong data-start=\"198\" data-end=\"222\">cover letter<\/strong> to:&nbsp;<strong data-start=\"248\" data-end=\"272\"><a class=\"decorated-link cursor-pointer\" rel=\"noopener\" data-start=\"250\" data-end=\"270\">contact@hope-day.org<\/a><\/strong><\/p>\n<p data-start=\"274\" data-end=\"330\"><strong data-start=\"274\" data-end=\"293\">Email Subject:&nbsp;&nbsp;<\/strong><strong data-start=\"296\" data-end=\"330\">Application \u2013 [Job Title]<\/strong><\/p>\n<p data-start=\"332\" data-end=\"426\" data-is-last-node=\"\" data-is-only-node=\"\">Shortlisted candidates will be contacted for an interview with the recruitment team.<\/p>\t\t\t\t\t\t\t\t<\/div>\n\t\t\t\t<\/div>\n\t\t\t\t<\/div>\n\t\t\t\t<div class=\"elementor-element elementor-element-bc331fa elementor-align-center elementor-widget elementor-widget-button\" data-id=\"bc331fa\" data-element_type=\"widget\" data-widget_type=\"button.default\">\n\t\t\t\t<div class=\"elementor-widget-container\">\n\t\t\t\t\t\t\t\t\t<div class=\"elementor-button-wrapper\">\n\t\t\t\t\t<a class=\"elementor-button elementor-button-link elementor-size-sm\" href=\"https:\/\/hope-day.org\/en\/nous-contacter\/\">\n\t\t\t\t\t\t<span class=\"elementor-button-content-wrapper\">\n\t\t\t\t\t\t\t\t\t<span class=\"elementor-button-text\">Contact Us<\/span>\n\t\t\t\t\t<\/span>\n\t\t\t\t\t<\/a>\n\t\t\t\t<\/div>\n\t\t\t\t\t\t\t\t<\/div>\n\t\t\t\t<\/div>\n\t\t\t\t\t<\/div>\n\t\t\t\t<\/div>\n\t\t\t\t<\/div>","protected":false},"excerpt":{"rendered":"<p>NOUS REJOINDRE Opportunit\u00e9s d&rsquo;Emploi Rejoignez une \u00e9quipe qui agit pour l\u2019avenir Travailler avec Hope Day Cameroon, c\u2019est mettre ses comp\u00e9tences au service d\u2019une cause qui transforme des vies. Nous recherchons des personnes motiv\u00e9es, pr\u00eates \u00e0 s\u2019engager pour l\u2019\u00e9ducation, la protection et l\u2019\u00e9panouissement des enfants issus de milieux d\u00e9favoris\u00e9s. Offres En Cours (01) STAGIAIRE COMMUNITY MANAGER Missions principales : cr\u00e9ation de [&hellip;]<\/p>","protected":false},"author":2,"featured_media":0,"parent":0,"menu_order":0,"comment_status":"closed","ping_status":"closed","template":"elementor_header_footer","meta":{"footnotes":""},"class_list":["post-1445","page","type-page","status-publish","hentry"],"yoast_head":"<!-- This site is optimized with the Yoast SEO plugin v26.8 - https:\/\/yoast.com\/product\/yoast-seo-wordpress\/ -->\n<title>Opportunit\u00e9s d&#039;Emploi - Hope Day Cameroon Organization<\/title>\n<meta name=\"description\" content=\"Rejoignez\u2011nous chez Hope Day Cameroon pour agir en faveur des enfants d\u00e9favoris\u00e9s\u202f: participez \u00e0 nos projets et impactez durablement.\" \/>\n<meta name=\"robots\" content=\"index, follow, max-snippet:-1, max-image-preview:large, max-video-preview:-1\" \/>\n<link rel=\"canonical\" href=\"https:\/\/hope-day.org\/en\/opportunites-demploi\/\" \/>\n<meta property=\"og:locale\" content=\"en_GB\" \/>\n<meta property=\"og:type\" content=\"article\" \/>\n<meta property=\"og:title\" content=\"Opportunit\u00e9s d&#039;Emploi - Hope Day Cameroon Organization\" \/>\n<meta property=\"og:description\" content=\"Rejoignez\u2011nous chez Hope Day Cameroon pour agir en faveur des enfants d\u00e9favoris\u00e9s\u202f: participez \u00e0 nos projets et impactez durablement.\" \/>\n<meta property=\"og:url\" content=\"https:\/\/hope-day.org\/en\/opportunites-demploi\/\" \/>\n<meta property=\"og:site_name\" content=\"Hope Day Cameroon Organization\" \/>\n<meta property=\"article:modified_time\" content=\"2026-01-26T15:58:27+00:00\" \/>\n<meta name=\"twitter:card\" content=\"summary_large_image\" \/>\n<meta name=\"twitter:label1\" content=\"Estimated reading time\" \/>\n\t<meta name=\"twitter:data1\" content=\"2 minutes\" \/>\n<script type=\"application\/ld+json\" class=\"yoast-schema-graph\">{\"@context\":\"https:\/\/schema.org\",\"@graph\":[{\"@type\":\"WebPage\",\"@id\":\"https:\/\/hope-day.org\/opportunites-demploi\/\",\"url\":\"https:\/\/hope-day.org\/opportunites-demploi\/\",\"name\":\"Opportunit\u00e9s d'Emploi - Hope Day Cameroon Organization\",\"isPartOf\":{\"@id\":\"https:\/\/hope-day.org\/#website\"},\"datePublished\":\"2026-01-07T22:48:48+00:00\",\"dateModified\":\"2026-01-26T15:58:27+00:00\",\"description\":\"Rejoignez\u2011nous chez Hope Day Cameroon pour agir en faveur des enfants d\u00e9favoris\u00e9s\u202f: participez \u00e0 nos projets et impactez durablement.\",\"breadcrumb\":{\"@id\":\"https:\/\/hope-day.org\/opportunites-demploi\/#breadcrumb\"},\"inLanguage\":\"en-GB\",\"potentialAction\":[{\"@type\":\"ReadAction\",\"target\":[\"https:\/\/hope-day.org\/opportunites-demploi\/\"]}]},{\"@type\":\"BreadcrumbList\",\"@id\":\"https:\/\/hope-day.org\/opportunites-demploi\/#breadcrumb\",\"itemListElement\":[{\"@type\":\"ListItem\",\"position\":1,\"name\":\"Home\",\"item\":\"https:\/\/hope-day.org\/\"},{\"@type\":\"ListItem\",\"position\":2,\"name\":\"Opportunit\u00e9s d&rsquo;Emploi\"}]},{\"@type\":\"WebSite\",\"@id\":\"https:\/\/hope-day.org\/#website\",\"url\":\"https:\/\/hope-day.org\/\",\"name\":\"Hope Day Cameroon Organization\",\"description\":\"Association pour la protection et le droit de l&#039;enfant au Caemeroun\",\"publisher\":{\"@id\":\"https:\/\/hope-day.org\/#organization\"},\"potentialAction\":[{\"@type\":\"SearchAction\",\"target\":{\"@type\":\"EntryPoint\",\"urlTemplate\":\"https:\/\/hope-day.org\/?s={search_term_string}\"},\"query-input\":{\"@type\":\"PropertyValueSpecification\",\"valueRequired\":true,\"valueName\":\"search_term_string\"}}],\"inLanguage\":\"en-GB\"},{\"@type\":\"Organization\",\"@id\":\"https:\/\/hope-day.org\/#organization\",\"name\":\"Hope Day Cameroon Organization\",\"url\":\"https:\/\/hope-day.org\/\",\"logo\":{\"@type\":\"ImageObject\",\"inLanguage\":\"en-GB\",\"@id\":\"https:\/\/hope-day.org\/#\/schema\/logo\/image\/\",\"url\":\"https:\/\/hope-day.org\/wp-content\/uploads\/2025\/04\/cropped-cropped-logo-bleu.png\",\"contentUrl\":\"https:\/\/hope-day.org\/wp-content\/uploads\/2025\/04\/cropped-cropped-logo-bleu.png\",\"width\":4007,\"height\":1401,\"caption\":\"Hope Day Cameroon Organization\"},\"image\":{\"@id\":\"https:\/\/hope-day.org\/#\/schema\/logo\/image\/\"}}]}<\/script>\n<!-- \/ Yoast SEO plugin. -->","yoast_head_json":{"title":"Opportunit\u00e9s d'Emploi - Hope Day Cameroon Organization","description":"Rejoignez\u2011nous chez Hope Day Cameroon pour agir en faveur des enfants d\u00e9favoris\u00e9s\u202f: participez \u00e0 nos projets et impactez durablement.","robots":{"index":"index","follow":"follow","max-snippet":"max-snippet:-1","max-image-preview":"max-image-preview:large","max-video-preview":"max-video-preview:-1"},"canonical":"https:\/\/hope-day.org\/en\/opportunites-demploi\/","og_locale":"en_GB","og_type":"article","og_title":"Opportunit\u00e9s d'Emploi - Hope Day Cameroon Organization","og_description":"Rejoignez\u2011nous chez Hope Day Cameroon pour agir en faveur des enfants d\u00e9favoris\u00e9s\u202f: participez \u00e0 nos projets et impactez durablement.","og_url":"https:\/\/hope-day.org\/en\/opportunites-demploi\/","og_site_name":"Hope Day Cameroon Organization","article_modified_time":"2026-01-26T15:58:27+00:00","twitter_card":"summary_large_image","twitter_misc":{"Estimated reading time":"2 minutes"},"schema":{"@context":"https:\/\/schema.org","@graph":[{"@type":"WebPage","@id":"https:\/\/hope-day.org\/opportunites-demploi\/","url":"https:\/\/hope-day.org\/opportunites-demploi\/","name":"Opportunit\u00e9s d'Emploi - Hope Day Cameroon Organization","isPartOf":{"@id":"https:\/\/hope-day.org\/#website"},"datePublished":"2026-01-07T22:48:48+00:00","dateModified":"2026-01-26T15:58:27+00:00","description":"Rejoignez\u2011nous chez Hope Day Cameroon pour agir en faveur des enfants d\u00e9favoris\u00e9s\u202f: participez \u00e0 nos projets et impactez durablement.","breadcrumb":{"@id":"https:\/\/hope-day.org\/opportunites-demploi\/#breadcrumb"},"inLanguage":"en-GB","potentialAction":[{"@type":"ReadAction","target":["https:\/\/hope-day.org\/opportunites-demploi\/"]}]},{"@type":"BreadcrumbList","@id":"https:\/\/hope-day.org\/opportunites-demploi\/#breadcrumb","itemListElement":[{"@type":"ListItem","position":1,"name":"Home","item":"https:\/\/hope-day.org\/"},{"@type":"ListItem","position":2,"name":"Opportunit\u00e9s d&rsquo;Emploi"}]},{"@type":"WebSite","@id":"https:\/\/hope-day.org\/#website","url":"https:\/\/hope-day.org\/","name":"Hope Day Cameroon Organization","description":"Association pour la protection et le droit de l&#039;enfant au Caemeroun","publisher":{"@id":"https:\/\/hope-day.org\/#organization"},"potentialAction":[{"@type":"SearchAction","target":{"@type":"EntryPoint","urlTemplate":"https:\/\/hope-day.org\/?s={search_term_string}"},"query-input":{"@type":"PropertyValueSpecification","valueRequired":true,"valueName":"search_term_string"}}],"inLanguage":"en-GB"},{"@type":"Organization","@id":"https:\/\/hope-day.org\/#organization","name":"Hope Day Cameroon Organization","url":"https:\/\/hope-day.org\/","logo":{"@type":"ImageObject","inLanguage":"en-GB","@id":"https:\/\/hope-day.org\/#\/schema\/logo\/image\/","url":"https:\/\/hope-day.org\/wp-content\/uploads\/2025\/04\/cropped-cropped-logo-bleu.png","contentUrl":"https:\/\/hope-day.org\/wp-content\/uploads\/2025\/04\/cropped-cropped-logo-bleu.png","width":4007,"height":1401,"caption":"Hope Day Cameroon Organization"},"image":{"@id":"https:\/\/hope-day.org\/#\/schema\/logo\/image\/"}}]}},"_links":{"self":[{"href":"https:\/\/hope-day.org\/en\/wp-json\/wp\/v2\/pages\/1445","targetHints":{"allow":["GET"]}}],"collection":[{"href":"https:\/\/hope-day.org\/en\/wp-json\/wp\/v2\/pages"}],"about":[{"href":"https:\/\/hope-day.org\/en\/wp-json\/wp\/v2\/types\/page"}],"author":[{"embeddable":true,"href":"https:\/\/hope-day.org\/en\/wp-json\/wp\/v2\/users\/2"}],"replies":[{"embeddable":true,"href":"https:\/\/hope-day.org\/en\/wp-json\/wp\/v2\/comments?post=1445"}],"version-history":[{"count":10,"href":"https:\/\/hope-day.org\/en\/wp-json\/wp\/v2\/pages\/1445\/revisions"}],"predecessor-version":[{"id":1892,"href":"https:\/\/hope-day.org\/en\/wp-json\/wp\/v2\/pages\/1445\/revisions\/1892"}],"wp:attachment":[{"href":"https:\/\/hope-day.org\/en\/wp-json\/wp\/v2\/media?parent=1445"}],"curies":[{"name":"wp","href":"https:\/\/api.w.org\/{rel}","templated":true}]}}