{"id":1443,"date":"2026-01-07T22:48:00","date_gmt":"2026-01-07T22:48:00","guid":{"rendered":"https:\/\/hope-day.org\/?page_id=1443"},"modified":"2026-01-26T15:31:55","modified_gmt":"2026-01-26T15:31:55","slug":"devenir-partenaire","status":"publish","type":"page","link":"https:\/\/hope-day.org\/en\/devenir-partenaire\/","title":{"rendered":"Partner with Us"},"content":{"rendered":"<div data-elementor-type=\"wp-page\" data-elementor-id=\"1443\" class=\"elementor elementor-1443\" data-elementor-post-type=\"page\">\n\t\t\t\t<div class=\"elementor-element elementor-element-1d33409 e-con-full e-flex e-con e-parent\" data-id=\"1d33409\" data-element_type=\"container\" data-settings=\"{&quot;background_background&quot;:&quot;classic&quot;}\">\n\t\t\t\t<div class=\"elementor-element elementor-element-99561f1 elementor-widget elementor-widget-heading\" data-id=\"99561f1\" data-element_type=\"widget\" data-widget_type=\"heading.default\">\n\t\t\t\t<div class=\"elementor-widget-container\">\n\t\t\t\t\t<h1 class=\"elementor-heading-title elementor-size-default\">Join Us<\/h1>\t\t\t\t<\/div>\n\t\t\t\t<\/div>\n\t\t\t\t<\/div>\n\t\t<div class=\"elementor-element elementor-element-0db8cce e-flex e-con-boxed e-con e-parent\" data-id=\"0db8cce\" data-element_type=\"container\">\n\t\t\t\t\t<div class=\"e-con-inner\">\n\t\t\t\t<div class=\"elementor-element elementor-element-1074ba5 elementor-widget elementor-widget-spacer\" data-id=\"1074ba5\" data-element_type=\"widget\" data-widget_type=\"spacer.default\">\n\t\t\t\t<div class=\"elementor-widget-container\">\n\t\t\t\t\t\t\t<div class=\"elementor-spacer\">\n\t\t\t<div class=\"elementor-spacer-inner\"><\/div>\n\t\t<\/div>\n\t\t\t\t\t\t<\/div>\n\t\t\t\t<\/div>\n\t\t\t\t<div class=\"elementor-element elementor-element-0849c42 elementor-widget elementor-widget-heading\" data-id=\"0849c42\" data-element_type=\"widget\" data-widget_type=\"heading.default\">\n\t\t\t\t<div class=\"elementor-widget-container\">\n\t\t\t\t\t<h2 class=\"elementor-heading-title elementor-size-default\">Partner with Us<\/h2>\t\t\t\t<\/div>\n\t\t\t\t<\/div>\n\t\t\t\t<div class=\"elementor-element elementor-element-6cefe8e elementor-widget elementor-widget-heading\" data-id=\"6cefe8e\" data-element_type=\"widget\" data-widget_type=\"heading.default\">\n\t\t\t\t<div class=\"elementor-widget-container\">\n\t\t\t\t\t<h3 class=\"elementor-heading-title elementor-size-default\">Joining Forces to Multiply Impact<\/h3>\t\t\t\t<\/div>\n\t\t\t\t<\/div>\n\t\t\t\t<div class=\"elementor-element elementor-element-839627c elementor-widget-divider--view-line elementor-widget elementor-widget-divider\" data-id=\"839627c\" data-element_type=\"widget\" data-widget_type=\"divider.default\">\n\t\t\t\t<div class=\"elementor-widget-container\">\n\t\t\t\t\t\t\t<div class=\"elementor-divider\">\n\t\t\t<span class=\"elementor-divider-separator\">\n\t\t\t\t\t\t<\/span>\n\t\t<\/div>\n\t\t\t\t\t\t<\/div>\n\t\t\t\t<\/div>\n\t\t\t\t<div class=\"elementor-element elementor-element-5430317 elementor-widget elementor-widget-text-editor\" data-id=\"5430317\" data-element_type=\"widget\" data-widget_type=\"text-editor.default\">\n\t\t\t\t<div class=\"elementor-widget-container\">\n\t\t\t\t\t\t\t\t\t<p data-start=\"164\" data-end=\"382\">At Hope Day Cameroon, we believe that meaningful change is born from strong partnerships. <strong>Companies,<\/strong>, <strong>ONG<\/strong>, <strong>institutions<\/strong>, <strong>medias,<\/strong> or <strong>community actors<\/strong> \u2014every collaboration strengthens our ability to protect, educate, and support children from underprivileged backgrounds.<\/p>\t\t\t\t\t\t\t\t<\/div>\n\t\t\t\t<\/div>\n\t\t<div class=\"elementor-element elementor-element-e35f546 e-con-full e-flex e-con e-child\" data-id=\"e35f546\" data-element_type=\"container\">\n\t\t<div class=\"elementor-element elementor-element-d1f150c e-con-full e-flex e-con e-child\" data-id=\"d1f150c\" data-element_type=\"container\" data-settings=\"{&quot;background_background&quot;:&quot;classic&quot;}\">\n\t\t\t\t<div class=\"elementor-element elementor-element-8f37817 elementor-view-default elementor-widget elementor-widget-icon\" data-id=\"8f37817\" data-element_type=\"widget\" data-widget_type=\"icon.default\">\n\t\t\t\t<div class=\"elementor-widget-container\">\n\t\t\t\t\t\t\t<div class=\"elementor-icon-wrapper\">\n\t\t\t<div class=\"elementor-icon\">\n\t\t\t<svg aria-hidden=\"true\" class=\"e-font-icon-svg e-fas-question-circle\" viewbox=\"0 0 512 512\" xmlns=\"http:\/\/www.w3.org\/2000\/svg\"><path d=\"M504 256c0 136.997-111.043 248-248 248S8 392.997 8 256C8 119.083 119.043 8 256 8s248 111.083 248 248zM262.655 90c-54.497 0-89.255 22.957-116.549 63.758-3.536 5.286-2.353 12.415 2.715 16.258l34.699 26.31c5.205 3.947 12.621 3.008 16.665-2.122 17.864-22.658 30.113-35.797 57.303-35.797 20.429 0 45.698 13.148 45.698 32.958 0 14.976-12.363 22.667-32.534 33.976C247.128 238.528 216 254.941 216 296v4c0 6.627 5.373 12 12 12h56c6.627 0 12-5.373 12-12v-1.333c0-28.462 83.186-29.647 83.186-106.667 0-58.002-60.165-102-116.531-102zM256 338c-25.365 0-46 20.635-46 46 0 25.364 20.635 46 46 46s46-20.636 46-46c0-25.365-20.635-46-46-46z\"><\/path><\/svg>\t\t\t<\/div>\n\t\t<\/div>\n\t\t\t\t\t\t<\/div>\n\t\t\t\t<\/div>\n\t\t\t\t<div class=\"elementor-element elementor-element-9549819 elementor-widget elementor-widget-heading\" data-id=\"9549819\" data-element_type=\"widget\" data-widget_type=\"heading.default\">\n\t\t\t\t<div class=\"elementor-widget-container\">\n\t\t\t\t\t<h2 class=\"elementor-heading-title elementor-size-default\">Why Become a Partner?<\/h2>\t\t\t\t<\/div>\n\t\t\t\t<\/div>\n\t\t\t\t<div class=\"elementor-element elementor-element-d98ea38 elementor-widget elementor-widget-text-editor\" data-id=\"d98ea38\" data-element_type=\"widget\" data-widget_type=\"text-editor.default\">\n\t\t\t\t<div class=\"elementor-widget-container\">\n\t\t\t\t\t\t\t\t\t<p data-start=\"481\" data-end=\"524\">By becoming a partner, you help to:<\/p><ul data-start=\"525\" data-end=\"741\"><li data-start=\"525\" data-end=\"586\"><p data-start=\"527\" data-end=\"586\">Support concrete educational and humanitarian projects;<\/p><\/li><li data-start=\"587\" data-end=\"643\"><p data-start=\"589\" data-end=\"643\">Strengthen the impact of our field campaigns;<\/p><\/li><li data-start=\"644\" data-end=\"683\"><p data-start=\"646\" data-end=\"683\">Showcase your social commitment;<\/p><\/li><li data-start=\"684\" data-end=\"741\"><p data-start=\"686\" data-end=\"741\">Take part in a meaningful collective movement.<\/p><\/li><\/ul>\t\t\t\t\t\t\t\t<\/div>\n\t\t\t\t<\/div>\n\t\t\t\t<\/div>\n\t\t<div class=\"elementor-element elementor-element-e5c889a e-con-full e-flex e-con e-child\" data-id=\"e5c889a\" data-element_type=\"container\">\n\t\t\t\t<div class=\"elementor-element elementor-element-0ce92f1 elementor-widget elementor-widget-heading\" data-id=\"0ce92f1\" data-element_type=\"widget\" data-widget_type=\"heading.default\">\n\t\t\t\t<div class=\"elementor-widget-container\">\n\t\t\t\t\t<h2 class=\"elementor-heading-title elementor-size-default\">Let\u2019s Build Together<\/h2>\t\t\t\t<\/div>\n\t\t\t\t<\/div>\n\t\t\t\t<div class=\"elementor-element elementor-element-3a037ea elementor-widget elementor-widget-text-editor\" data-id=\"3a037ea\" data-element_type=\"widget\" data-widget_type=\"text-editor.default\">\n\t\t\t\t<div class=\"elementor-widget-container\">\n\t\t\t\t\t\t\t\t\t<p data-start=\"1356\" data-end=\"1435\">Every partnership is built on trust, mutual respect, and a shared vision: offering every child a dignified future filled with hope.<\/p>\t\t\t\t\t\t\t\t<\/div>\n\t\t\t\t<\/div>\n\t\t\t\t<\/div>\n\t\t\t\t<\/div>\n\t\t\t\t<div class=\"elementor-element elementor-element-fbc6179 elementor-align-center elementor-widget elementor-widget-button\" data-id=\"fbc6179\" data-element_type=\"widget\" data-widget_type=\"button.default\">\n\t\t\t\t<div class=\"elementor-widget-container\">\n\t\t\t\t\t\t\t\t\t<div class=\"elementor-button-wrapper\">\n\t\t\t\t\t<a class=\"elementor-button elementor-button-link elementor-size-sm\" href=\"https:\/\/hope-day.org\/en\/nous-contacter\/\">\n\t\t\t\t\t\t<span class=\"elementor-button-content-wrapper\">\n\t\t\t\t\t\t\t\t\t<span class=\"elementor-button-text\">Contact Us<\/span>\n\t\t\t\t\t<\/span>\n\t\t\t\t\t<\/a>\n\t\t\t\t<\/div>\n\t\t\t\t\t\t\t\t<\/div>\n\t\t\t\t<\/div>\n\t\t\t\t\t<\/div>\n\t\t\t\t<\/div>\n\t\t\t\t<\/div>","protected":false},"excerpt":{"rendered":"<p>NOUS REJOINDRE Devenir Partenaire Unir nos Forces pour Multiplier l\u2019Impact Chez Hope Day Cameroon, nous croyons que les grands changements naissent de partenariats solides. Entreprises, ONG, institutions, m\u00e9dias ou acteurs communautaires : chaque collaboration renforce notre capacit\u00e9 \u00e0 prot\u00e9ger, \u00e9duquer et accompagner les enfants issus de milieux d\u00e9favoris\u00e9s. Pourquoi Devenir Partenaire En devenant partenaire, vous contribuez \u00e0 : soutenir des [&hellip;]<\/p>","protected":false},"author":2,"featured_media":0,"parent":0,"menu_order":0,"comment_status":"closed","ping_status":"closed","template":"elementor_header_footer","meta":{"footnotes":""},"class_list":["post-1443","page","type-page","status-publish","hentry"],"yoast_head":"<!-- This site is optimized with the Yoast SEO plugin v26.8 - https:\/\/yoast.com\/product\/yoast-seo-wordpress\/ -->\n<title>Devenir Partenaire - Hope Day Cameroon Organization<\/title>\n<meta name=\"description\" content=\"Devenez partenaire de Hope Day Cameroon pour soutenir nos projets \u00e9ducatifs, sociaux et de protection de l\u2019enfant et cr\u00e9er un impact positif durable.\" \/>\n<meta name=\"robots\" content=\"index, follow, max-snippet:-1, max-image-preview:large, max-video-preview:-1\" \/>\n<link rel=\"canonical\" href=\"https:\/\/hope-day.org\/en\/devenir-partenaire\/\" \/>\n<meta property=\"og:locale\" content=\"en_GB\" \/>\n<meta property=\"og:type\" content=\"article\" \/>\n<meta property=\"og:title\" content=\"Devenir Partenaire - Hope Day Cameroon Organization\" \/>\n<meta property=\"og:description\" content=\"Devenez partenaire de Hope Day Cameroon pour soutenir nos projets \u00e9ducatifs, sociaux et de protection de l\u2019enfant et cr\u00e9er un impact positif durable.\" \/>\n<meta property=\"og:url\" content=\"https:\/\/hope-day.org\/en\/devenir-partenaire\/\" \/>\n<meta property=\"og:site_name\" content=\"Hope Day Cameroon Organization\" \/>\n<meta property=\"article:modified_time\" content=\"2026-01-26T15:31:55+00:00\" \/>\n<meta name=\"twitter:card\" content=\"summary_large_image\" \/>\n<meta name=\"twitter:label1\" content=\"Estimated reading time\" \/>\n\t<meta name=\"twitter:data1\" content=\"1 minute\" \/>\n<script type=\"application\/ld+json\" class=\"yoast-schema-graph\">{\"@context\":\"https:\/\/schema.org\",\"@graph\":[{\"@type\":\"WebPage\",\"@id\":\"https:\/\/hope-day.org\/en\/devenir-partenaire\/\",\"url\":\"https:\/\/hope-day.org\/en\/devenir-partenaire\/\",\"name\":\"Devenir Partenaire - Hope Day Cameroon Organization\",\"isPartOf\":{\"@id\":\"https:\/\/hope-day.org\/#website\"},\"datePublished\":\"2026-01-07T22:48:00+00:00\",\"dateModified\":\"2026-01-26T15:31:55+00:00\",\"description\":\"Devenez partenaire de Hope Day Cameroon pour soutenir nos projets \u00e9ducatifs, sociaux et de protection de l\u2019enfant et cr\u00e9er un impact positif durable.\",\"breadcrumb\":{\"@id\":\"https:\/\/hope-day.org\/en\/devenir-partenaire\/#breadcrumb\"},\"inLanguage\":\"en-GB\",\"potentialAction\":[{\"@type\":\"ReadAction\",\"target\":[\"https:\/\/hope-day.org\/en\/devenir-partenaire\/\"]}]},{\"@type\":\"BreadcrumbList\",\"@id\":\"https:\/\/hope-day.org\/en\/devenir-partenaire\/#breadcrumb\",\"itemListElement\":[{\"@type\":\"ListItem\",\"position\":1,\"name\":\"Home\",\"item\":\"https:\/\/hope-day.org\/\"},{\"@type\":\"ListItem\",\"position\":2,\"name\":\"Devenir Partenaire\"}]},{\"@type\":\"WebSite\",\"@id\":\"https:\/\/hope-day.org\/#website\",\"url\":\"https:\/\/hope-day.org\/\",\"name\":\"Hope Day Cameroon Organization\",\"description\":\"Association pour la protection et le droit de l&#039;enfant au Caemeroun\",\"publisher\":{\"@id\":\"https:\/\/hope-day.org\/#organization\"},\"potentialAction\":[{\"@type\":\"SearchAction\",\"target\":{\"@type\":\"EntryPoint\",\"urlTemplate\":\"https:\/\/hope-day.org\/?s={search_term_string}\"},\"query-input\":{\"@type\":\"PropertyValueSpecification\",\"valueRequired\":true,\"valueName\":\"search_term_string\"}}],\"inLanguage\":\"en-GB\"},{\"@type\":\"Organization\",\"@id\":\"https:\/\/hope-day.org\/#organization\",\"name\":\"Hope Day Cameroon Organization\",\"url\":\"https:\/\/hope-day.org\/\",\"logo\":{\"@type\":\"ImageObject\",\"inLanguage\":\"en-GB\",\"@id\":\"https:\/\/hope-day.org\/#\/schema\/logo\/image\/\",\"url\":\"https:\/\/hope-day.org\/wp-content\/uploads\/2025\/04\/cropped-cropped-logo-bleu.png\",\"contentUrl\":\"https:\/\/hope-day.org\/wp-content\/uploads\/2025\/04\/cropped-cropped-logo-bleu.png\",\"width\":4007,\"height\":1401,\"caption\":\"Hope Day Cameroon Organization\"},\"image\":{\"@id\":\"https:\/\/hope-day.org\/#\/schema\/logo\/image\/\"}}]}<\/script>\n<!-- \/ Yoast SEO plugin. -->","yoast_head_json":{"title":"Devenir Partenaire - Hope Day Cameroon Organization","description":"Devenez partenaire de Hope Day Cameroon pour soutenir nos projets \u00e9ducatifs, sociaux et de protection de l\u2019enfant et cr\u00e9er un impact positif durable.","robots":{"index":"index","follow":"follow","max-snippet":"max-snippet:-1","max-image-preview":"max-image-preview:large","max-video-preview":"max-video-preview:-1"},"canonical":"https:\/\/hope-day.org\/en\/devenir-partenaire\/","og_locale":"en_GB","og_type":"article","og_title":"Devenir Partenaire - Hope Day Cameroon Organization","og_description":"Devenez partenaire de Hope Day Cameroon pour soutenir nos projets \u00e9ducatifs, sociaux et de protection de l\u2019enfant et cr\u00e9er un impact positif durable.","og_url":"https:\/\/hope-day.org\/en\/devenir-partenaire\/","og_site_name":"Hope Day Cameroon Organization","article_modified_time":"2026-01-26T15:31:55+00:00","twitter_card":"summary_large_image","twitter_misc":{"Estimated reading time":"1 minute"},"schema":{"@context":"https:\/\/schema.org","@graph":[{"@type":"WebPage","@id":"https:\/\/hope-day.org\/en\/devenir-partenaire\/","url":"https:\/\/hope-day.org\/en\/devenir-partenaire\/","name":"Devenir Partenaire - Hope Day Cameroon Organization","isPartOf":{"@id":"https:\/\/hope-day.org\/#website"},"datePublished":"2026-01-07T22:48:00+00:00","dateModified":"2026-01-26T15:31:55+00:00","description":"Devenez partenaire de Hope Day Cameroon pour soutenir nos projets \u00e9ducatifs, sociaux et de protection de l\u2019enfant et cr\u00e9er un impact positif durable.","breadcrumb":{"@id":"https:\/\/hope-day.org\/en\/devenir-partenaire\/#breadcrumb"},"inLanguage":"en-GB","potentialAction":[{"@type":"ReadAction","target":["https:\/\/hope-day.org\/en\/devenir-partenaire\/"]}]},{"@type":"BreadcrumbList","@id":"https:\/\/hope-day.org\/en\/devenir-partenaire\/#breadcrumb","itemListElement":[{"@type":"ListItem","position":1,"name":"Home","item":"https:\/\/hope-day.org\/"},{"@type":"ListItem","position":2,"name":"Devenir Partenaire"}]},{"@type":"WebSite","@id":"https:\/\/hope-day.org\/#website","url":"https:\/\/hope-day.org\/","name":"Hope Day Cameroon Organization","description":"Association pour la protection et le droit de l&#039;enfant au Caemeroun","publisher":{"@id":"https:\/\/hope-day.org\/#organization"},"potentialAction":[{"@type":"SearchAction","target":{"@type":"EntryPoint","urlTemplate":"https:\/\/hope-day.org\/?s={search_term_string}"},"query-input":{"@type":"PropertyValueSpecification","valueRequired":true,"valueName":"search_term_string"}}],"inLanguage":"en-GB"},{"@type":"Organization","@id":"https:\/\/hope-day.org\/#organization","name":"Hope Day Cameroon Organization","url":"https:\/\/hope-day.org\/","logo":{"@type":"ImageObject","inLanguage":"en-GB","@id":"https:\/\/hope-day.org\/#\/schema\/logo\/image\/","url":"https:\/\/hope-day.org\/wp-content\/uploads\/2025\/04\/cropped-cropped-logo-bleu.png","contentUrl":"https:\/\/hope-day.org\/wp-content\/uploads\/2025\/04\/cropped-cropped-logo-bleu.png","width":4007,"height":1401,"caption":"Hope Day Cameroon Organization"},"image":{"@id":"https:\/\/hope-day.org\/#\/schema\/logo\/image\/"}}]}},"_links":{"self":[{"href":"https:\/\/hope-day.org\/en\/wp-json\/wp\/v2\/pages\/1443","targetHints":{"allow":["GET"]}}],"collection":[{"href":"https:\/\/hope-day.org\/en\/wp-json\/wp\/v2\/pages"}],"about":[{"href":"https:\/\/hope-day.org\/en\/wp-json\/wp\/v2\/types\/page"}],"author":[{"embeddable":true,"href":"https:\/\/hope-day.org\/en\/wp-json\/wp\/v2\/users\/2"}],"replies":[{"embeddable":true,"href":"https:\/\/hope-day.org\/en\/wp-json\/wp\/v2\/comments?post=1443"}],"version-history":[{"count":7,"href":"https:\/\/hope-day.org\/en\/wp-json\/wp\/v2\/pages\/1443\/revisions"}],"predecessor-version":[{"id":1865,"href":"https:\/\/hope-day.org\/en\/wp-json\/wp\/v2\/pages\/1443\/revisions\/1865"}],"wp:attachment":[{"href":"https:\/\/hope-day.org\/en\/wp-json\/wp\/v2\/media?parent=1443"}],"curies":[{"name":"wp","href":"https:\/\/api.w.org\/{rel}","templated":true}]}}