{"id":1441,"date":"2026-01-07T22:47:41","date_gmt":"2026-01-07T22:47:41","guid":{"rendered":"https:\/\/hope-day.org\/?page_id=1441"},"modified":"2026-01-26T15:26:52","modified_gmt":"2026-01-26T15:26:52","slug":"devenir-membre","status":"publish","type":"page","link":"https:\/\/hope-day.org\/en\/devenir-membre\/","title":{"rendered":"Become a Member"},"content":{"rendered":"<div data-elementor-type=\"wp-page\" data-elementor-id=\"1441\" class=\"elementor elementor-1441\" data-elementor-post-type=\"page\">\n\t\t\t\t<div class=\"elementor-element elementor-element-c227cf8 e-con-full e-flex e-con e-parent\" data-id=\"c227cf8\" data-element_type=\"container\" data-settings=\"{&quot;background_background&quot;:&quot;classic&quot;}\">\n\t\t\t\t<div class=\"elementor-element elementor-element-5d5c750 elementor-widget elementor-widget-heading\" data-id=\"5d5c750\" data-element_type=\"widget\" data-widget_type=\"heading.default\">\n\t\t\t\t<div class=\"elementor-widget-container\">\n\t\t\t\t\t<h1 class=\"elementor-heading-title elementor-size-default\">Join Us<\/h1>\t\t\t\t<\/div>\n\t\t\t\t<\/div>\n\t\t\t\t<\/div>\n\t\t<div class=\"elementor-element elementor-element-ddb4f7c e-flex e-con-boxed e-con e-parent\" data-id=\"ddb4f7c\" data-element_type=\"container\">\n\t\t\t\t\t<div class=\"e-con-inner\">\n\t\t\t\t<div class=\"elementor-element elementor-element-97d35ce elementor-widget elementor-widget-spacer\" data-id=\"97d35ce\" data-element_type=\"widget\" data-widget_type=\"spacer.default\">\n\t\t\t\t<div class=\"elementor-widget-container\">\n\t\t\t\t\t\t\t<div class=\"elementor-spacer\">\n\t\t\t<div class=\"elementor-spacer-inner\"><\/div>\n\t\t<\/div>\n\t\t\t\t\t\t<\/div>\n\t\t\t\t<\/div>\n\t\t\t\t<div class=\"elementor-element elementor-element-0c8e9c8 elementor-widget elementor-widget-heading\" data-id=\"0c8e9c8\" data-element_type=\"widget\" data-widget_type=\"heading.default\">\n\t\t\t\t<div class=\"elementor-widget-container\">\n\t\t\t\t\t<h2 class=\"elementor-heading-title elementor-size-default\">Become a Member<\/h2>\t\t\t\t<\/div>\n\t\t\t\t<\/div>\n\t\t\t\t<div class=\"elementor-element elementor-element-c128e4b elementor-widget elementor-widget-heading\" data-id=\"c128e4b\" data-element_type=\"widget\" data-widget_type=\"heading.default\">\n\t\t\t\t<div class=\"elementor-widget-container\">\n\t\t\t\t\t<h3 class=\"elementor-heading-title elementor-size-default\">A Lasting Commitment to Children\u2019s Future<\/h3>\t\t\t\t<\/div>\n\t\t\t\t<\/div>\n\t\t\t\t<div class=\"elementor-element elementor-element-47bc4f1 elementor-widget-divider--view-line elementor-widget elementor-widget-divider\" data-id=\"47bc4f1\" data-element_type=\"widget\" data-widget_type=\"divider.default\">\n\t\t\t\t<div class=\"elementor-widget-container\">\n\t\t\t\t\t\t\t<div class=\"elementor-divider\">\n\t\t\t<span class=\"elementor-divider-separator\">\n\t\t\t\t\t\t<\/span>\n\t\t<\/div>\n\t\t\t\t\t\t<\/div>\n\t\t\t\t<\/div>\n\t\t\t\t<div class=\"elementor-element elementor-element-3afa277 elementor-widget elementor-widget-text-editor\" data-id=\"3afa277\" data-element_type=\"widget\" data-widget_type=\"text-editor.default\">\n\t\t\t\t<div class=\"elementor-widget-container\">\n\t\t\t\t\t\t\t\t\t<p data-start=\"164\" data-end=\"382\">Becoming a member of Hope Day Cameroon means choosing a strong and long-term commitment in service of the education, protection, and well-being of children from underprivileged backgrounds.<br data-start=\"364\" data-end=\"367\" \/>Members form the active core of the organization and are directly involved in the design, implementation, and evaluation of our actions.<\/p>\t\t\t\t\t\t\t\t<\/div>\n\t\t\t\t<\/div>\n\t\t<div class=\"elementor-element elementor-element-eb28f70 e-con-full e-flex e-con e-child\" data-id=\"eb28f70\" data-element_type=\"container\">\n\t\t<div class=\"elementor-element elementor-element-5dda99c e-con-full e-flex e-con e-child\" data-id=\"5dda99c\" data-element_type=\"container\" data-settings=\"{&quot;background_background&quot;:&quot;classic&quot;}\">\n\t\t\t\t<div class=\"elementor-element elementor-element-cf40f8d elementor-view-default elementor-widget elementor-widget-icon\" data-id=\"cf40f8d\" data-element_type=\"widget\" data-widget_type=\"icon.default\">\n\t\t\t\t<div class=\"elementor-widget-container\">\n\t\t\t\t\t\t\t<div class=\"elementor-icon-wrapper\">\n\t\t\t<div class=\"elementor-icon\">\n\t\t\t<svg aria-hidden=\"true\" class=\"e-font-icon-svg e-fas-question-circle\" viewbox=\"0 0 512 512\" xmlns=\"http:\/\/www.w3.org\/2000\/svg\"><path d=\"M504 256c0 136.997-111.043 248-248 248S8 392.997 8 256C8 119.083 119.043 8 256 8s248 111.083 248 248zM262.655 90c-54.497 0-89.255 22.957-116.549 63.758-3.536 5.286-2.353 12.415 2.715 16.258l34.699 26.31c5.205 3.947 12.621 3.008 16.665-2.122 17.864-22.658 30.113-35.797 57.303-35.797 20.429 0 45.698 13.148 45.698 32.958 0 14.976-12.363 22.667-32.534 33.976C247.128 238.528 216 254.941 216 296v4c0 6.627 5.373 12 12 12h56c6.627 0 12-5.373 12-12v-1.333c0-28.462 83.186-29.647 83.186-106.667 0-58.002-60.165-102-116.531-102zM256 338c-25.365 0-46 20.635-46 46 0 25.364 20.635 46 46 46s46-20.636 46-46c0-25.365-20.635-46-46-46z\"><\/path><\/svg>\t\t\t<\/div>\n\t\t<\/div>\n\t\t\t\t\t\t<\/div>\n\t\t\t\t<\/div>\n\t\t\t\t<div class=\"elementor-element elementor-element-4d703e4 elementor-widget elementor-widget-heading\" data-id=\"4d703e4\" data-element_type=\"widget\" data-widget_type=\"heading.default\">\n\t\t\t\t<div class=\"elementor-widget-container\">\n\t\t\t\t\t<h2 class=\"elementor-heading-title elementor-size-default\">Why Become a Member?<\/h2>\t\t\t\t<\/div>\n\t\t\t\t<\/div>\n\t\t\t\t<div class=\"elementor-element elementor-element-b9b557e elementor-widget elementor-widget-text-editor\" data-id=\"b9b557e\" data-element_type=\"widget\" data-widget_type=\"text-editor.default\">\n\t\t\t\t<div class=\"elementor-widget-container\">\n\t\t\t\t\t\t\t\t\t<p data-start=\"560\" data-end=\"594\">As a member, you will be able to:<\/p><ul data-start=\"595\" data-end=\"845\"><li data-start=\"595\" data-end=\"655\"><p data-start=\"597\" data-end=\"655\">Take part in the association\u2019s strategic decisions;<\/p><\/li><li data-start=\"656\" data-end=\"712\"><p data-start=\"658\" data-end=\"712\">Contribute to the development and monitoring of projects;<\/p><\/li><li data-start=\"713\" data-end=\"776\"><p data-start=\"715\" data-end=\"776\">Represent Hope Day Cameroon at official events;<\/p><\/li><li data-start=\"777\" data-end=\"845\"><p data-start=\"779\" data-end=\"845\">Join a network of committed young people who share the same values.<\/p><\/li><\/ul>\t\t\t\t\t\t\t\t<\/div>\n\t\t\t\t<\/div>\n\t\t\t\t<\/div>\n\t\t<div class=\"elementor-element elementor-element-75b5853 e-con-full e-flex e-con e-child\" data-id=\"75b5853\" data-element_type=\"container\" data-settings=\"{&quot;background_background&quot;:&quot;classic&quot;}\">\n\t\t\t\t<div class=\"elementor-element elementor-element-e7f6d50 elementor-view-default elementor-widget elementor-widget-icon\" data-id=\"e7f6d50\" data-element_type=\"widget\" data-widget_type=\"icon.default\">\n\t\t\t\t<div class=\"elementor-widget-container\">\n\t\t\t\t\t\t\t<div class=\"elementor-icon-wrapper\">\n\t\t\t<div class=\"elementor-icon\">\n\t\t\t<svg aria-hidden=\"true\" class=\"e-font-icon-svg e-fas-search\" viewbox=\"0 0 512 512\" xmlns=\"http:\/\/www.w3.org\/2000\/svg\"><path d=\"M505 442.7L405.3 343c-4.5-4.5-10.6-7-17-7H372c27.6-35.3 44-79.7 44-128C416 93.1 322.9 0 208 0S0 93.1 0 208s93.1 208 208 208c48.3 0 92.7-16.4 128-44v16.3c0 6.4 2.5 12.5 7 17l99.7 99.7c9.4 9.4 24.6 9.4 33.9 0l28.3-28.3c9.4-9.4 9.4-24.6.1-34zM208 336c-70.7 0-128-57.2-128-128 0-70.7 57.2-128 128-128 70.7 0 128 57.2 128 128 0 70.7-57.2 128-128 128z\"><\/path><\/svg>\t\t\t<\/div>\n\t\t<\/div>\n\t\t\t\t\t\t<\/div>\n\t\t\t\t<\/div>\n\t\t\t\t<div class=\"elementor-element elementor-element-c803551 elementor-widget elementor-widget-heading\" data-id=\"c803551\" data-element_type=\"widget\" data-widget_type=\"heading.default\">\n\t\t\t\t<div class=\"elementor-widget-container\">\n\t\t\t\t\t<h2 class=\"elementor-heading-title elementor-size-default\">Requirements to Become a Member<\/h2>\t\t\t\t<\/div>\n\t\t\t\t<\/div>\n\t\t\t\t<div class=\"elementor-element elementor-element-dc86b0c elementor-widget elementor-widget-text-editor\" data-id=\"dc86b0c\" data-element_type=\"widget\" data-widget_type=\"text-editor.default\">\n\t\t\t\t<div class=\"elementor-widget-container\">\n\t\t\t\t\t\t\t\t\t<p data-start=\"891\" data-end=\"953\">To be eligible for membership, you must:<\/p><ul data-start=\"955\" data-end=\"1316\"><li data-start=\"955\" data-end=\"1036\"><p data-start=\"957\" data-end=\"1036\">Have been <strong data-start=\"967\" data-end=\"1007\">an active volunteer for at least one year;<\/strong> within the association<\/p><\/li><li data-start=\"1037\" data-end=\"1101\"><p data-start=\"1039\" data-end=\"1101\">Demonstrate genuine commitment to field activities;<\/p><\/li><li data-start=\"1102\" data-end=\"1162\"><p data-start=\"1104\" data-end=\"1162\">Share the values and vision of Hope Day Cameroon;<\/p><\/li><li data-start=\"1163\" data-end=\"1243\"><p data-start=\"1165\" data-end=\"1243\">Respect the charter, internal regulations, and humanitarian principles;<\/p><\/li><li data-start=\"1244\" data-end=\"1316\"><p data-start=\"1246\" data-end=\"1316\">Show availability, responsibility, and team spirit.<\/p><\/li><\/ul>\t\t\t\t\t\t\t\t<\/div>\n\t\t\t\t<\/div>\n\t\t\t\t<\/div>\n\t\t<div class=\"elementor-element elementor-element-2277151 e-con-full e-flex e-con e-child\" data-id=\"2277151\" data-element_type=\"container\" data-settings=\"{&quot;background_background&quot;:&quot;classic&quot;}\">\n\t\t\t\t<div class=\"elementor-element elementor-element-3a28b98 elementor-view-default elementor-widget elementor-widget-icon\" data-id=\"3a28b98\" data-element_type=\"widget\" data-widget_type=\"icon.default\">\n\t\t\t\t<div class=\"elementor-widget-container\">\n\t\t\t\t\t\t\t<div class=\"elementor-icon-wrapper\">\n\t\t\t<div class=\"elementor-icon\">\n\t\t\t<svg aria-hidden=\"true\" class=\"e-font-icon-svg e-fas-road\" viewbox=\"0 0 576 512\" xmlns=\"http:\/\/www.w3.org\/2000\/svg\"><path d=\"M573.19 402.67l-139.79-320C428.43 71.29 417.6 64 405.68 64h-97.59l2.45 23.16c.5 4.72-3.21 8.84-7.96 8.84h-29.16c-4.75 0-8.46-4.12-7.96-8.84L267.91 64h-97.59c-11.93 0-22.76 7.29-27.73 18.67L2.8 402.67C-6.45 423.86 8.31 448 30.54 448h196.84l10.31-97.68c.86-8.14 7.72-14.32 15.91-14.32h68.8c8.19 0 15.05 6.18 15.91 14.32L348.62 448h196.84c22.23 0 36.99-24.14 27.73-45.33zM260.4 135.16a8 8 0 0 1 7.96-7.16h39.29c4.09 0 7.53 3.09 7.96 7.16l4.6 43.58c.75 7.09-4.81 13.26-11.93 13.26h-40.54c-7.13 0-12.68-6.17-11.93-13.26l4.59-43.58zM315.64 304h-55.29c-9.5 0-16.91-8.23-15.91-17.68l5.07-48c.86-8.14 7.72-14.32 15.91-14.32h45.15c8.19 0 15.05 6.18 15.91 14.32l5.07 48c1 9.45-6.41 17.68-15.91 17.68z\"><\/path><\/svg>\t\t\t<\/div>\n\t\t<\/div>\n\t\t\t\t\t\t<\/div>\n\t\t\t\t<\/div>\n\t\t\t\t<div class=\"elementor-element elementor-element-bc10f1d elementor-widget elementor-widget-heading\" data-id=\"bc10f1d\" data-element_type=\"widget\" data-widget_type=\"heading.default\">\n\t\t\t\t<div class=\"elementor-widget-container\">\n\t\t\t\t\t<h2 class=\"elementor-heading-title elementor-size-default\">Recruitment Process<\/h2>\t\t\t\t<\/div>\n\t\t\t\t<\/div>\n\t\t\t\t<div class=\"elementor-element elementor-element-e80dfce elementor-widget elementor-widget-text-editor\" data-id=\"e80dfce\" data-element_type=\"widget\" data-widget_type=\"text-editor.default\">\n\t\t\t\t<div class=\"elementor-widget-container\">\n\t\t\t\t\t\t\t\t\t<p data-start=\"1356\" data-end=\"1435\">Becoming a volunteer is a gradual and structured process:<\/p>\n<p data-start=\"1356\" data-end=\"1435\"><span style=\"letter-spacing: 0px;\" data-start=\"1440\" data-end=\"1480\">&nbsp; &nbsp;1.&nbsp;<\/span><strong style=\"letter-spacing: 0px;\" data-start=\"1440\" data-end=\"1480\">Completion of the application form<\/strong><\/p>\n<p data-start=\"1356\" data-end=\"1435\">&nbsp; &nbsp;2.<strong style=\"letter-spacing: 0px;\" data-start=\"1486\" data-end=\"1528\"> Interview with the recruitment team<\/strong><\/p>\n<p data-start=\"1356\" data-end=\"1435\">&nbsp; &nbsp;3.<strong style=\"letter-spacing: 0px;\" data-start=\"1534\" data-end=\"1577\"> Integration into the volunteer team<\/strong><\/p>\n<p data-start=\"1356\" data-end=\"1435\">&nbsp; &nbsp;4.<strong style=\"letter-spacing: 0px;\" data-start=\"1583\" data-end=\"1627\"> After at least one year of active volunteering:<\/strong><\/p>\n<ul>\n<li data-start=\"1356\" data-end=\"1435\"><span style=\"letter-spacing: 0px;\">Submission of an <\/span><strong style=\"letter-spacing: 0px;\" data-start=\"1652\" data-end=\"1685\">official membership request<\/strong><\/li>\n<li data-start=\"1356\" data-end=\"1435\">Review and validation of all internal texts, regulations, and documents<\/li>\n<\/ul>\n<p>&nbsp; &nbsp;5.<strong data-start=\"1779\" data-end=\"1824\"> Final approval by the leadership team<\/strong><\/p>\t\t\t\t\t\t\t\t<\/div>\n\t\t\t\t<\/div>\n\t\t\t\t<\/div>\n\t\t\t\t<\/div>\n\t\t\t\t<div class=\"elementor-element elementor-element-f52862b elementor-align-center elementor-widget elementor-widget-button\" data-id=\"f52862b\" data-element_type=\"widget\" data-widget_type=\"button.default\">\n\t\t\t\t<div class=\"elementor-widget-container\">\n\t\t\t\t\t\t\t\t\t<div class=\"elementor-button-wrapper\">\n\t\t\t\t\t<a class=\"elementor-button elementor-button-link elementor-size-sm\" href=\"https:\/\/docs.google.com\/forms\/d\/e\/1FAIpQLScvcMlSTq6p2eeHtfLy5Pd8eidKXPOMMVUXBgD8PAopN6teaA\/viewform?usp=header\">\n\t\t\t\t\t\t<span class=\"elementor-button-content-wrapper\">\n\t\t\t\t\t\t\t\t\t<span class=\"elementor-button-text\">Submit a Request<\/span>\n\t\t\t\t\t<\/span>\n\t\t\t\t\t<\/a>\n\t\t\t\t<\/div>\n\t\t\t\t\t\t\t\t<\/div>\n\t\t\t\t<\/div>\n\t\t\t\t\t<\/div>\n\t\t\t\t<\/div>\n\t\t\t\t<\/div>","protected":false},"excerpt":{"rendered":"<p>NOUS REJOINDRE Devenir Membre S\u2019engager Durablement pour l\u2019Avenir des Enfants Devenir membre de Hope Day Cameroon, c\u2019est faire le choix d\u2019un engagement fort et durable au service de l\u2019\u00e9ducation, de la protection et de l\u2019\u00e9panouissement des enfants issus de milieux d\u00e9favoris\u00e9s.Les membres constituent le noyau actif de l\u2019association et participent directement \u00e0 la conception, \u00e0 la mise en \u0153uvre et [&hellip;]<\/p>","protected":false},"author":2,"featured_media":0,"parent":0,"menu_order":0,"comment_status":"closed","ping_status":"closed","template":"elementor_header_footer","meta":{"footnotes":""},"class_list":["post-1441","page","type-page","status-publish","hentry"],"yoast_head":"<!-- This site is optimized with the Yoast SEO plugin v26.8 - https:\/\/yoast.com\/product\/yoast-seo-wordpress\/ -->\n<title>Devenir Membre - Hope Day Cameroon Organization<\/title>\n<meta name=\"description\" content=\"Rejoignez Hope Day Cameroon en tant que membre engag\u00e9 pour soutenir des actions en \u00e9ducation, protection et droits de l\u2019enfant.\" \/>\n<meta name=\"robots\" content=\"index, follow, max-snippet:-1, max-image-preview:large, max-video-preview:-1\" \/>\n<link rel=\"canonical\" href=\"https:\/\/hope-day.org\/en\/devenir-membre\/\" \/>\n<meta property=\"og:locale\" content=\"en_GB\" \/>\n<meta property=\"og:type\" content=\"article\" \/>\n<meta property=\"og:title\" content=\"Devenir Membre - Hope Day Cameroon Organization\" \/>\n<meta property=\"og:description\" content=\"Rejoignez Hope Day Cameroon en tant que membre engag\u00e9 pour soutenir des actions en \u00e9ducation, protection et droits de l\u2019enfant.\" \/>\n<meta property=\"og:url\" content=\"https:\/\/hope-day.org\/en\/devenir-membre\/\" \/>\n<meta property=\"og:site_name\" content=\"Hope Day Cameroon Organization\" \/>\n<meta property=\"article:modified_time\" content=\"2026-01-26T15:26:52+00:00\" \/>\n<meta name=\"twitter:card\" content=\"summary_large_image\" \/>\n<meta name=\"twitter:label1\" content=\"Estimated reading time\" \/>\n\t<meta name=\"twitter:data1\" content=\"2 minutes\" \/>\n<script type=\"application\/ld+json\" class=\"yoast-schema-graph\">{\"@context\":\"https:\/\/schema.org\",\"@graph\":[{\"@type\":\"WebPage\",\"@id\":\"https:\/\/hope-day.org\/en\/devenir-membre\/\",\"url\":\"https:\/\/hope-day.org\/en\/devenir-membre\/\",\"name\":\"Devenir Membre - Hope Day Cameroon Organization\",\"isPartOf\":{\"@id\":\"https:\/\/hope-day.org\/#website\"},\"datePublished\":\"2026-01-07T22:47:41+00:00\",\"dateModified\":\"2026-01-26T15:26:52+00:00\",\"description\":\"Rejoignez Hope Day Cameroon en tant que membre engag\u00e9 pour soutenir des actions en \u00e9ducation, protection et droits de l\u2019enfant.\",\"breadcrumb\":{\"@id\":\"https:\/\/hope-day.org\/en\/devenir-membre\/#breadcrumb\"},\"inLanguage\":\"en-GB\",\"potentialAction\":[{\"@type\":\"ReadAction\",\"target\":[\"https:\/\/hope-day.org\/en\/devenir-membre\/\"]}]},{\"@type\":\"BreadcrumbList\",\"@id\":\"https:\/\/hope-day.org\/en\/devenir-membre\/#breadcrumb\",\"itemListElement\":[{\"@type\":\"ListItem\",\"position\":1,\"name\":\"Home\",\"item\":\"https:\/\/hope-day.org\/\"},{\"@type\":\"ListItem\",\"position\":2,\"name\":\"Devenir Membre\"}]},{\"@type\":\"WebSite\",\"@id\":\"https:\/\/hope-day.org\/#website\",\"url\":\"https:\/\/hope-day.org\/\",\"name\":\"Hope Day Cameroon Organization\",\"description\":\"Association pour la protection et le droit de l&#039;enfant au Caemeroun\",\"publisher\":{\"@id\":\"https:\/\/hope-day.org\/#organization\"},\"potentialAction\":[{\"@type\":\"SearchAction\",\"target\":{\"@type\":\"EntryPoint\",\"urlTemplate\":\"https:\/\/hope-day.org\/?s={search_term_string}\"},\"query-input\":{\"@type\":\"PropertyValueSpecification\",\"valueRequired\":true,\"valueName\":\"search_term_string\"}}],\"inLanguage\":\"en-GB\"},{\"@type\":\"Organization\",\"@id\":\"https:\/\/hope-day.org\/#organization\",\"name\":\"Hope Day Cameroon Organization\",\"url\":\"https:\/\/hope-day.org\/\",\"logo\":{\"@type\":\"ImageObject\",\"inLanguage\":\"en-GB\",\"@id\":\"https:\/\/hope-day.org\/#\/schema\/logo\/image\/\",\"url\":\"https:\/\/hope-day.org\/wp-content\/uploads\/2025\/04\/cropped-cropped-logo-bleu.png\",\"contentUrl\":\"https:\/\/hope-day.org\/wp-content\/uploads\/2025\/04\/cropped-cropped-logo-bleu.png\",\"width\":4007,\"height\":1401,\"caption\":\"Hope Day Cameroon Organization\"},\"image\":{\"@id\":\"https:\/\/hope-day.org\/#\/schema\/logo\/image\/\"}}]}<\/script>\n<!-- \/ Yoast SEO plugin. -->","yoast_head_json":{"title":"Devenir Membre - Hope Day Cameroon Organization","description":"Rejoignez Hope Day Cameroon en tant que membre engag\u00e9 pour soutenir des actions en \u00e9ducation, protection et droits de l\u2019enfant.","robots":{"index":"index","follow":"follow","max-snippet":"max-snippet:-1","max-image-preview":"max-image-preview:large","max-video-preview":"max-video-preview:-1"},"canonical":"https:\/\/hope-day.org\/en\/devenir-membre\/","og_locale":"en_GB","og_type":"article","og_title":"Devenir Membre - Hope Day Cameroon Organization","og_description":"Rejoignez Hope Day Cameroon en tant que membre engag\u00e9 pour soutenir des actions en \u00e9ducation, protection et droits de l\u2019enfant.","og_url":"https:\/\/hope-day.org\/en\/devenir-membre\/","og_site_name":"Hope Day Cameroon Organization","article_modified_time":"2026-01-26T15:26:52+00:00","twitter_card":"summary_large_image","twitter_misc":{"Estimated reading time":"2 minutes"},"schema":{"@context":"https:\/\/schema.org","@graph":[{"@type":"WebPage","@id":"https:\/\/hope-day.org\/en\/devenir-membre\/","url":"https:\/\/hope-day.org\/en\/devenir-membre\/","name":"Devenir Membre - Hope Day Cameroon Organization","isPartOf":{"@id":"https:\/\/hope-day.org\/#website"},"datePublished":"2026-01-07T22:47:41+00:00","dateModified":"2026-01-26T15:26:52+00:00","description":"Rejoignez Hope Day Cameroon en tant que membre engag\u00e9 pour soutenir des actions en \u00e9ducation, protection et droits de l\u2019enfant.","breadcrumb":{"@id":"https:\/\/hope-day.org\/en\/devenir-membre\/#breadcrumb"},"inLanguage":"en-GB","potentialAction":[{"@type":"ReadAction","target":["https:\/\/hope-day.org\/en\/devenir-membre\/"]}]},{"@type":"BreadcrumbList","@id":"https:\/\/hope-day.org\/en\/devenir-membre\/#breadcrumb","itemListElement":[{"@type":"ListItem","position":1,"name":"Home","item":"https:\/\/hope-day.org\/"},{"@type":"ListItem","position":2,"name":"Devenir Membre"}]},{"@type":"WebSite","@id":"https:\/\/hope-day.org\/#website","url":"https:\/\/hope-day.org\/","name":"Hope Day Cameroon Organization","description":"Association pour la protection et le droit de l&#039;enfant au Caemeroun","publisher":{"@id":"https:\/\/hope-day.org\/#organization"},"potentialAction":[{"@type":"SearchAction","target":{"@type":"EntryPoint","urlTemplate":"https:\/\/hope-day.org\/?s={search_term_string}"},"query-input":{"@type":"PropertyValueSpecification","valueRequired":true,"valueName":"search_term_string"}}],"inLanguage":"en-GB"},{"@type":"Organization","@id":"https:\/\/hope-day.org\/#organization","name":"Hope Day Cameroon Organization","url":"https:\/\/hope-day.org\/","logo":{"@type":"ImageObject","inLanguage":"en-GB","@id":"https:\/\/hope-day.org\/#\/schema\/logo\/image\/","url":"https:\/\/hope-day.org\/wp-content\/uploads\/2025\/04\/cropped-cropped-logo-bleu.png","contentUrl":"https:\/\/hope-day.org\/wp-content\/uploads\/2025\/04\/cropped-cropped-logo-bleu.png","width":4007,"height":1401,"caption":"Hope Day Cameroon Organization"},"image":{"@id":"https:\/\/hope-day.org\/#\/schema\/logo\/image\/"}}]}},"_links":{"self":[{"href":"https:\/\/hope-day.org\/en\/wp-json\/wp\/v2\/pages\/1441","targetHints":{"allow":["GET"]}}],"collection":[{"href":"https:\/\/hope-day.org\/en\/wp-json\/wp\/v2\/pages"}],"about":[{"href":"https:\/\/hope-day.org\/en\/wp-json\/wp\/v2\/types\/page"}],"author":[{"embeddable":true,"href":"https:\/\/hope-day.org\/en\/wp-json\/wp\/v2\/users\/2"}],"replies":[{"embeddable":true,"href":"https:\/\/hope-day.org\/en\/wp-json\/wp\/v2\/comments?post=1441"}],"version-history":[{"count":13,"href":"https:\/\/hope-day.org\/en\/wp-json\/wp\/v2\/pages\/1441\/revisions"}],"predecessor-version":[{"id":1862,"href":"https:\/\/hope-day.org\/en\/wp-json\/wp\/v2\/pages\/1441\/revisions\/1862"}],"wp:attachment":[{"href":"https:\/\/hope-day.org\/en\/wp-json\/wp\/v2\/media?parent=1441"}],"curies":[{"name":"wp","href":"https:\/\/api.w.org\/{rel}","templated":true}]}}