{"id":1439,"date":"2026-01-07T22:47:20","date_gmt":"2026-01-07T22:47:20","guid":{"rendered":"https:\/\/hope-day.org\/?page_id=1439"},"modified":"2026-03-06T12:56:24","modified_gmt":"2026-03-06T11:56:24","slug":"devenir-benevole","status":"publish","type":"page","link":"https:\/\/hope-day.org\/en\/devenir-benevole\/","title":{"rendered":"Become a Volunteer"},"content":{"rendered":"<div data-elementor-type=\"wp-page\" data-elementor-id=\"1439\" class=\"elementor elementor-1439\" data-elementor-post-type=\"page\">\n\t\t\t\t<div class=\"elementor-element elementor-element-ed2b3fd e-con-full e-flex e-con e-parent\" data-id=\"ed2b3fd\" data-element_type=\"container\" data-settings=\"{&quot;background_background&quot;:&quot;classic&quot;}\">\n\t\t\t\t<div class=\"elementor-element elementor-element-a04533a elementor-widget elementor-widget-heading\" data-id=\"a04533a\" data-element_type=\"widget\" data-widget_type=\"heading.default\">\n\t\t\t\t<div class=\"elementor-widget-container\">\n\t\t\t\t\t<h1 class=\"elementor-heading-title elementor-size-default\">Join Us<\/h1>\t\t\t\t<\/div>\n\t\t\t\t<\/div>\n\t\t\t\t<\/div>\n\t\t<div class=\"elementor-element elementor-element-0ba8a75 e-flex e-con-boxed e-con e-parent\" data-id=\"0ba8a75\" data-element_type=\"container\">\n\t\t\t\t\t<div class=\"e-con-inner\">\n\t\t\t\t<div class=\"elementor-element elementor-element-3d5a098 elementor-widget elementor-widget-spacer\" data-id=\"3d5a098\" data-element_type=\"widget\" data-widget_type=\"spacer.default\">\n\t\t\t\t<div class=\"elementor-widget-container\">\n\t\t\t\t\t\t\t<div class=\"elementor-spacer\">\n\t\t\t<div class=\"elementor-spacer-inner\"><\/div>\n\t\t<\/div>\n\t\t\t\t\t\t<\/div>\n\t\t\t\t<\/div>\n\t\t\t\t<div class=\"elementor-element elementor-element-88385b7 elementor-widget elementor-widget-heading\" data-id=\"88385b7\" data-element_type=\"widget\" data-widget_type=\"heading.default\">\n\t\t\t\t<div class=\"elementor-widget-container\">\n\t\t\t\t\t<h2 class=\"elementor-heading-title elementor-size-default\">Become a Volunteer<\/h2>\t\t\t\t<\/div>\n\t\t\t\t<\/div>\n\t\t\t\t<div class=\"elementor-element elementor-element-1407814 elementor-widget elementor-widget-heading\" data-id=\"1407814\" data-element_type=\"widget\" data-widget_type=\"heading.default\">\n\t\t\t\t<div class=\"elementor-widget-container\">\n\t\t\t\t\t<h3 class=\"elementor-heading-title elementor-size-default\">Offer Your Time, Change Lives<\/h3>\t\t\t\t<\/div>\n\t\t\t\t<\/div>\n\t\t\t\t<div class=\"elementor-element elementor-element-d5ff4a9 elementor-widget-divider--view-line elementor-widget elementor-widget-divider\" data-id=\"d5ff4a9\" data-element_type=\"widget\" data-widget_type=\"divider.default\">\n\t\t\t\t<div class=\"elementor-widget-container\">\n\t\t\t\t\t\t\t<div class=\"elementor-divider\">\n\t\t\t<span class=\"elementor-divider-separator\">\n\t\t\t\t\t\t<\/span>\n\t\t<\/div>\n\t\t\t\t\t\t<\/div>\n\t\t\t\t<\/div>\n\t\t\t\t<div class=\"elementor-element elementor-element-250c13c elementor-widget elementor-widget-text-editor\" data-id=\"250c13c\" data-element_type=\"widget\" data-widget_type=\"text-editor.default\">\n\t\t\t\t<div class=\"elementor-widget-container\">\n\t\t\t\t\t\t\t\t\t<p data-start=\"164\" data-end=\"382\">Becoming a volunteer with Hope Day Cameroon means standing alongside children and underprivileged communities to provide real, hands-on support in the field. Each volunteer, through their skills and availability, contributes to the success of our educational, social, and humanitarian actions.<\/p>\t\t\t\t\t\t\t\t<\/div>\n\t\t\t\t<\/div>\n\t\t<div class=\"elementor-element elementor-element-3d950f9 e-con-full e-flex e-con e-child\" data-id=\"3d950f9\" data-element_type=\"container\">\n\t\t<div class=\"elementor-element elementor-element-c0a263b e-con-full e-flex e-con e-child\" data-id=\"c0a263b\" data-element_type=\"container\" data-settings=\"{&quot;background_background&quot;:&quot;classic&quot;}\">\n\t\t\t\t<div class=\"elementor-element elementor-element-2db563a elementor-view-default elementor-widget elementor-widget-icon\" data-id=\"2db563a\" data-element_type=\"widget\" data-widget_type=\"icon.default\">\n\t\t\t\t<div class=\"elementor-widget-container\">\n\t\t\t\t\t\t\t<div class=\"elementor-icon-wrapper\">\n\t\t\t<div class=\"elementor-icon\">\n\t\t\t<svg aria-hidden=\"true\" class=\"e-font-icon-svg e-fas-question-circle\" viewbox=\"0 0 512 512\" xmlns=\"http:\/\/www.w3.org\/2000\/svg\"><path d=\"M504 256c0 136.997-111.043 248-248 248S8 392.997 8 256C8 119.083 119.043 8 256 8s248 111.083 248 248zM262.655 90c-54.497 0-89.255 22.957-116.549 63.758-3.536 5.286-2.353 12.415 2.715 16.258l34.699 26.31c5.205 3.947 12.621 3.008 16.665-2.122 17.864-22.658 30.113-35.797 57.303-35.797 20.429 0 45.698 13.148 45.698 32.958 0 14.976-12.363 22.667-32.534 33.976C247.128 238.528 216 254.941 216 296v4c0 6.627 5.373 12 12 12h56c6.627 0 12-5.373 12-12v-1.333c0-28.462 83.186-29.647 83.186-106.667 0-58.002-60.165-102-116.531-102zM256 338c-25.365 0-46 20.635-46 46 0 25.364 20.635 46 46 46s46-20.636 46-46c0-25.365-20.635-46-46-46z\"><\/path><\/svg>\t\t\t<\/div>\n\t\t<\/div>\n\t\t\t\t\t\t<\/div>\n\t\t\t\t<\/div>\n\t\t\t\t<div class=\"elementor-element elementor-element-eb073c0 elementor-widget elementor-widget-heading\" data-id=\"eb073c0\" data-element_type=\"widget\" data-widget_type=\"heading.default\">\n\t\t\t\t<div class=\"elementor-widget-container\">\n\t\t\t\t\t<h2 class=\"elementor-heading-title elementor-size-default\">Why Become a Volunteer?<\/h2>\t\t\t\t<\/div>\n\t\t\t\t<\/div>\n\t\t\t\t<div class=\"elementor-element elementor-element-60bb934 elementor-widget elementor-widget-text-editor\" data-id=\"60bb934\" data-element_type=\"widget\" data-widget_type=\"text-editor.default\">\n\t\t\t\t<div class=\"elementor-widget-container\">\n\t\t\t\t\t\t\t\t\t<p data-start=\"481\" data-end=\"517\">As a volunteer, you will have the opportunity to:<\/p><ul data-start=\"518\" data-end=\"808\"><li data-start=\"518\" data-end=\"604\"><p data-start=\"520\" data-end=\"604\">Actively take part in our school enrollment campaigns and community actions;<\/p><\/li><li data-start=\"605\" data-end=\"676\"><p data-start=\"607\" data-end=\"676\">Support the organization of events, workshops, and training sessions;<\/p><\/li><li data-start=\"677\" data-end=\"740\"><p data-start=\"679\" data-end=\"740\">Contribute to the protection and guidance of children;<\/p><\/li><li data-start=\"741\" data-end=\"808\"><p data-start=\"743\" data-end=\"808\">Gain a meaningful human and professional experience.<\/p><\/li><\/ul>\t\t\t\t\t\t\t\t<\/div>\n\t\t\t\t<\/div>\n\t\t\t\t<\/div>\n\t\t<div class=\"elementor-element elementor-element-bef25c6 e-con-full e-flex e-con e-child\" data-id=\"bef25c6\" data-element_type=\"container\" data-settings=\"{&quot;background_background&quot;:&quot;classic&quot;}\">\n\t\t\t\t<div class=\"elementor-element elementor-element-0549b9b elementor-view-default elementor-widget elementor-widget-icon\" data-id=\"0549b9b\" data-element_type=\"widget\" data-widget_type=\"icon.default\">\n\t\t\t\t<div class=\"elementor-widget-container\">\n\t\t\t\t\t\t\t<div class=\"elementor-icon-wrapper\">\n\t\t\t<div class=\"elementor-icon\">\n\t\t\t<svg aria-hidden=\"true\" class=\"e-font-icon-svg e-fas-search\" viewbox=\"0 0 512 512\" xmlns=\"http:\/\/www.w3.org\/2000\/svg\"><path d=\"M505 442.7L405.3 343c-4.5-4.5-10.6-7-17-7H372c27.6-35.3 44-79.7 44-128C416 93.1 322.9 0 208 0S0 93.1 0 208s93.1 208 208 208c48.3 0 92.7-16.4 128-44v16.3c0 6.4 2.5 12.5 7 17l99.7 99.7c9.4 9.4 24.6 9.4 33.9 0l28.3-28.3c9.4-9.4 9.4-24.6.1-34zM208 336c-70.7 0-128-57.2-128-128 0-70.7 57.2-128 128-128 70.7 0 128 57.2 128 128 0 70.7-57.2 128-128 128z\"><\/path><\/svg>\t\t\t<\/div>\n\t\t<\/div>\n\t\t\t\t\t\t<\/div>\n\t\t\t\t<\/div>\n\t\t\t\t<div class=\"elementor-element elementor-element-993fe04 elementor-widget elementor-widget-heading\" data-id=\"993fe04\" data-element_type=\"widget\" data-widget_type=\"heading.default\">\n\t\t\t\t<div class=\"elementor-widget-container\">\n\t\t\t\t\t<h2 class=\"elementor-heading-title elementor-size-default\">Requirements to Become a Volunteer<\/h2>\t\t\t\t<\/div>\n\t\t\t\t<\/div>\n\t\t\t\t<div class=\"elementor-element elementor-element-49edd1a elementor-widget elementor-widget-text-editor\" data-id=\"49edd1a\" data-element_type=\"widget\" data-widget_type=\"text-editor.default\">\n\t\t\t\t<div class=\"elementor-widget-container\">\n\t\t\t\t\t\t\t\t\t<p data-start=\"856\" data-end=\"907\">To join our volunteer team, you must:<\/p><ul data-start=\"909\" data-end=\"1206\"><li data-start=\"909\" data-end=\"945\"><p data-start=\"911\" data-end=\"945\">Be at least <strong data-start=\"931\" data-end=\"941\">16 years old;<\/strong> ;<\/p><\/li><li data-start=\"946\" data-end=\"1008\"><p data-start=\"948\" data-end=\"1008\">Be motivated and share the values of Hope Day Cameroon;<\/p><\/li><li data-start=\"1009\" data-end=\"1074\"><p data-start=\"1011\" data-end=\"1074\">Respect the association\u2019s charter and internal rules;<\/p><\/li><li data-start=\"1075\" data-end=\"1148\"><p data-start=\"1077\" data-end=\"1148\">Be available occasionally or regularly depending on activities;<\/p><\/li><li data-start=\"1149\" data-end=\"1206\"><p data-start=\"1151\" data-end=\"1206\">Demonstrate respect, active listening, and team spirit.<\/p><\/li><\/ul>\t\t\t\t\t\t\t\t<\/div>\n\t\t\t\t<\/div>\n\t\t\t\t<\/div>\n\t\t<div class=\"elementor-element elementor-element-adf558f e-con-full e-flex e-con e-child\" data-id=\"adf558f\" data-element_type=\"container\" data-settings=\"{&quot;background_background&quot;:&quot;classic&quot;}\">\n\t\t\t\t<div class=\"elementor-element elementor-element-8a820ad elementor-view-default elementor-widget elementor-widget-icon\" data-id=\"8a820ad\" data-element_type=\"widget\" data-widget_type=\"icon.default\">\n\t\t\t\t<div class=\"elementor-widget-container\">\n\t\t\t\t\t\t\t<div class=\"elementor-icon-wrapper\">\n\t\t\t<div class=\"elementor-icon\">\n\t\t\t<svg aria-hidden=\"true\" class=\"e-font-icon-svg e-fas-road\" viewbox=\"0 0 576 512\" xmlns=\"http:\/\/www.w3.org\/2000\/svg\"><path d=\"M573.19 402.67l-139.79-320C428.43 71.29 417.6 64 405.68 64h-97.59l2.45 23.16c.5 4.72-3.21 8.84-7.96 8.84h-29.16c-4.75 0-8.46-4.12-7.96-8.84L267.91 64h-97.59c-11.93 0-22.76 7.29-27.73 18.67L2.8 402.67C-6.45 423.86 8.31 448 30.54 448h196.84l10.31-97.68c.86-8.14 7.72-14.32 15.91-14.32h68.8c8.19 0 15.05 6.18 15.91 14.32L348.62 448h196.84c22.23 0 36.99-24.14 27.73-45.33zM260.4 135.16a8 8 0 0 1 7.96-7.16h39.29c4.09 0 7.53 3.09 7.96 7.16l4.6 43.58c.75 7.09-4.81 13.26-11.93 13.26h-40.54c-7.13 0-12.68-6.17-11.93-13.26l4.59-43.58zM315.64 304h-55.29c-9.5 0-16.91-8.23-15.91-17.68l5.07-48c.86-8.14 7.72-14.32 15.91-14.32h45.15c8.19 0 15.05 6.18 15.91 14.32l5.07 48c1 9.45-6.41 17.68-15.91 17.68z\"><\/path><\/svg>\t\t\t<\/div>\n\t\t<\/div>\n\t\t\t\t\t\t<\/div>\n\t\t\t\t<\/div>\n\t\t\t\t<div class=\"elementor-element elementor-element-f8db5fb elementor-widget elementor-widget-heading\" data-id=\"f8db5fb\" data-element_type=\"widget\" data-widget_type=\"heading.default\">\n\t\t\t\t<div class=\"elementor-widget-container\">\n\t\t\t\t\t<h2 class=\"elementor-heading-title elementor-size-default\">Recruitment Process<\/h2>\t\t\t\t<\/div>\n\t\t\t\t<\/div>\n\t\t\t\t<div class=\"elementor-element elementor-element-794bf41 elementor-widget elementor-widget-text-editor\" data-id=\"794bf41\" data-element_type=\"widget\" data-widget_type=\"text-editor.default\">\n\t\t\t\t<div class=\"elementor-widget-container\">\n\t\t\t\t\t\t\t\t\t<p data-start=\"1356\" data-end=\"1435\">Becoming a volunteer takes the following steps:<\/p><p data-start=\"1356\" data-end=\"1435\"><span style=\"letter-spacing: 0px;\" data-start=\"1440\" data-end=\"1480\">\u00a0 \u00a01.\u00a0<\/span><strong style=\"letter-spacing: 0px;\" data-start=\"1440\" data-end=\"1480\">Completion of the application form<\/strong><\/p><p data-start=\"1356\" data-end=\"1435\">\u00a0 \u00a02.<strong style=\"letter-spacing: 0px;\" data-start=\"1486\" data-end=\"1528\"> Interview with the recruitment team<\/strong><\/p><p data-start=\"1356\" data-end=\"1435\">\u00a0 \u00a03.<strong style=\"letter-spacing: 0px;\" data-start=\"1534\" data-end=\"1577\"> Integration into the volunteer team<\/strong><\/p>\t\t\t\t\t\t\t\t<\/div>\n\t\t\t\t<\/div>\n\t\t\t\t<\/div>\n\t\t\t\t<\/div>\n\t\t\t\t<div class=\"elementor-element elementor-element-a7e38c4 elementor-align-center elementor-widget elementor-widget-button\" data-id=\"a7e38c4\" data-element_type=\"widget\" data-widget_type=\"button.default\">\n\t\t\t\t<div class=\"elementor-widget-container\">\n\t\t\t\t\t\t\t\t\t<div class=\"elementor-button-wrapper\">\n\t\t\t\t\t<a class=\"elementor-button elementor-button-link elementor-size-sm\" href=\"https:\/\/docs.google.com\/forms\/d\/e\/1FAIpQLScvcMlSTq6p2eeHtfLy5Pd8eidKXPOMMVUXBgD8PAopN6teaA\/viewform?usp=header\" target=\"_blank\">\n\t\t\t\t\t\t<span class=\"elementor-button-content-wrapper\">\n\t\t\t\t\t\t\t\t\t<span class=\"elementor-button-text\">Submit a Request<\/span>\n\t\t\t\t\t<\/span>\n\t\t\t\t\t<\/a>\n\t\t\t\t<\/div>\n\t\t\t\t\t\t\t\t<\/div>\n\t\t\t\t<\/div>\n\t\t\t\t<div class=\"elementor-element elementor-element-a18a11c elementor-widget elementor-widget-spacer\" data-id=\"a18a11c\" data-element_type=\"widget\" data-widget_type=\"spacer.default\">\n\t\t\t\t<div class=\"elementor-widget-container\">\n\t\t\t\t\t\t\t<div class=\"elementor-spacer\">\n\t\t\t<div class=\"elementor-spacer-inner\"><\/div>\n\t\t<\/div>\n\t\t\t\t\t\t<\/div>\n\t\t\t\t<\/div>\n\t\t\t\t\t<\/div>\n\t\t\t\t<\/div>\n\t\t\t\t<\/div>","protected":false},"excerpt":{"rendered":"<p>NOUS REJOINDRE Devenir B\u00e9n\u00e9vole Offrir son temps, changer des vies Devenir b\u00e9n\u00e9vole au sein de Hope Day Cameroon, c\u2019est s\u2019engager aux c\u00f4t\u00e9s des enfants et des communaut\u00e9s d\u00e9favoris\u00e9es pour apporter un soutien concret sur le terrain. Chaque b\u00e9n\u00e9vole contribue, par ses comp\u00e9tences et sa disponibilit\u00e9, \u00e0 la r\u00e9ussite de nos actions \u00e9ducatives, sociales et humanitaires. Pourquoi Devenir B\u00e9n\u00e9vole En tant [&hellip;]<\/p>","protected":false},"author":2,"featured_media":0,"parent":0,"menu_order":0,"comment_status":"closed","ping_status":"closed","template":"elementor_header_footer","meta":{"footnotes":""},"class_list":["post-1439","page","type-page","status-publish","hentry"],"yoast_head":"<!-- This site is optimized with the Yoast SEO plugin v26.8 - https:\/\/yoast.com\/product\/yoast-seo-wordpress\/ -->\n<title>Devenir B\u00e9n\u00e9vole - Hope Day Cameroon Organization<\/title>\n<meta name=\"description\" content=\"Rejoignez Hope Day Cameroon en tant que b\u00e9n\u00e9vole pour soutenir des actions \u00e9ducatives, sociales et humanitaires aupr\u00e8s des enfants d\u00e9favoris\u00e9s\" \/>\n<meta name=\"robots\" content=\"index, follow, max-snippet:-1, max-image-preview:large, max-video-preview:-1\" \/>\n<link rel=\"canonical\" href=\"https:\/\/hope-day.org\/en\/devenir-benevole\/\" \/>\n<meta property=\"og:locale\" content=\"en_GB\" \/>\n<meta property=\"og:type\" content=\"article\" \/>\n<meta property=\"og:title\" content=\"Devenir B\u00e9n\u00e9vole - Hope Day Cameroon Organization\" \/>\n<meta property=\"og:description\" content=\"Rejoignez Hope Day Cameroon en tant que b\u00e9n\u00e9vole pour soutenir des actions \u00e9ducatives, sociales et humanitaires aupr\u00e8s des enfants d\u00e9favoris\u00e9s\" \/>\n<meta property=\"og:url\" content=\"https:\/\/hope-day.org\/en\/devenir-benevole\/\" \/>\n<meta property=\"og:site_name\" content=\"Hope Day Cameroon Organization\" \/>\n<meta property=\"article:modified_time\" content=\"2026-03-06T11:56:24+00:00\" \/>\n<meta name=\"twitter:card\" content=\"summary_large_image\" \/>\n<meta name=\"twitter:label1\" content=\"Estimated reading time\" \/>\n\t<meta name=\"twitter:data1\" content=\"1 minute\" \/>\n<script type=\"application\/ld+json\" class=\"yoast-schema-graph\">{\"@context\":\"https:\/\/schema.org\",\"@graph\":[{\"@type\":\"WebPage\",\"@id\":\"https:\/\/hope-day.org\/en\/devenir-benevole\/\",\"url\":\"https:\/\/hope-day.org\/en\/devenir-benevole\/\",\"name\":\"Devenir B\u00e9n\u00e9vole - Hope Day Cameroon Organization\",\"isPartOf\":{\"@id\":\"https:\/\/hope-day.org\/#website\"},\"datePublished\":\"2026-01-07T22:47:20+00:00\",\"dateModified\":\"2026-03-06T11:56:24+00:00\",\"description\":\"Rejoignez Hope Day Cameroon en tant que b\u00e9n\u00e9vole pour soutenir des actions \u00e9ducatives, sociales et humanitaires aupr\u00e8s des enfants d\u00e9favoris\u00e9s\",\"breadcrumb\":{\"@id\":\"https:\/\/hope-day.org\/en\/devenir-benevole\/#breadcrumb\"},\"inLanguage\":\"en-GB\",\"potentialAction\":[{\"@type\":\"ReadAction\",\"target\":[\"https:\/\/hope-day.org\/en\/devenir-benevole\/\"]}]},{\"@type\":\"BreadcrumbList\",\"@id\":\"https:\/\/hope-day.org\/en\/devenir-benevole\/#breadcrumb\",\"itemListElement\":[{\"@type\":\"ListItem\",\"position\":1,\"name\":\"Home\",\"item\":\"https:\/\/hope-day.org\/\"},{\"@type\":\"ListItem\",\"position\":2,\"name\":\"Devenir B\u00e9n\u00e9vole\"}]},{\"@type\":\"WebSite\",\"@id\":\"https:\/\/hope-day.org\/#website\",\"url\":\"https:\/\/hope-day.org\/\",\"name\":\"Hope Day Cameroon Organization\",\"description\":\"Association pour la protection et le droit de l&#039;enfant au Caemeroun\",\"publisher\":{\"@id\":\"https:\/\/hope-day.org\/#organization\"},\"potentialAction\":[{\"@type\":\"SearchAction\",\"target\":{\"@type\":\"EntryPoint\",\"urlTemplate\":\"https:\/\/hope-day.org\/?s={search_term_string}\"},\"query-input\":{\"@type\":\"PropertyValueSpecification\",\"valueRequired\":true,\"valueName\":\"search_term_string\"}}],\"inLanguage\":\"en-GB\"},{\"@type\":\"Organization\",\"@id\":\"https:\/\/hope-day.org\/#organization\",\"name\":\"Hope Day Cameroon Organization\",\"url\":\"https:\/\/hope-day.org\/\",\"logo\":{\"@type\":\"ImageObject\",\"inLanguage\":\"en-GB\",\"@id\":\"https:\/\/hope-day.org\/#\/schema\/logo\/image\/\",\"url\":\"https:\/\/hope-day.org\/wp-content\/uploads\/2025\/04\/cropped-cropped-logo-bleu.png\",\"contentUrl\":\"https:\/\/hope-day.org\/wp-content\/uploads\/2025\/04\/cropped-cropped-logo-bleu.png\",\"width\":4007,\"height\":1401,\"caption\":\"Hope Day Cameroon Organization\"},\"image\":{\"@id\":\"https:\/\/hope-day.org\/#\/schema\/logo\/image\/\"}}]}<\/script>\n<!-- \/ Yoast SEO plugin. -->","yoast_head_json":{"title":"Devenir B\u00e9n\u00e9vole - Hope Day Cameroon Organization","description":"Rejoignez Hope Day Cameroon en tant que b\u00e9n\u00e9vole pour soutenir des actions \u00e9ducatives, sociales et humanitaires aupr\u00e8s des enfants d\u00e9favoris\u00e9s","robots":{"index":"index","follow":"follow","max-snippet":"max-snippet:-1","max-image-preview":"max-image-preview:large","max-video-preview":"max-video-preview:-1"},"canonical":"https:\/\/hope-day.org\/en\/devenir-benevole\/","og_locale":"en_GB","og_type":"article","og_title":"Devenir B\u00e9n\u00e9vole - Hope Day Cameroon Organization","og_description":"Rejoignez Hope Day Cameroon en tant que b\u00e9n\u00e9vole pour soutenir des actions \u00e9ducatives, sociales et humanitaires aupr\u00e8s des enfants d\u00e9favoris\u00e9s","og_url":"https:\/\/hope-day.org\/en\/devenir-benevole\/","og_site_name":"Hope Day Cameroon Organization","article_modified_time":"2026-03-06T11:56:24+00:00","twitter_card":"summary_large_image","twitter_misc":{"Estimated reading time":"1 minute"},"schema":{"@context":"https:\/\/schema.org","@graph":[{"@type":"WebPage","@id":"https:\/\/hope-day.org\/en\/devenir-benevole\/","url":"https:\/\/hope-day.org\/en\/devenir-benevole\/","name":"Devenir B\u00e9n\u00e9vole - Hope Day Cameroon Organization","isPartOf":{"@id":"https:\/\/hope-day.org\/#website"},"datePublished":"2026-01-07T22:47:20+00:00","dateModified":"2026-03-06T11:56:24+00:00","description":"Rejoignez Hope Day Cameroon en tant que b\u00e9n\u00e9vole pour soutenir des actions \u00e9ducatives, sociales et humanitaires aupr\u00e8s des enfants d\u00e9favoris\u00e9s","breadcrumb":{"@id":"https:\/\/hope-day.org\/en\/devenir-benevole\/#breadcrumb"},"inLanguage":"en-GB","potentialAction":[{"@type":"ReadAction","target":["https:\/\/hope-day.org\/en\/devenir-benevole\/"]}]},{"@type":"BreadcrumbList","@id":"https:\/\/hope-day.org\/en\/devenir-benevole\/#breadcrumb","itemListElement":[{"@type":"ListItem","position":1,"name":"Home","item":"https:\/\/hope-day.org\/"},{"@type":"ListItem","position":2,"name":"Devenir B\u00e9n\u00e9vole"}]},{"@type":"WebSite","@id":"https:\/\/hope-day.org\/#website","url":"https:\/\/hope-day.org\/","name":"Hope Day Cameroon Organization","description":"Association pour la protection et le droit de l&#039;enfant au Caemeroun","publisher":{"@id":"https:\/\/hope-day.org\/#organization"},"potentialAction":[{"@type":"SearchAction","target":{"@type":"EntryPoint","urlTemplate":"https:\/\/hope-day.org\/?s={search_term_string}"},"query-input":{"@type":"PropertyValueSpecification","valueRequired":true,"valueName":"search_term_string"}}],"inLanguage":"en-GB"},{"@type":"Organization","@id":"https:\/\/hope-day.org\/#organization","name":"Hope Day Cameroon Organization","url":"https:\/\/hope-day.org\/","logo":{"@type":"ImageObject","inLanguage":"en-GB","@id":"https:\/\/hope-day.org\/#\/schema\/logo\/image\/","url":"https:\/\/hope-day.org\/wp-content\/uploads\/2025\/04\/cropped-cropped-logo-bleu.png","contentUrl":"https:\/\/hope-day.org\/wp-content\/uploads\/2025\/04\/cropped-cropped-logo-bleu.png","width":4007,"height":1401,"caption":"Hope Day Cameroon Organization"},"image":{"@id":"https:\/\/hope-day.org\/#\/schema\/logo\/image\/"}}]}},"_links":{"self":[{"href":"https:\/\/hope-day.org\/en\/wp-json\/wp\/v2\/pages\/1439","targetHints":{"allow":["GET"]}}],"collection":[{"href":"https:\/\/hope-day.org\/en\/wp-json\/wp\/v2\/pages"}],"about":[{"href":"https:\/\/hope-day.org\/en\/wp-json\/wp\/v2\/types\/page"}],"author":[{"embeddable":true,"href":"https:\/\/hope-day.org\/en\/wp-json\/wp\/v2\/users\/2"}],"replies":[{"embeddable":true,"href":"https:\/\/hope-day.org\/en\/wp-json\/wp\/v2\/comments?post=1439"}],"version-history":[{"count":40,"href":"https:\/\/hope-day.org\/en\/wp-json\/wp\/v2\/pages\/1439\/revisions"}],"predecessor-version":[{"id":1959,"href":"https:\/\/hope-day.org\/en\/wp-json\/wp\/v2\/pages\/1439\/revisions\/1959"}],"wp:attachment":[{"href":"https:\/\/hope-day.org\/en\/wp-json\/wp\/v2\/media?parent=1439"}],"curies":[{"name":"wp","href":"https:\/\/api.w.org\/{rel}","templated":true}]}}